{"id":115491,"date":"2025-05-09T13:08:51","date_gmt":"2025-05-09T11:08:51","guid":{"rendered":"https:\/\/staging6.peach-pump.com\/products\/colanti-scurti-roz-buzunare-modelatori\/"},"modified":"2025-11-01T16:26:33","modified_gmt":"2025-11-01T14:26:33","slug":"colanti-scurti-roz-buzunare-modelatori","status":"publish","type":"product","link":"https:\/\/staging6.peach-pump.com\/ro\/products\/colanti-scurti-roz-buzunare-modelatori\/","title":{"rendered":"Colan\u021bi scur\u021bi roz cu buzunare \u0219i efect modelator"},"content":{"rendered":"<p>Colan\u021bi scur\u021bi roz cu buzunare \u0219i efect modelator. Acest model de colan\u021bi scur\u021bi este confec\u021bionat din \u021bes\u0103tur\u0103 elastic\u0103 , moale la atingere, cu cus\u0103tur\u0103 elastic\u0103 \u00een spate tip &#8220;invisible scrunch&#8221;, care modeleaz\u0103 perfect corpul, are dou\u0103 buzunare laterale, potrivite pentru telefon sau card de fitness \u0219i ofer\u0103 confort \u00een timpul exerci\u021biilor fizice. Talia este realizat\u0103 din \u021bes\u0103tur\u0103 f\u0103r\u0103 cus\u0103turi , extrem de durabil\u0103, nu re\u021bine umezeala \u00een corp, ridic\u0103, modeleaz\u0103 \u0219i str\u00e2nge. Cureaua larg\u0103 str\u00e2nge u\u0219or talia \u0219i sculpteaz\u0103 silueta. Garantat s\u0103 fie cei mai confortabili colan\u021bi cu care v\u0103 ve\u021bi sim\u021bi confortabil \u00een timpul oric\u0103rui sport. Disponibili \u00een mai multe culori, se asorteaz\u0103 perfect cu o bustier\u0103 \u00een aceea\u0219i culoare sau cu celelalte modele de bluze \u0219i geci.     <\/p>\n<ul>\n<li>Talie \u00eenalt\u0103<\/li>\n<li>Dou\u0103 buzunare laterale<\/li>\n<li>\u021aes\u0103tur\u0103 f\u0103r\u0103 cus\u0103turi<\/li>\n<li>Ridic\u0103, modeleaz\u0103 \u0219i str\u00e2nge<\/li>\n<li>Ascunde zonele cu probleme<\/li>\n<li>Efect Peachy tip &#8220;scrunch invizibil&#8221;<\/li>\n<li>Logo Peach Pump sigilat termic pe partea din spate a colan\u021bilor<\/li>\n<li>Logo-ul Peach Pump sigilat termic pe partea din fa\u021b\u0103 a buzunarului colan\u021bilor<\/li>\n<li>\u021aes\u0103tur\u0103 f\u0103r\u0103 cus\u0103turi care nu re\u021bine umezeala \u00een corp<\/li>\n<\/ul>\n<p>Compozi\u021bie: 92% Nylon; 8% Spandex<\/p>\n<p>Colan\u021bii poate fi sp\u0103la\u021bi la temperaturi de p\u00e2n\u0103 la 30 de grade, v\u0103 rug\u0103m s\u0103 nu folosi\u021bi \u00een\u0103lbitor sau cur\u0103\u021bare uscat\u0103.<\/p>\n<p>Modelul din imagine are o \u00een\u0103l\u021bime de 168 cm \u0219i c\u00e2nt\u0103re\u0219te 51 kg. \u0219i pozeaz\u0103 cu o m\u0103rime S.<\/p>\n<p>V\u0103 rug\u0103m s\u0103 utiliza\u021bi tabelele pentru a selecta dimensiunea exact\u0103.<\/p>\n","protected":false},"excerpt":{"rendered":"<p>Colan\u021bi scur\u021bi roz cu buzunare \u0219i efect modelator. Acest model de colan\u021bi scur\u021bi este confec\u021bionat din \u021bes\u0103tur\u0103 elastic\u0103 , moale la atingere, cu cus\u0103tur\u0103 elastic\u0103 \u00een spate tip &#8220;invisible scrunch&#8221;, care modeleaz\u0103 perfect corpul, are dou\u0103 buzunare laterale, potrivite pentru telefon sau card de fitness \u0219i ofer\u0103 confort \u00een timpul exerci\u021biilor fizice. Talia este realizat\u0103 [&hellip;]<\/p>\n","protected":false},"featured_media":116658,"comment_status":"open","ping_status":"closed","template":"","meta":[],"product_brand":[],"product_cat":[146,189,202],"product_tag":[],"class_list":{"0":"post-115491","1":"product","2":"type-product","3":"status-publish","4":"has-post-thumbnail","6":"product_cat-colanti-de-dama-sport","7":"product_cat-colanti-cu-buzunare","8":"product_cat-colanti-scurti-dama","9":"pa_cviat-roz-ro","10":"pa_razmer-l-ro-2","11":"pa_razmer-m-ro","12":"pa_razmer-s-ro-2","13":"inventories-world","15":"first","16":"instock","17":"taxable","18":"shipping-taxable","19":"purchasable","20":"product-type-variable"},"_links":{"self":[{"href":"https:\/\/staging6.peach-pump.com\/ro\/wp-json\/wp\/v2\/product\/115491","targetHints":{"allow":["GET"]}}],"collection":[{"href":"https:\/\/staging6.peach-pump.com\/ro\/wp-json\/wp\/v2\/product"}],"about":[{"href":"https:\/\/staging6.peach-pump.com\/ro\/wp-json\/wp\/v2\/types\/product"}],"replies":[{"embeddable":true,"href":"https:\/\/staging6.peach-pump.com\/ro\/wp-json\/wp\/v2\/comments?post=115491"}],"version-history":[{"count":0,"href":"https:\/\/staging6.peach-pump.com\/ro\/wp-json\/wp\/v2\/product\/115491\/revisions"}],"wp:featuredmedia":[{"embeddable":true,"href":"https:\/\/staging6.peach-pump.com\/ro\/wp-json\/wp\/v2\/media\/116658"}],"wp:attachment":[{"href":"https:\/\/staging6.peach-pump.com\/ro\/wp-json\/wp\/v2\/media?parent=115491"}],"wp:term":[{"taxonomy":"product_brand","embeddable":true,"href":"https:\/\/staging6.peach-pump.com\/ro\/wp-json\/wp\/v2\/product_brand?post=115491"},{"taxonomy":"product_cat","embeddable":true,"href":"https:\/\/staging6.peach-pump.com\/ro\/wp-json\/wp\/v2\/product_cat?post=115491"},{"taxonomy":"product_tag","embeddable":true,"href":"https:\/\/staging6.peach-pump.com\/ro\/wp-json\/wp\/v2\/product_tag?post=115491"}],"curies":[{"name":"wp","href":"https:\/\/api.w.org\/{rel}","templated":true}]}}