{"id":117464,"date":"2025-05-28T13:49:18","date_gmt":"2025-05-28T11:49:18","guid":{"rendered":"https:\/\/staging6.peach-pump.com\/products\/sapca-albastru-gri-cozoroc-peach-pump\/"},"modified":"2025-11-01T16:19:45","modified_gmt":"2025-11-01T14:19:45","slug":"sapca-albastru-gri-cozoroc-peach-pump","status":"publish","type":"product","link":"https:\/\/staging6.peach-pump.com\/ro\/products\/sapca-albastru-gri-cozoroc-peach-pump\/","title":{"rendered":"\u0218apc\u0103 albastru-gri cu cozoroc Peach Pump"},"content":{"rendered":"<p>Combin\u0103-\u021bi colan\u021bii \u0219i bustierele preferate cu o \u0219apc\u0103 cu cozoroc Peach Pump, albastru cu gri. \u00cen lunile fierbin\u021bi de var\u0103 va fi un accesoriu perfect pentru look-ul t\u0103u , protej\u00e2ndu-\u021bi \u00een acela\u0219i timp fa\u021ba de soarele str\u0103lucitor. \u0218apca are un design tridimensional brodat spectaculos cu logo alb cu margine albastr\u0103 \u0219i \u201ePeach Pump\u201d brodat pe spate. \u0218apca este de m\u0103rime unic\u0103 \u0219i se ajusteaz\u0103 cu o \u00eenchidere metalic\u0103 , iar cozorocul este curbat. Fii elegant\u0103 \u0219i diferit\u0103 cu aceast\u0103 not\u0103 final\u0103 perfect\u0103 pentru \u021binuta ta sportiv\u0103.<\/p>\n","protected":false},"excerpt":{"rendered":"<p>Combin\u0103-\u021bi colan\u021bii \u0219i bustierele preferate cu o \u0219apc\u0103 cu cozoroc Peach Pump, albastru cu gri. \u00cen lunile fierbin\u021bi de var\u0103 va fi un accesoriu perfect pentru look-ul t\u0103u , protej\u00e2ndu-\u021bi \u00een acela\u0219i timp fa\u021ba de soarele str\u0103lucitor. \u0218apca are un design tridimensional brodat spectaculos cu logo alb cu margine albastr\u0103 \u0219i \u201ePeach Pump\u201d brodat pe [&hellip;]<\/p>\n","protected":false},"featured_media":116253,"comment_status":"open","ping_status":"closed","template":"","meta":[],"product_brand":[],"product_cat":[779],"product_tag":[],"class_list":{"0":"post-117464","1":"product","2":"type-product","3":"status-publish","4":"has-post-thumbnail","6":"product_cat-accesorii","7":"pa_cviat-gri","8":"pa_razmer-one-size-ro","9":"inventories-world","11":"first","12":"instock","13":"taxable","14":"shipping-taxable","15":"purchasable","16":"product-type-variable"},"_links":{"self":[{"href":"https:\/\/staging6.peach-pump.com\/ro\/wp-json\/wp\/v2\/product\/117464","targetHints":{"allow":["GET"]}}],"collection":[{"href":"https:\/\/staging6.peach-pump.com\/ro\/wp-json\/wp\/v2\/product"}],"about":[{"href":"https:\/\/staging6.peach-pump.com\/ro\/wp-json\/wp\/v2\/types\/product"}],"replies":[{"embeddable":true,"href":"https:\/\/staging6.peach-pump.com\/ro\/wp-json\/wp\/v2\/comments?post=117464"}],"version-history":[{"count":0,"href":"https:\/\/staging6.peach-pump.com\/ro\/wp-json\/wp\/v2\/product\/117464\/revisions"}],"wp:featuredmedia":[{"embeddable":true,"href":"https:\/\/staging6.peach-pump.com\/ro\/wp-json\/wp\/v2\/media\/116253"}],"wp:attachment":[{"href":"https:\/\/staging6.peach-pump.com\/ro\/wp-json\/wp\/v2\/media?parent=117464"}],"wp:term":[{"taxonomy":"product_brand","embeddable":true,"href":"https:\/\/staging6.peach-pump.com\/ro\/wp-json\/wp\/v2\/product_brand?post=117464"},{"taxonomy":"product_cat","embeddable":true,"href":"https:\/\/staging6.peach-pump.com\/ro\/wp-json\/wp\/v2\/product_cat?post=117464"},{"taxonomy":"product_tag","embeddable":true,"href":"https:\/\/staging6.peach-pump.com\/ro\/wp-json\/wp\/v2\/product_tag?post=117464"}],"curies":[{"name":"wp","href":"https:\/\/api.w.org\/{rel}","templated":true}]}}