{"id":117467,"date":"2025-05-28T14:29:45","date_gmt":"2025-05-28T12:29:45","guid":{"rendered":"https:\/\/staging6.peach-pump.com\/products\/sapca-neagrp-cozoroc-logo-brodat-peach-pump\/"},"modified":"2025-11-09T08:54:29","modified_gmt":"2025-11-09T06:54:29","slug":"sapca-neagrp-cozoroc-logo-brodat-peach-pump","status":"publish","type":"product","link":"https:\/\/staging6.peach-pump.com\/ro\/products\/sapca-neagrp-cozoroc-logo-brodat-peach-pump\/","title":{"rendered":"\u0218apc\u0103 neagr\u0103 cu cozoroc \u0219i logo negru Peach Pump"},"content":{"rendered":"<p>Asorteaz\u0103-\u021bi colan\u021bii \u0219i bustierele preferate cu o \u0219apc\u0103 neagr\u0103 cu cozoroc cu logo Peach Pump. \u00cen lunile fierbin\u021bi de var\u0103 va fi un accesoriu perfect pentru look-ul t\u0103u , protej\u00e2ndu-\u021bi \u00een acela\u0219i timp fa\u021ba de soarele str\u0103lucitor. \u0218apca are un design tridimensional brodat spectaculos cu un logo negru cu o margine neagr\u0103 \u0219i o inscrip\u021bie neagr\u0103 motiva\u021bional\u0103: \u201eBlack is my happy colour\u201d. \u0218apca este reglabil\u0103 cu o \u00eenchidere metalic\u0103 , iar cozorocul este curbat. Fii elegant\u0103 \u0219i diferit\u0103 cu aceast\u0103 not\u0103 final\u0103 perfect\u0103 pentru \u021binuta ta sportiv\u0103.<\/p>\n","protected":false},"excerpt":{"rendered":"<p>Asorteaz\u0103-\u021bi colan\u021bii \u0219i bustierele preferate cu o \u0219apc\u0103 neagr\u0103 cu cozoroc cu logo Peach Pump. \u00cen lunile fierbin\u021bi de var\u0103 va fi un accesoriu perfect pentru look-ul t\u0103u , protej\u00e2ndu-\u021bi \u00een acela\u0219i timp fa\u021ba de soarele str\u0103lucitor. \u0218apca are un design tridimensional brodat spectaculos cu un logo negru cu o margine neagr\u0103 \u0219i o inscrip\u021bie [&hellip;]<\/p>\n","protected":false},"featured_media":116294,"comment_status":"open","ping_status":"closed","template":"","meta":[],"product_brand":[],"product_cat":[779],"product_tag":[],"class_list":{"0":"post-117467","1":"product","2":"type-product","3":"status-publish","4":"has-post-thumbnail","6":"product_cat-accesorii","7":"pa_cviat-negru","8":"pa_razmer-one-size-ro","9":"inventories-world","11":"first","12":"instock","13":"taxable","14":"shipping-taxable","15":"purchasable","16":"product-type-variable"},"_links":{"self":[{"href":"https:\/\/staging6.peach-pump.com\/ro\/wp-json\/wp\/v2\/product\/117467","targetHints":{"allow":["GET"]}}],"collection":[{"href":"https:\/\/staging6.peach-pump.com\/ro\/wp-json\/wp\/v2\/product"}],"about":[{"href":"https:\/\/staging6.peach-pump.com\/ro\/wp-json\/wp\/v2\/types\/product"}],"replies":[{"embeddable":true,"href":"https:\/\/staging6.peach-pump.com\/ro\/wp-json\/wp\/v2\/comments?post=117467"}],"version-history":[{"count":0,"href":"https:\/\/staging6.peach-pump.com\/ro\/wp-json\/wp\/v2\/product\/117467\/revisions"}],"wp:featuredmedia":[{"embeddable":true,"href":"https:\/\/staging6.peach-pump.com\/ro\/wp-json\/wp\/v2\/media\/116294"}],"wp:attachment":[{"href":"https:\/\/staging6.peach-pump.com\/ro\/wp-json\/wp\/v2\/media?parent=117467"}],"wp:term":[{"taxonomy":"product_brand","embeddable":true,"href":"https:\/\/staging6.peach-pump.com\/ro\/wp-json\/wp\/v2\/product_brand?post=117467"},{"taxonomy":"product_cat","embeddable":true,"href":"https:\/\/staging6.peach-pump.com\/ro\/wp-json\/wp\/v2\/product_cat?post=117467"},{"taxonomy":"product_tag","embeddable":true,"href":"https:\/\/staging6.peach-pump.com\/ro\/wp-json\/wp\/v2\/product_tag?post=117467"}],"curies":[{"name":"wp","href":"https:\/\/api.w.org\/{rel}","templated":true}]}}