{"id":117508,"date":"2025-05-28T15:11:13","date_gmt":"2025-05-28T13:11:13","guid":{"rendered":"https:\/\/staging6.peach-pump.com\/products\/colanti-scurti-negri-talie-medie-modelatori\/"},"modified":"2025-11-05T14:37:36","modified_gmt":"2025-11-05T12:37:36","slug":"colanti-scurti-negri-talie-medie-modelatori","status":"publish","type":"product","link":"https:\/\/staging6.peach-pump.com\/ro\/products\/colanti-scurti-negri-talie-medie-modelatori\/","title":{"rendered":"Colan\u021bi scur\u021bi negri cu talie medie \u0219i efect modelator"},"content":{"rendered":"<p>Colan\u021bi scur\u021bi sport \u00een negru cu talie medie \u0219i efect modelator, crea\u021bi din \u021bes\u0103tur\u0103 f\u0103r\u0103 cus\u0103turi, elastic\u0103 \u0219i moale la atingere. Acest model modeleaz\u0103 perfect corpul, are o centur\u0103 rips cu talie medie care se str\u00e2nge u\u0219or. Materialul colan\u021bilor ascunde zonele cu probleme, evacueaz\u0103 umezeala de pe corp pentru o siluet\u0103 frumoas\u0103 \u0219i gra\u021bioas\u0103.   Cu acest model v\u0103 ve\u021bi sim\u021bi confortabil \u0219i \u00eencrez\u0103toare. Pute\u021bi asorta colan\u021bii cu o bustier\u0103 sau o bluz\u0103 sport de brand.<\/p>\n<ul>\n<li>Talie medie<\/li>\n<li>\u021aes\u0103tur\u0103 f\u0103r\u0103 cus\u0103turi<\/li>\n<li>Efect de ridicare, modelare, ascunde zonele cu probleme<\/li>\n<li>Centur\u0103 rips care str\u00e2nge talia<\/li>\n<li>Efect Peachy<\/li>\n<li>Inscrip\u021bie &#8220;Peach Pump&#8221; sigilat\u0103 termic pe partea din fa\u021b\u0103.<\/li>\n<li>F\u0103r\u0103 cus\u0103tur\u0103 \u00een fa\u021b\u0103<\/li>\n<li>Logo Peach Pump sigilat termic pe partea din spate a colan\u021bilor<\/li>\n<li>\u021aes\u0103tur\u0103 pentru a \u00eendep\u0103rta umezeala de pe corp<\/li>\n<\/ul>\n<p>Compozi\u021bie: 80% poliester 20% spandex<\/p>\n<p>Colan\u021bii pot fi sp\u0103la\u021bi la o temperatur\u0103 de p\u00e2n\u0103 la 30 de grade, v\u0103 rug\u0103m s\u0103 nu folosi\u021bi \u00een\u0103lbitor sau cur\u0103\u021bare uscat\u0103.<\/p>\n<p>Modelul din fotografie are 178 cm \u00een\u0103l\u021bime, c\u00e2nt\u0103re\u0219te 55 kg \u0219i pozeaz\u0103 \u00een m\u0103rimea S.<\/p>\n<p>V\u0103 rug\u0103m s\u0103 utiliza\u021bi tabelele pentru a selecta dimensiunea exact\u0103.<\/p>\n","protected":false},"excerpt":{"rendered":"<p>Colan\u021bi scur\u021bi sport \u00een negru cu talie medie \u0219i efect modelator, crea\u021bi din \u021bes\u0103tur\u0103 f\u0103r\u0103 cus\u0103turi, elastic\u0103 \u0219i moale la atingere. Acest model modeleaz\u0103 perfect corpul, are o centur\u0103 rips cu talie medie care se str\u00e2nge u\u0219or. Materialul colan\u021bilor ascunde zonele cu probleme, evacueaz\u0103 umezeala de pe corp pentru o siluet\u0103 frumoas\u0103 \u0219i gra\u021bioas\u0103. Cu [&hellip;]<\/p>\n","protected":false},"featured_media":116547,"comment_status":"open","ping_status":"closed","template":"","meta":[],"product_brand":[],"product_cat":[146,202],"product_tag":[],"class_list":{"0":"post-117508","1":"product","2":"type-product","3":"status-publish","4":"has-post-thumbnail","6":"product_cat-colanti-de-dama-sport","7":"product_cat-colanti-scurti-dama","8":"pa_cviat-negru","9":"pa_razmer-l-ro-2","10":"pa_razmer-m-ro","11":"pa_razmer-s-ro-2","12":"pa_razmer-xs-ro","13":"inventories-world","15":"first","16":"instock","17":"taxable","18":"shipping-taxable","19":"purchasable","20":"product-type-variable"},"_links":{"self":[{"href":"https:\/\/staging6.peach-pump.com\/ro\/wp-json\/wp\/v2\/product\/117508","targetHints":{"allow":["GET"]}}],"collection":[{"href":"https:\/\/staging6.peach-pump.com\/ro\/wp-json\/wp\/v2\/product"}],"about":[{"href":"https:\/\/staging6.peach-pump.com\/ro\/wp-json\/wp\/v2\/types\/product"}],"replies":[{"embeddable":true,"href":"https:\/\/staging6.peach-pump.com\/ro\/wp-json\/wp\/v2\/comments?post=117508"}],"version-history":[{"count":0,"href":"https:\/\/staging6.peach-pump.com\/ro\/wp-json\/wp\/v2\/product\/117508\/revisions"}],"wp:featuredmedia":[{"embeddable":true,"href":"https:\/\/staging6.peach-pump.com\/ro\/wp-json\/wp\/v2\/media\/116547"}],"wp:attachment":[{"href":"https:\/\/staging6.peach-pump.com\/ro\/wp-json\/wp\/v2\/media?parent=117508"}],"wp:term":[{"taxonomy":"product_brand","embeddable":true,"href":"https:\/\/staging6.peach-pump.com\/ro\/wp-json\/wp\/v2\/product_brand?post=117508"},{"taxonomy":"product_cat","embeddable":true,"href":"https:\/\/staging6.peach-pump.com\/ro\/wp-json\/wp\/v2\/product_cat?post=117508"},{"taxonomy":"product_tag","embeddable":true,"href":"https:\/\/staging6.peach-pump.com\/ro\/wp-json\/wp\/v2\/product_tag?post=117508"}],"curies":[{"name":"wp","href":"https:\/\/api.w.org\/{rel}","templated":true}]}}