{"id":117514,"date":"2025-05-29T11:13:17","date_gmt":"2025-05-29T09:13:17","guid":{"rendered":"https:\/\/staging6.peach-pump.com\/products\/bluza-sport-scurta-verde-mulata-captuseala\/"},"modified":"2025-11-01T16:13:55","modified_gmt":"2025-11-01T14:13:55","slug":"bluza-sport-scurta-verde-mulata-captuseala","status":"publish","type":"product","link":"https:\/\/staging6.peach-pump.com\/ro\/products\/bluza-sport-scurta-verde-mulata-captuseala\/","title":{"rendered":"Bluz\u0103 sport verde mulat\u0103 scurt\u0103 \u0219i cu c\u0103ptu\u0219eal\u0103"},"content":{"rendered":"<p>Bluz\u0103 mulat\u0103 scurt\u0103 de culoare verde Matcha, cu c\u0103ptu\u0219eal\u0103. Se potrive\u0219te perfect, iar croiala sa o face o pies\u0103 indispensabil\u0103 at\u00e2t \u00een \u021binutele tale sportive, c\u00e2t \u0219i \u00een cele casual. Potrivit\u0103 pentru sal\u0103, alergare, exerci\u021bii aerobice sau o plimbare \u00een parc, are un elastic ascuns \u00een partea de jos, c\u0103ptu\u0219eal\u0103 care poate fi \u00eendep\u0103rtat\u0103 \u0219i o \u021bes\u0103tur\u0103 care nu re\u021bine umezeala \u00een corp. Tricoul are un logo \u201ePeach Pump\u201d termosigilat pe um\u0103r, care este minimalist \u0219i se eviden\u021biaz\u0103 subtil. Ve\u021bi iubi acest model \u0219i modul \u00een care se a\u0219eaz\u0103 pe corpul dvs. Se potrive\u0219te perfect cu to\u021bi colan\u021bii no\u0219trii scur\u021bi \u0219i lungi.     <\/p>\n<p>C\u0103ptu\u0219eal\u0103 deta\u0219abil\u0103<br \/>\nElastic ascuns \u00een partea de jos<br \/>\nSe potrive\u0219te perfect corpului<br \/>\nLogo-ul \u201ePeach Pump\u201d sigilat termic pe um\u0103r<br \/>\n\u021aes\u0103tur\u0103 care nu absoarbe umezeala<\/p>\n<p>Compozi\u021bie: spandex \u0219i poliester<\/p>\n<p>Bluza poate fi sp\u0103lat\u0103 p\u00e2n\u0103 la 30 de grade, v\u0103 rug\u0103m s\u0103 nu folosi\u021bi \u00een\u0103lbitor, usc\u0103tor de rufe sau cur\u0103\u021bare uscat\u0103.<\/p>\n<p>Modelul din imagine are 178 cm \u00een\u0103l\u021bime, c\u00e2nt\u0103re\u0219te 55 kg, 90 cm circumferin\u021b\u0103 bust \u0219i pozeaz\u0103 \u00een m\u0103rimea M.<\/p>\n<p>V\u0103 rug\u0103m s\u0103 utiliza\u021bi tabelele pentru a selecta dimensiunea exact\u0103.<\/p>\n","protected":false},"excerpt":{"rendered":"<p>Bluz\u0103 mulat\u0103 scurt\u0103 de culoare verde Matcha, cu c\u0103ptu\u0219eal\u0103. Se potrive\u0219te perfect, iar croiala sa o face o pies\u0103 indispensabil\u0103 at\u00e2t \u00een \u021binutele tale sportive, c\u00e2t \u0219i \u00een cele casual. Potrivit\u0103 pentru sal\u0103, alergare, exerci\u021bii aerobice sau o plimbare \u00een parc, are un elastic ascuns \u00een partea de jos, c\u0103ptu\u0219eal\u0103 care poate fi \u00eendep\u0103rtat\u0103 \u0219i [&hellip;]<\/p>\n","protected":false},"featured_media":116797,"comment_status":"open","ping_status":"closed","template":"","meta":[],"product_brand":[],"product_cat":[365],"product_tag":[],"class_list":{"0":"post-117514","1":"product","2":"type-product","3":"status-publish","4":"has-post-thumbnail","6":"product_cat-tricouri-sport-femei","7":"pa_cviat-verde","8":"pa_razmer-l-ro-2","9":"pa_razmer-m-ro","10":"pa_razmer-s-ro-2","11":"inventories-world","13":"first","14":"instock","15":"sale","16":"taxable","17":"shipping-taxable","18":"purchasable","19":"product-type-variable"},"_links":{"self":[{"href":"https:\/\/staging6.peach-pump.com\/ro\/wp-json\/wp\/v2\/product\/117514","targetHints":{"allow":["GET"]}}],"collection":[{"href":"https:\/\/staging6.peach-pump.com\/ro\/wp-json\/wp\/v2\/product"}],"about":[{"href":"https:\/\/staging6.peach-pump.com\/ro\/wp-json\/wp\/v2\/types\/product"}],"replies":[{"embeddable":true,"href":"https:\/\/staging6.peach-pump.com\/ro\/wp-json\/wp\/v2\/comments?post=117514"}],"version-history":[{"count":0,"href":"https:\/\/staging6.peach-pump.com\/ro\/wp-json\/wp\/v2\/product\/117514\/revisions"}],"wp:featuredmedia":[{"embeddable":true,"href":"https:\/\/staging6.peach-pump.com\/ro\/wp-json\/wp\/v2\/media\/116797"}],"wp:attachment":[{"href":"https:\/\/staging6.peach-pump.com\/ro\/wp-json\/wp\/v2\/media?parent=117514"}],"wp:term":[{"taxonomy":"product_brand","embeddable":true,"href":"https:\/\/staging6.peach-pump.com\/ro\/wp-json\/wp\/v2\/product_brand?post=117514"},{"taxonomy":"product_cat","embeddable":true,"href":"https:\/\/staging6.peach-pump.com\/ro\/wp-json\/wp\/v2\/product_cat?post=117514"},{"taxonomy":"product_tag","embeddable":true,"href":"https:\/\/staging6.peach-pump.com\/ro\/wp-json\/wp\/v2\/product_tag?post=117514"}],"curies":[{"name":"wp","href":"https:\/\/api.w.org\/{rel}","templated":true}]}}