{"id":119035,"date":"2025-06-11T10:01:36","date_gmt":"2025-06-11T08:01:36","guid":{"rendered":"https:\/\/staging6.peach-pump.com\/products\/salopeta-sport-bej-fara-cusaturi-bretele-reglabile\/"},"modified":"2025-11-07T12:06:51","modified_gmt":"2025-11-07T10:06:51","slug":"salopeta-sport-bej-fara-cusaturi-bretele-reglabile","status":"publish","type":"product","link":"https:\/\/staging6.peach-pump.com\/ro\/products\/salopeta-sport-bej-fara-cusaturi-bretele-reglabile\/","title":{"rendered":"Salopet\u0103 sport bej f\u0103r\u0103 cus\u0103turi cu bretele reglabile"},"content":{"rendered":"<p>Salopet\u0103 sport bej din \u021bes\u0103tur\u0103 f\u0103r\u0103 cus\u0103turi, elastic\u0103, care se potrive\u0219te perfect corpului. Modelul are bretele reglabile \u00een spate, o talie mai \u00eenalt\u0103, \u00een spate , care ofer\u0103 confort \u00een timpul exerci\u021biilor fizice. Are c\u0103ptu\u0219eal\u0103 cu efect Push Up care fixeaz\u0103 bustul \u0219i st\u0103 frumos f\u0103r\u0103 sutien. Talia salopetei e din material rips, care o str\u00e2nge \u0219i o sculpteaz\u0103 , are o inscrip\u021bie Peach Pump \u021besut\u0103. Partea de jos a salopetei are un efect Peachy \u0219i modeleaz\u0103 perfect. Este disponibil\u0103 \u00een mai multe culori , moderne pentru acest sezon.     <\/p>\n<ul>\n<li>\u021aes\u0103tur\u0103 f\u0103r\u0103 cus\u0103turi<\/li>\n<li>Logo Peach Pump \u021besut pe talie<\/li>\n<li>Bretele reglabile<\/li>\n<li>C\u0103ptu\u0219eal\u0103 cu efect Push-Up<\/li>\n<li>Talie rips, str\u00e2nge \u0219i modeleaz\u0103<\/li>\n<li>Efect Peachy<\/li>\n<li>Logo-ul Peach Pump sigilat termic pe partea lateral\u0103 \u0219i pe partea din spate a salopetei<\/li>\n<\/ul>\n<p>Compozi\u021bie: 80% poliester 20% spandex.<\/p>\n<p>Modelul din imagine are 164 cm \u00een\u0103l\u021bime, c\u00e2nt\u0103re\u0219te 52 kg \u0219i pozeaz\u0103 \u00een m\u0103rimea S.<\/p>\n<p>Salopeta poate fi sp\u0103lat\u0103 la o temperatur\u0103 de p\u00e2n\u0103 la 30 de grade, v\u0103 rug\u0103m s\u0103 nu o sp\u0103la\u021bi cu \u00een\u0103lbitor sau uscat.<\/p>\n<p>V\u0103 rug\u0103m s\u0103 utiliza\u021bi tabelele pentru a selecta dimensiunea exact\u0103.<\/p>\n<p>&nbsp;<\/p>\n","protected":false},"excerpt":{"rendered":"<p>Salopet\u0103 sport bej din \u021bes\u0103tur\u0103 f\u0103r\u0103 cus\u0103turi, elastic\u0103, care se potrive\u0219te perfect corpului. Modelul are bretele reglabile \u00een spate, o talie mai \u00eenalt\u0103, \u00een spate , care ofer\u0103 confort \u00een timpul exerci\u021biilor fizice. Are c\u0103ptu\u0219eal\u0103 cu efect Push Up care fixeaz\u0103 bustul \u0219i st\u0103 frumos f\u0103r\u0103 sutien. Talia salopetei e din material rips, care o [&hellip;]<\/p>\n","protected":false},"featured_media":117965,"comment_status":"open","ping_status":"closed","template":"","meta":[],"product_brand":[],"product_cat":[1124,369],"product_tag":[],"class_list":{"0":"post-119035","1":"product","2":"type-product","3":"status-publish","4":"has-post-thumbnail","6":"product_cat-salopete-sport-dama","7":"product_cat-seturi-sport-cu-colanti","8":"pa_cviat-bej","9":"pa_razmer-m-ro","10":"pa_razmer-s-ro-2","11":"inventories-world","13":"first","14":"instock","15":"taxable","16":"shipping-taxable","17":"purchasable","18":"product-type-variable"},"_links":{"self":[{"href":"https:\/\/staging6.peach-pump.com\/en\/wp-json\/wp\/v2\/product\/119035","targetHints":{"allow":["GET"]}}],"collection":[{"href":"https:\/\/staging6.peach-pump.com\/en\/wp-json\/wp\/v2\/product"}],"about":[{"href":"https:\/\/staging6.peach-pump.com\/en\/wp-json\/wp\/v2\/types\/product"}],"replies":[{"embeddable":true,"href":"https:\/\/staging6.peach-pump.com\/en\/wp-json\/wp\/v2\/comments?post=119035"}],"version-history":[{"count":0,"href":"https:\/\/staging6.peach-pump.com\/en\/wp-json\/wp\/v2\/product\/119035\/revisions"}],"wp:featuredmedia":[{"embeddable":true,"href":"https:\/\/staging6.peach-pump.com\/en\/wp-json\/wp\/v2\/media\/117965"}],"wp:attachment":[{"href":"https:\/\/staging6.peach-pump.com\/en\/wp-json\/wp\/v2\/media?parent=119035"}],"wp:term":[{"taxonomy":"product_brand","embeddable":true,"href":"https:\/\/staging6.peach-pump.com\/en\/wp-json\/wp\/v2\/product_brand?post=119035"},{"taxonomy":"product_cat","embeddable":true,"href":"https:\/\/staging6.peach-pump.com\/en\/wp-json\/wp\/v2\/product_cat?post=119035"},{"taxonomy":"product_tag","embeddable":true,"href":"https:\/\/staging6.peach-pump.com\/en\/wp-json\/wp\/v2\/product_tag?post=119035"}],"curies":[{"name":"wp","href":"https:\/\/api.w.org\/{rel}","templated":true}]}}