{"id":120962,"date":"2025-06-18T18:23:32","date_gmt":"2025-06-18T16:23:32","guid":{"rendered":"https:\/\/staging6.peach-pump.com\/products\/colanti-albastru-deschis-charleston-sport-talie-v\/"},"modified":"2025-11-01T15:48:07","modified_gmt":"2025-11-01T13:48:07","slug":"colanti-albastru-deschis-charleston-sport-talie-v","status":"publish","type":"product","link":"https:\/\/staging6.peach-pump.com\/ro\/products\/colanti-albastru-deschis-charleston-sport-talie-v\/","title":{"rendered":"Colan\u021bi sport albastru deschis charleston cu talie V"},"content":{"rendered":"<p>Colan\u021bi sport charleston albastru deschis cu talie \u00een V , f\u0103r\u0103 efect de modelare. Modelul nu are cus\u0103tur\u0103 \u00een fa\u021b\u0103, preferat\u0103 de majoritatea doamnelor \u0219i are o cus\u0103tur\u0103 \u00eent\u0103rit\u0103 \u00een partea din spate. \u021aes\u0103tur\u0103 elastic\u0103 care modeleaz\u0103 corpul \u0219i o talie larg\u0103 \u00een V care accentueaz\u0103 \u0219i sculpteaz\u0103 talia. Au un logo 3D pe partea din st\u00e2nga fa\u021b\u0103 \u0219i pe partea din spate. Cus\u0103turile de la colan\u021bi sunt plate \u0219i nu provoac\u0103 irita\u021bii. Potrivi\u021bi pentru antrenament de for\u021b\u0103 sau aerobic, nu re\u021bine umezeala \u00een corp. Cracii largi sunt noul hit \u00een \u00eembr\u0103c\u0103mintea sportiv\u0103.      <\/p>\n<ul>\n<li>\u021aes\u0103tur\u0103 elastic\u0103<\/li>\n<li>Crac larg<\/li>\n<li>Cus\u0103turi plate<\/li>\n<li>F\u0103r\u0103 cus\u0103tur\u0103 \u00een fa\u021b\u0103<\/li>\n<li>Cus\u0103tur\u0103 \u00eent\u0103rit\u0103 la partea din spate a colan\u021bilor<\/li>\n<li>Centur\u0103 lat\u0103 \u00een V care sculpteaz\u0103 talia<\/li>\n<li>Logo 3D \u201ePeach Pump\u201d pe partea din spate \u0219i \u00een partea din st\u00e2nga fa\u021b\u0103 a colan\u021bilor<\/li>\n<li>\u021aes\u0103tur\u0103 care nu re\u021bine umezeala \u00een corp<\/li>\n<\/ul>\n<p>Compozi\u021bie: spandex \u0219i poliester<\/p>\n<p>Colan\u021bii pot fi sp\u0103la\u021bi la o temperatur\u0103 de p\u00e2n\u0103 la 30 de grade, v\u0103 rug\u0103m s\u0103 nu \u00een\u0103lbi\u021bi, s\u0103 nu folosi\u021bi usc\u0103tor sau cur\u0103\u021bare chimic\u0103<\/p>\n<p>Modelul din fotografie are o \u00een\u0103l\u021bime de 166 cm, c\u00e2nt\u0103re\u0219te 52 kg \u0219i pozeaz\u0103 \u00een m\u0103rimea S.<\/p>\n<p>V\u0103 rug\u0103m s\u0103 utiliza\u021bi tabelele pentru a selecta dimensiunea exact\u0103.<\/p>\n","protected":false},"excerpt":{"rendered":"<p>Colan\u021bi sport charleston albastru deschis cu talie \u00een V , f\u0103r\u0103 efect de modelare. Modelul nu are cus\u0103tur\u0103 \u00een fa\u021b\u0103, preferat\u0103 de majoritatea doamnelor \u0219i are o cus\u0103tur\u0103 \u00eent\u0103rit\u0103 \u00een partea din spate. \u021aes\u0103tur\u0103 elastic\u0103 care modeleaz\u0103 corpul \u0219i o talie larg\u0103 \u00een V care accentueaz\u0103 \u0219i sculpteaz\u0103 talia. Au un logo 3D pe partea [&hellip;]<\/p>\n","protected":false},"featured_media":119986,"comment_status":"open","ping_status":"closed","template":"","meta":[],"product_brand":[],"product_cat":[146,310],"product_tag":[],"class_list":{"0":"post-120962","1":"product","2":"type-product","3":"status-publish","4":"has-post-thumbnail","6":"product_cat-colanti-de-dama-sport","7":"product_cat-colanti-pentru-femei-lungi","8":"pa_cviat-albastru-deschis","9":"pa_razmer-l-ro-2","10":"pa_razmer-m-ro","11":"pa_razmer-s-ro-2","12":"inventories-world","14":"first","15":"instock","16":"taxable","17":"shipping-taxable","18":"purchasable","19":"product-type-variable"},"_links":{"self":[{"href":"https:\/\/staging6.peach-pump.com\/en\/wp-json\/wp\/v2\/product\/120962","targetHints":{"allow":["GET"]}}],"collection":[{"href":"https:\/\/staging6.peach-pump.com\/en\/wp-json\/wp\/v2\/product"}],"about":[{"href":"https:\/\/staging6.peach-pump.com\/en\/wp-json\/wp\/v2\/types\/product"}],"replies":[{"embeddable":true,"href":"https:\/\/staging6.peach-pump.com\/en\/wp-json\/wp\/v2\/comments?post=120962"}],"version-history":[{"count":0,"href":"https:\/\/staging6.peach-pump.com\/en\/wp-json\/wp\/v2\/product\/120962\/revisions"}],"wp:featuredmedia":[{"embeddable":true,"href":"https:\/\/staging6.peach-pump.com\/en\/wp-json\/wp\/v2\/media\/119986"}],"wp:attachment":[{"href":"https:\/\/staging6.peach-pump.com\/en\/wp-json\/wp\/v2\/media?parent=120962"}],"wp:term":[{"taxonomy":"product_brand","embeddable":true,"href":"https:\/\/staging6.peach-pump.com\/en\/wp-json\/wp\/v2\/product_brand?post=120962"},{"taxonomy":"product_cat","embeddable":true,"href":"https:\/\/staging6.peach-pump.com\/en\/wp-json\/wp\/v2\/product_cat?post=120962"},{"taxonomy":"product_tag","embeddable":true,"href":"https:\/\/staging6.peach-pump.com\/en\/wp-json\/wp\/v2\/product_tag?post=120962"}],"curies":[{"name":"wp","href":"https:\/\/api.w.org\/{rel}","templated":true}]}}