{"id":122197,"date":"2025-06-24T11:15:13","date_gmt":"2025-06-24T09:15:13","guid":{"rendered":"https:\/\/staging6.peach-pump.com\/products\/sosete-sport-albe-margine-creata-albastra\/"},"modified":"2025-11-01T15:42:57","modified_gmt":"2025-11-01T13:42:57","slug":"sosete-sport-albe-margine-creata-albastra","status":"publish","type":"product","link":"https:\/\/staging6.peach-pump.com\/ro\/products\/sosete-sport-albe-margine-creata-albastra\/","title":{"rendered":"\u0218osete sport albe Peach Pump cu margine crea\u021b\u0103 albastr\u0103"},"content":{"rendered":"<p>\u0218osete sport albe cu margine brodat\u0103 crea\u021b\u0103 albastr\u0103 \u0219i broderie Peach Pump albastr\u0103. Au talpa \u00eent\u0103rit\u0103 \u0219i ofer\u0103 durabilitate, stabilitate \u0219i amortizare atunci c\u00e2nd v\u0103 mi\u0219ca\u021bi. Potrivit pentru orice sport yoga, pilates, sal\u0103 de gimnastic\u0103 , alergare sau o plimbare \u00een parc. \u0218osetele sunt din bumbac \u0219i moi, evacueaz\u0103 umezeala. Un detaliu final excelent pentru look-ul t\u0103u sportiv.    <\/p>\n<ul>\n<li>Material moale<\/li>\n<li>Margine brodat\u0103 crea\u021b\u0103<\/li>\n<li>De \u00eenalt\u0103 calitate<\/li>\n<li>Elasticitate<\/li>\n<li>80% bumbac<\/li>\n<li>Logo-ul Peach Pump brodat<\/li>\n<li>Talp\u0103 \u00eent\u0103rit\u0103 pentru durabilitate<\/li>\n<\/ul>\n<p>Compozi\u021bie: 80% Bumbac, 17% Poliester, 3% Spandex<\/p>\n<p>Pot fi sp\u0103late la 40 \u00b0C f\u0103r\u0103 cur\u0103\u021bare uscat\u0103, uscare la temperatur\u0103 sc\u0103zut\u0103.<\/p>\n<p>\u0218osetele nu pot fi returnate sau schimbate!<\/p>\n","protected":false},"excerpt":{"rendered":"<p>\u0218osete sport albe cu margine brodat\u0103 crea\u021b\u0103 albastr\u0103 \u0219i broderie Peach Pump albastr\u0103. Au talpa \u00eent\u0103rit\u0103 \u0219i ofer\u0103 durabilitate, stabilitate \u0219i amortizare atunci c\u00e2nd v\u0103 mi\u0219ca\u021bi. Potrivit pentru orice sport yoga, pilates, sal\u0103 de gimnastic\u0103 , alergare sau o plimbare \u00een parc. \u0218osetele sunt din bumbac \u0219i moi, evacueaz\u0103 umezeala. Un detaliu final excelent pentru [&hellip;]<\/p>\n","protected":false},"featured_media":121381,"comment_status":"open","ping_status":"closed","template":"","meta":[],"product_brand":[],"product_cat":[779],"product_tag":[],"class_list":{"0":"post-122197","1":"product","2":"type-product","3":"status-publish","4":"has-post-thumbnail","6":"product_cat-accesorii","7":"pa_cviat-albastru","8":"pa_razmer-one-size-ro","9":"inventories-world","11":"first","12":"instock","13":"taxable","14":"shipping-taxable","15":"purchasable","16":"product-type-variable"},"_links":{"self":[{"href":"https:\/\/staging6.peach-pump.com\/en\/wp-json\/wp\/v2\/product\/122197","targetHints":{"allow":["GET"]}}],"collection":[{"href":"https:\/\/staging6.peach-pump.com\/en\/wp-json\/wp\/v2\/product"}],"about":[{"href":"https:\/\/staging6.peach-pump.com\/en\/wp-json\/wp\/v2\/types\/product"}],"replies":[{"embeddable":true,"href":"https:\/\/staging6.peach-pump.com\/en\/wp-json\/wp\/v2\/comments?post=122197"}],"version-history":[{"count":0,"href":"https:\/\/staging6.peach-pump.com\/en\/wp-json\/wp\/v2\/product\/122197\/revisions"}],"wp:featuredmedia":[{"embeddable":true,"href":"https:\/\/staging6.peach-pump.com\/en\/wp-json\/wp\/v2\/media\/121381"}],"wp:attachment":[{"href":"https:\/\/staging6.peach-pump.com\/en\/wp-json\/wp\/v2\/media?parent=122197"}],"wp:term":[{"taxonomy":"product_brand","embeddable":true,"href":"https:\/\/staging6.peach-pump.com\/en\/wp-json\/wp\/v2\/product_brand?post=122197"},{"taxonomy":"product_cat","embeddable":true,"href":"https:\/\/staging6.peach-pump.com\/en\/wp-json\/wp\/v2\/product_cat?post=122197"},{"taxonomy":"product_tag","embeddable":true,"href":"https:\/\/staging6.peach-pump.com\/en\/wp-json\/wp\/v2\/product_tag?post=122197"}],"curies":[{"name":"wp","href":"https:\/\/api.w.org\/{rel}","templated":true}]}}