{"id":123821,"date":"2025-07-04T14:27:35","date_gmt":"2025-07-04T12:27:35","guid":{"rendered":"https:\/\/staging6.peach-pump.com\/?post_type=product&p=123821"},"modified":"2025-11-10T18:56:29","modified_gmt":"2025-11-10T16:56:29","slug":"bustiera-roz-bretele-incrucisate-spate","status":"publish","type":"product","link":"https:\/\/staging6.peach-pump.com\/ro\/products\/bustiera-roz-bretele-incrucisate-spate\/","title":{"rendered":"Bustier\u0103 roz cu bretele \u00eencruci\u0219ate pe spate"},"content":{"rendered":"<p>Bustier\u0103 roz cu bretele \u00eencruci\u0219ate \u00een alb \u0219i roz. Modelul bustierei este cropped \u0219i are c\u0103ptu\u0219eal\u0103 super Push-up care poate fi \u00eendep\u0103rtat\u0103. \u021aes\u0103tura este extrem de moale \u0219i elastic\u0103, nu re\u021bine umezeala \u00een corp, este potrivit\u0103 pentru alergare, sal\u0103, yoga, tenis sau alte sporturi. Designul modelului este foarte actual pentru var\u0103 disponibil \u00een mai multe culori \u0219i poate fi asociat cu o fust\u0103 scurt\u0103 sau colan\u021bi. Are un logo alb sigilat termic \u00een partea din fa\u021b\u0103 a bustierei.    <\/p>\n<ul>\n<li>Design interesant<\/li>\n<li>Bretele \u00eencruci\u0219ate pe spate<\/li>\n<li>C\u0103ptu\u0219eal\u0103 super Push-up care poate fi \u00eendep\u0103rtat\u0103<\/li>\n<li>Logo-ul &#8220;Peach Pump&#8221; sigilat termic pe partea din fa\u021b\u0103 a bustierei<\/li>\n<li>\u021aes\u0103tur\u0103 care nu re\u021bine umezeala \u00een corp<\/li>\n<\/ul>\n<p>Compozi\u021bie: 70% poliester 30% spandex<\/p>\n<p>Bustiera poate fi sp\u0103lat\u0103 la temperaturi de p\u00e2n\u0103 la 30 de grade, v\u0103 rug\u0103m s\u0103 nu folosi\u021bi \u00een\u0103lbitor sau cur\u0103\u021bare uscat\u0103.<\/p>\n<p>Modelul din imagine are o \u00een\u0103l\u021bime de 179 m, c\u00e2nt\u0103re\u0219te 58 kg \u0219i pozeaz\u0103 \u00een m\u0103rimea M.<\/p>\n<p>V\u0103 rug\u0103m s\u0103 utiliza\u021bi tabelele pentru a selecta dimensiunea exact\u0103.<\/p>\n","protected":false},"excerpt":{"rendered":"<p>Bustier\u0103 roz cu bretele \u00eencruci\u0219ate \u00een alb \u0219i roz. Modelul bustierei este cropped \u0219i are c\u0103ptu\u0219eal\u0103 super Push-up care poate fi \u00eendep\u0103rtat\u0103. \u021aes\u0103tura este extrem de moale \u0219i elastic\u0103, nu re\u021bine umezeala \u00een corp, este potrivit\u0103 pentru alergare, sal\u0103, yoga, tenis sau alte sporturi. Designul modelului este foarte actual pentru var\u0103 disponibil \u00een mai multe [&hellip;]<\/p>\n","protected":false},"featured_media":129101,"comment_status":"open","ping_status":"closed","template":"","meta":[],"product_brand":[],"product_cat":[366],"product_tag":[],"class_list":{"0":"post-123821","1":"product","2":"type-product","3":"status-publish","4":"has-post-thumbnail","6":"product_cat-sutiene-sport-pentru-femei","7":"pa_cviat-roz-ro","8":"pa_razmer-l-ro-2","9":"pa_razmer-m-ro","10":"pa_razmer-s-ro-2","11":"inventories-world","13":"first","14":"instock","15":"taxable","16":"shipping-taxable","17":"purchasable","18":"product-type-variable"},"_links":{"self":[{"href":"https:\/\/staging6.peach-pump.com\/ro\/wp-json\/wp\/v2\/product\/123821","targetHints":{"allow":["GET"]}}],"collection":[{"href":"https:\/\/staging6.peach-pump.com\/ro\/wp-json\/wp\/v2\/product"}],"about":[{"href":"https:\/\/staging6.peach-pump.com\/ro\/wp-json\/wp\/v2\/types\/product"}],"replies":[{"embeddable":true,"href":"https:\/\/staging6.peach-pump.com\/ro\/wp-json\/wp\/v2\/comments?post=123821"}],"version-history":[{"count":0,"href":"https:\/\/staging6.peach-pump.com\/ro\/wp-json\/wp\/v2\/product\/123821\/revisions"}],"wp:featuredmedia":[{"embeddable":true,"href":"https:\/\/staging6.peach-pump.com\/ro\/wp-json\/wp\/v2\/media\/129101"}],"wp:attachment":[{"href":"https:\/\/staging6.peach-pump.com\/ro\/wp-json\/wp\/v2\/media?parent=123821"}],"wp:term":[{"taxonomy":"product_brand","embeddable":true,"href":"https:\/\/staging6.peach-pump.com\/ro\/wp-json\/wp\/v2\/product_brand?post=123821"},{"taxonomy":"product_cat","embeddable":true,"href":"https:\/\/staging6.peach-pump.com\/ro\/wp-json\/wp\/v2\/product_cat?post=123821"},{"taxonomy":"product_tag","embeddable":true,"href":"https:\/\/staging6.peach-pump.com\/ro\/wp-json\/wp\/v2\/product_tag?post=123821"}],"curies":[{"name":"wp","href":"https:\/\/api.w.org\/{rel}","templated":true}]}}