{"id":123833,"date":"2025-07-03T14:43:52","date_gmt":"2025-07-03T12:43:52","guid":{"rendered":"https:\/\/staging6.peach-pump.com\/?post_type=product&#038;p=123833"},"modified":"2025-11-01T15:41:41","modified_gmt":"2025-11-01T13:41:41","slug":"fusta-sport-bej-slit-colanti-buzunare","status":"publish","type":"product","link":"https:\/\/staging6.peach-pump.com\/ro\/products\/fusta-sport-bej-slit-colanti-buzunare\/","title":{"rendered":"Fust\u0103 sport bej cu \u0219li\u021b \u0219i colan\u021bi cu buzunare"},"content":{"rendered":"<p>Fust\u0103 sport bej cu \u0219li\u021b \u0219i colan\u021bi pe dedesubt cu buzunare laterale. Fusta are bordur\u0103 alb\u0103 \u0219i elastic alb care str\u00e2nge talia, are inscrip\u021bia discret\u0103 &#8220;Peach Pump&#8221; pe spate \u0219i un logo termosigilat pe partea din st\u00e2nga fa\u021b\u0103. Modelul are o talie deasupra buricului \u0219i o despic\u0103tur\u0103 care alunge\u0219te picioarele , \u00een timp ce colan\u021bii de sub fust\u0103 ofer\u0103 libertate deplin\u0103 de mi\u0219care \u00een timp ce practica\u021bi sportul preferat. Buzunarele de pe colan\u021bi sunt ad\u00e2nci \u0219i pute\u021bi stoca un telefon f\u0103r\u0103 probleme. Fusta este potrivit\u0103 pentru o plimbare \u00een parc, sal\u0103 de gimnastic\u0103, tenis sau volei. Pute\u021bi asorta modelul cu o bustier\u0103 din colec\u021bia noastr\u0103 \u00een acela\u0219i model.     <\/p>\n<ul>\n<li>Talie \u00eenalt\u0103<\/li>\n<li>Despic\u0103tur\u0103 ad\u00e2nc\u0103<\/li>\n<li>Colan\u021bi pe dedesubt cu buzunare laterale<\/li>\n<li>Inscrip\u021bie discret\u0103 &#8220;Peach Pump&#8221; la partea din spate a elasticului<\/li>\n<li>Logo-ul &#8220;Peach Pump&#8221; sigilat termic pe partea din fa\u021b\u0103 a fustei<\/li>\n<li>\u021aes\u0103tur\u0103 care nu re\u021bine umezeala \u00een corp<\/li>\n<\/ul>\n<p>Compozi\u021bie : 70% Nylon 30% Spandex<\/p>\n<p>Fusta poate fi sp\u0103lat\u0103 p\u00e2n\u0103 la 30 de grade, v\u0103 rug\u0103m s\u0103 nu folosi\u021bi \u00een\u0103lbitor sau cur\u0103\u021bare uscat\u0103.<\/p>\n<p>Modelul din imagine are 179 cm \u00een\u0103l\u021bime, c\u00e2nt\u0103re\u0219te 58 kg \u0219i pozeaz\u0103 \u00een m\u0103rimea M.<\/p>\n","protected":false},"excerpt":{"rendered":"<p>Fust\u0103 sport bej cu \u0219li\u021b \u0219i colan\u021bi pe dedesubt cu buzunare laterale. Fusta are bordur\u0103 alb\u0103 \u0219i elastic alb care str\u00e2nge talia, are inscrip\u021bia discret\u0103 &#8220;Peach Pump&#8221; pe spate \u0219i un logo termosigilat pe partea din st\u00e2nga fa\u021b\u0103. Modelul are o talie deasupra buricului \u0219i o despic\u0103tur\u0103 care alunge\u0219te picioarele , \u00een timp ce colan\u021bii [&hellip;]<\/p>\n","protected":false},"featured_media":125165,"comment_status":"open","ping_status":"closed","template":"","meta":[],"product_brand":[],"product_cat":[189,202,1177],"product_tag":[],"class_list":{"0":"post-123833","1":"product","2":"type-product","3":"status-publish","4":"has-post-thumbnail","6":"product_cat-colanti-cu-buzunare","7":"product_cat-colanti-scurti-dama","8":"product_cat-fuste-si-rochii-sport","9":"pa_cviat-bej","10":"pa_razmer-l-ro-2","11":"pa_razmer-m-ro","12":"pa_razmer-s-ro-2","13":"inventories-world","15":"first","16":"instock","17":"taxable","18":"shipping-taxable","19":"purchasable","20":"product-type-variable"},"_links":{"self":[{"href":"https:\/\/staging6.peach-pump.com\/en\/wp-json\/wp\/v2\/product\/123833","targetHints":{"allow":["GET"]}}],"collection":[{"href":"https:\/\/staging6.peach-pump.com\/en\/wp-json\/wp\/v2\/product"}],"about":[{"href":"https:\/\/staging6.peach-pump.com\/en\/wp-json\/wp\/v2\/types\/product"}],"replies":[{"embeddable":true,"href":"https:\/\/staging6.peach-pump.com\/en\/wp-json\/wp\/v2\/comments?post=123833"}],"version-history":[{"count":0,"href":"https:\/\/staging6.peach-pump.com\/en\/wp-json\/wp\/v2\/product\/123833\/revisions"}],"wp:featuredmedia":[{"embeddable":true,"href":"https:\/\/staging6.peach-pump.com\/en\/wp-json\/wp\/v2\/media\/125165"}],"wp:attachment":[{"href":"https:\/\/staging6.peach-pump.com\/en\/wp-json\/wp\/v2\/media?parent=123833"}],"wp:term":[{"taxonomy":"product_brand","embeddable":true,"href":"https:\/\/staging6.peach-pump.com\/en\/wp-json\/wp\/v2\/product_brand?post=123833"},{"taxonomy":"product_cat","embeddable":true,"href":"https:\/\/staging6.peach-pump.com\/en\/wp-json\/wp\/v2\/product_cat?post=123833"},{"taxonomy":"product_tag","embeddable":true,"href":"https:\/\/staging6.peach-pump.com\/en\/wp-json\/wp\/v2\/product_tag?post=123833"}],"curies":[{"name":"wp","href":"https:\/\/api.w.org\/{rel}","templated":true}]}}