{"id":126453,"date":"2025-07-29T12:31:27","date_gmt":"2025-07-29T10:31:27","guid":{"rendered":"https:\/\/staging6.peach-pump.com\/products\/set-fusta-neagra-sport-despicatura-mica-bustiera\/"},"modified":"2025-11-01T15:21:30","modified_gmt":"2025-11-01T13:21:30","slug":"set-fusta-neagra-sport-despicatura-mica-bustiera","status":"publish","type":"product","link":"https:\/\/staging6.peach-pump.com\/ro\/products\/set-fusta-neagra-sport-despicatura-mica-bustiera\/","title":{"rendered":"Set din fust\u0103 neagr\u0103 sport cu despic\u0103tur\u0103 mic\u0103 \u0219i bustier\u0103"},"content":{"rendered":"<p>Set din fust\u0103 sport neagr\u0103 cu despic\u0103tur\u0103 \u0219i colan\u021bi pe dedesubt cu buzunare laterale. Fusta are bordur\u0103 alb\u0103 discret\u0103 pe margini \u0219i talie elastic\u0103, are scris &#8220;Peach Pump&#8221; pe spate \u0219i un logo termosigilat pe partea din st\u00e2nga fa\u021b\u0103. Modelul are talia deasupra buricului, sculpt\u00e2nd silueta, iar colan\u021bii de sub fust\u0103 \u00ee\u021bi ofer\u0103 libertate total\u0103 de mi\u0219care \u00een timp ce practici sportul t\u0103u preferat. Buzunarele de pe colan\u021bi sunt ad\u00e2nci \u0219i po\u021bi ascunde un telefon f\u0103r\u0103 probleme.   <\/p>\n<p>Bustiera are un decolteu \u00een V \u0219i borduri albe care pot fi retrase , pentru un look mai provocator. Modelul are c\u0103ptu\u0219eal\u0103 super Push-up care poate fi \u00eendep\u0103rtat\u0103. \u021aes\u0103tura bustierei este extrem de moale \u0219i elastic\u0103 \u0219i nu re\u021bine umezeala \u00een corp, este potrivit\u0103 pentru alergare, sal\u0103, yoga tenis sau orice alt tip de sport. Exist\u0103 un elastic larg sub bust, care ofer\u0103 confort \u0219i libertate de mi\u0219care. Exist\u0103 un logo gri-alb sigilat termic \u00een partea din fa\u021b\u0103 \u0219i din spate a bustului. Setul este potrivit\u0103 pentru o plimbare \u00een parc, sal\u0103 de gimnastic\u0103, tenis sau volei.     <\/p>\n<p>Despre bustier\u0103\/sutien sportiv:<\/p>\n<ul>\n<li>Design interesant<\/li>\n<li>Decolteu ad\u00e2nc \u00een V<\/li>\n<li>C\u0103ptu\u0219eal\u0103 super push-up care poate fi \u00eendep\u0103rtat\u0103<\/li>\n<li>Elastic larg sub bust<\/li>\n<li>Logo sigilat termic &#8220;Peach Pump&#8221; pe partea din fa\u021b\u0103 \u0219i din spate a bustierei<\/li>\n<li>\u021aes\u0103tur\u0103 care nu re\u021bine umezeala \u00een corp<\/li>\n<\/ul>\n<p>Despre fusta:<\/p>\n<ul>\n<li>Talie \u00eenalt\u0103<\/li>\n<li>\u0218li\u021b discret<\/li>\n<li>Colan\u021bi pe dedesubt cu buzunare laterale<\/li>\n<li>Inscrip\u021bie &#8220;Peach Pump&#8221; pe partea din spate a elasticului<\/li>\n<li>Logo-ul &#8220;Peach Pump&#8221; sigilat termic pe partea din fa\u021b\u0103 a fustei<\/li>\n<li>\u021aes\u0103tur\u0103 care nu re\u021bine umezeala \u00een corp<\/li>\n<\/ul>\n<p>Compozi\u021bie : 70% Nylon 30% Spandex<\/p>\n<p>Fusta \u0219i bustiera pot fi sp\u0103late la o temperatur\u0103 de p\u00e2n\u0103 la 30 de grade, v\u0103 rug\u0103m s\u0103 nu utiliza\u021bi \u00een\u0103lbitor sau cur\u0103\u021bare chimic\u0103.<\/p>\n<p>Modelul din imagine are o \u00een\u0103l\u021bime de 168 cm, c\u00e2nt\u0103re\u0219te 54 kg \u0219i pozeaz\u0103 \u00een fust\u0103 m\u0103rimea S \u0219i bustier\u0103 m\u0103rimea S.<\/p>\n","protected":false},"excerpt":{"rendered":"<p>Set din fust\u0103 sport neagr\u0103 cu despic\u0103tur\u0103 \u0219i colan\u021bi pe dedesubt cu buzunare laterale. Fusta are bordur\u0103 alb\u0103 discret\u0103 pe margini \u0219i talie elastic\u0103, are scris &#8220;Peach Pump&#8221; pe spate \u0219i un logo termosigilat pe partea din st\u00e2nga fa\u021b\u0103. Modelul are talia deasupra buricului, sculpt\u00e2nd silueta, iar colan\u021bii de sub fust\u0103 \u00ee\u021bi ofer\u0103 libertate total\u0103 [&hellip;]<\/p>\n","protected":false},"featured_media":125645,"comment_status":"open","ping_status":"closed","template":"","meta":[],"product_brand":[],"product_cat":[368,367],"product_tag":[],"class_list":{"0":"post-126453","1":"product","2":"type-product","3":"status-publish","4":"has-post-thumbnail","6":"product_cat-seturi-colanti-scurti-dama","7":"product_cat-seturi-de-trening-pentru-femei","8":"pa_cviat-negru","9":"inventories-world","11":"first","12":"instock","13":"taxable","14":"shipping-taxable","15":"purchasable","16":"product-type-yith_bundle"},"_links":{"self":[{"href":"https:\/\/staging6.peach-pump.com\/ro\/wp-json\/wp\/v2\/product\/126453","targetHints":{"allow":["GET"]}}],"collection":[{"href":"https:\/\/staging6.peach-pump.com\/ro\/wp-json\/wp\/v2\/product"}],"about":[{"href":"https:\/\/staging6.peach-pump.com\/ro\/wp-json\/wp\/v2\/types\/product"}],"replies":[{"embeddable":true,"href":"https:\/\/staging6.peach-pump.com\/ro\/wp-json\/wp\/v2\/comments?post=126453"}],"version-history":[{"count":0,"href":"https:\/\/staging6.peach-pump.com\/ro\/wp-json\/wp\/v2\/product\/126453\/revisions"}],"wp:featuredmedia":[{"embeddable":true,"href":"https:\/\/staging6.peach-pump.com\/ro\/wp-json\/wp\/v2\/media\/125645"}],"wp:attachment":[{"href":"https:\/\/staging6.peach-pump.com\/ro\/wp-json\/wp\/v2\/media?parent=126453"}],"wp:term":[{"taxonomy":"product_brand","embeddable":true,"href":"https:\/\/staging6.peach-pump.com\/ro\/wp-json\/wp\/v2\/product_brand?post=126453"},{"taxonomy":"product_cat","embeddable":true,"href":"https:\/\/staging6.peach-pump.com\/ro\/wp-json\/wp\/v2\/product_cat?post=126453"},{"taxonomy":"product_tag","embeddable":true,"href":"https:\/\/staging6.peach-pump.com\/ro\/wp-json\/wp\/v2\/product_tag?post=126453"}],"curies":[{"name":"wp","href":"https:\/\/api.w.org\/{rel}","templated":true}]}}