{"id":126454,"date":"2025-07-04T12:31:40","date_gmt":"2025-07-04T10:31:40","guid":{"rendered":"https:\/\/staging6.peach-pump.com\/products\/fusta-alba-sport-despicatura-mica-bordura-albastra\/"},"modified":"2025-11-01T15:31:04","modified_gmt":"2025-11-01T13:31:04","slug":"fusta-alba-sport-despicatura-mica-bordura-albastra","status":"publish","type":"product","link":"https:\/\/staging6.peach-pump.com\/ro\/products\/fusta-alba-sport-despicatura-mica-bordura-albastra\/","title":{"rendered":"Fust\u0103 sport alb\u0103 cu despic\u0103tur\u0103 mic\u0103 \u0219i bordur\u0103 albastr\u0103"},"content":{"rendered":"<p>Fust\u0103 sport alb\u0103 cu despic\u0103tur\u0103 mic\u0103, bordur\u0103 albastr\u0103 \u0219i colan\u021bi pe dedesubt cu buzunare laterale. Fusta are bordur\u0103 albastr\u0103 discret\u0103 pe margini \u0219i talie elastic\u0103, are scris &#8220;Peach Pump&#8221; pe spate \u0219i un logo sigilat termic \u00een st\u00e2nga fa\u021b\u0103. Modelul are talia deasupra buricului, sculpt\u00e2nd silueta, iar colan\u021bii de sub fust\u0103 \u00ee\u021bi ofer\u0103 libertate total\u0103 de mi\u0219care \u00een timp ce practici sportul t\u0103u preferat. Buzunarele de pe colan\u021bi sunt ad\u00e2nci \u0219i po\u021bi ascunde un telefon f\u0103r\u0103 probleme. Fusta este potrivit\u0103 pentru o plimbare \u00een parc, sal\u0103 de gimnastic\u0103, tenis sau volei. Pute\u021bi asorta modelul cu o bustier\u0103 din colec\u021bia noastr\u0103 \u00een acela\u0219i model.     <\/p>\n<ul>\n<li>Talie \u00eenalt\u0103<\/li>\n<li>\u0218li\u021b discret<\/li>\n<li>Colan\u021bi pe dedesubt cu buzunare laterale<\/li>\n<li>Inscrip\u021bie &#8220;Peach Pump&#8221; pe partea din spate a elasticului<\/li>\n<li>Logo-ul &#8220;Peach Pump&#8221; sigilat termic pe partea din fa\u021b\u0103 a fustei<\/li>\n<li>\u021aes\u0103tur\u0103 care nu re\u021bine umezeala \u00een corp<\/li>\n<\/ul>\n<p>Compozi\u021bie : 70% Nylon 30% Spandex<\/p>\n<p>Fusta poate fi sp\u0103lat\u0103 p\u00e2n\u0103 la 30 de grade, v\u0103 rug\u0103m s\u0103 nu folosi\u021bi \u00een\u0103lbitor sau cur\u0103\u021bare uscat\u0103.<\/p>\n<p>Modelul din imagine are 179 cm \u00een\u0103l\u021bime, c\u00e2nt\u0103re\u0219te 58 kg \u0219i pozeaz\u0103 \u00een m\u0103rimea M.<\/p>\n","protected":false},"excerpt":{"rendered":"<p>Fust\u0103 sport alb\u0103 cu despic\u0103tur\u0103 mic\u0103, bordur\u0103 albastr\u0103 \u0219i colan\u021bi pe dedesubt cu buzunare laterale. Fusta are bordur\u0103 albastr\u0103 discret\u0103 pe margini \u0219i talie elastic\u0103, are scris &#8220;Peach Pump&#8221; pe spate \u0219i un logo sigilat termic \u00een st\u00e2nga fa\u021b\u0103. Modelul are talia deasupra buricului, sculpt\u00e2nd silueta, iar colan\u021bii de sub fust\u0103 \u00ee\u021bi ofer\u0103 libertate total\u0103 [&hellip;]<\/p>\n","protected":false},"featured_media":123294,"comment_status":"open","ping_status":"closed","template":"","meta":[],"product_brand":[],"product_cat":[189,202,1177],"product_tag":[],"class_list":{"0":"post-126454","1":"product","2":"type-product","3":"status-publish","4":"has-post-thumbnail","6":"product_cat-colanti-cu-buzunare","7":"product_cat-colanti-scurti-dama","8":"product_cat-fuste-si-rochii-sport","9":"pa_cviat-alb-ro","10":"pa_razmer-l-ro-2","11":"pa_razmer-m-ro","12":"pa_razmer-s-ro-2","13":"inventories-world","15":"first","16":"instock","17":"taxable","18":"shipping-taxable","19":"purchasable","20":"product-type-variable"},"_links":{"self":[{"href":"https:\/\/staging6.peach-pump.com\/en\/wp-json\/wp\/v2\/product\/126454","targetHints":{"allow":["GET"]}}],"collection":[{"href":"https:\/\/staging6.peach-pump.com\/en\/wp-json\/wp\/v2\/product"}],"about":[{"href":"https:\/\/staging6.peach-pump.com\/en\/wp-json\/wp\/v2\/types\/product"}],"replies":[{"embeddable":true,"href":"https:\/\/staging6.peach-pump.com\/en\/wp-json\/wp\/v2\/comments?post=126454"}],"version-history":[{"count":0,"href":"https:\/\/staging6.peach-pump.com\/en\/wp-json\/wp\/v2\/product\/126454\/revisions"}],"wp:featuredmedia":[{"embeddable":true,"href":"https:\/\/staging6.peach-pump.com\/en\/wp-json\/wp\/v2\/media\/123294"}],"wp:attachment":[{"href":"https:\/\/staging6.peach-pump.com\/en\/wp-json\/wp\/v2\/media?parent=126454"}],"wp:term":[{"taxonomy":"product_brand","embeddable":true,"href":"https:\/\/staging6.peach-pump.com\/en\/wp-json\/wp\/v2\/product_brand?post=126454"},{"taxonomy":"product_cat","embeddable":true,"href":"https:\/\/staging6.peach-pump.com\/en\/wp-json\/wp\/v2\/product_cat?post=126454"},{"taxonomy":"product_tag","embeddable":true,"href":"https:\/\/staging6.peach-pump.com\/en\/wp-json\/wp\/v2\/product_tag?post=126454"}],"curies":[{"name":"wp","href":"https:\/\/api.w.org\/{rel}","templated":true}]}}