{"id":126999,"date":"2025-08-03T11:26:27","date_gmt":"2025-08-03T09:26:27","guid":{"rendered":"https:\/\/staging6.peach-pump.com\/products\/set-sport-fusta-bustiera-spate-incrucisat\/"},"modified":"2025-11-01T15:19:52","modified_gmt":"2025-11-01T13:19:52","slug":"set-sport-fusta-bustiera-spate-incrucisat","status":"publish","type":"product","link":"https:\/\/staging6.peach-pump.com\/ro\/products\/set-sport-fusta-bustiera-spate-incrucisat\/","title":{"rendered":"Set sport alb fust\u0103 \u0219i bustier\u0103 cu spatele \u00eencruci\u0219at"},"content":{"rendered":"<p>Set sport alb din fust\u0103 cu despic\u0103tur\u0103 \u0219i colan\u021bi pe dedesubt cu buzunare laterale. Fusta are o bordur\u0103 gri discret\u0103 la margini \u0219i o talie elastic\u0103 care str\u00e2nge talia, are inscrip\u021bia &#8220;Peach Pump&#8221; pe spate \u0219i un logo termosigilat \u00een partea din st\u00e2nga fa\u021b\u0103. Modelul are talia deasupra ombilicului, sculpt\u00e2nd silueta, iar colan\u021bii de sub fust\u0103 \u00ee\u021bi ofer\u0103 libertate total\u0103 de mi\u0219care \u00een timp ce practici sportul t\u0103u preferat. Buzunarele de pe colan\u021bi sunt ad\u00e2nci \u0219i po\u021bi ascunde un telefon f\u0103r\u0103 probleme.   <\/p>\n<p>Bustiera are bretele \u00eencruci\u0219ate \u00een alb \u0219i gri. Modelul bustierei este decupat \u0219i are c\u0103ptu\u0219eal\u0103 super Push-up care poate fi \u00eendep\u0103rtat\u0103. \u021aes\u0103tura este extrem de moale \u0219i elastic\u0103, nu re\u021bine umezeala \u00een corp, este potrivit\u0103 pentru alergare, sal\u0103, yoga, tenis sau orice alt tip de sport. Designul modelului este foarte actual pentru var\u0103 disponibil \u00een mai multe culori \u0219i poate fi asociat cu o fust\u0103 scurt\u0103 sau colan\u021bi. Exist\u0103 un logo gri sigilat termic \u00een partea din fa\u021b\u0103 a bustierei. Setul este potrivit pentru o plimbare \u00een parc, sal\u0103 de gimnastic\u0103, tenis sau volei.     <\/p>\n<p>Despre bustier\u0103\/sutien sportiv:<\/p>\n<ul>\n<li>Design interesant<\/li>\n<li>Bretele \u00eencruci\u0219ate pe spate<\/li>\n<li>C\u0103ptu\u0219eal\u0103 super push-up care poate fi \u00eendep\u0103rtat\u0103<\/li>\n<li>Logo-ul &#8220;Peach Pump&#8221; sigilat termic pe partea din fa\u021b\u0103 a bustierei<\/li>\n<li>\u021aes\u0103tur\u0103 care nu re\u021bine umezeala \u00een corp<\/li>\n<\/ul>\n<p>Despre fusta:<\/p>\n<ul>\n<li>Talie \u00eenalt\u0103<\/li>\n<li>\u0218li\u021b discret<\/li>\n<li>Colan\u021bi pe dedesubt cu buzunare laterale<\/li>\n<li>Inscrip\u021bie &#8220;Peach Pump&#8221; pe partea din spate a elasticului<\/li>\n<li>Logo-ul &#8220;Peach Pump&#8221; sigilat termic pe partea din fa\u021b\u0103 a fustei<\/li>\n<li>\u021aes\u0103tur\u0103 care nu re\u021bine umezeala \u00een corp<\/li>\n<\/ul>\n<p>Compozi\u021bie : 70% Nylon 30% Spandex<\/p>\n<p>Fusta \u0219i bustiera pot fi sp\u0103late la o temperatur\u0103 de p\u00e2n\u0103 la 30 de grade, v\u0103 rug\u0103m s\u0103 nu utiliza\u021bi \u00een\u0103lbitor sau cur\u0103\u021bare chimic\u0103.<\/p>\n<p>Modelul din imagine are 179 cm \u00een\u0103l\u021bime, c\u00e2nt\u0103re\u0219te 59 kg \u0219i pozeaz\u0103 \u00een fust\u0103 m\u0103rimea M \u0219i bustier\u0103 m\u0103rimea M.<\/p>\n","protected":false},"excerpt":{"rendered":"<p>Set sport alb din fust\u0103 cu despic\u0103tur\u0103 \u0219i colan\u021bi pe dedesubt cu buzunare laterale. Fusta are o bordur\u0103 gri discret\u0103 la margini \u0219i o talie elastic\u0103 care str\u00e2nge talia, are inscrip\u021bia &#8220;Peach Pump&#8221; pe spate \u0219i un logo termosigilat \u00een partea din st\u00e2nga fa\u021b\u0103. Modelul are talia deasupra ombilicului, sculpt\u00e2nd silueta, iar colan\u021bii de sub [&hellip;]<\/p>\n","protected":false},"featured_media":126147,"comment_status":"open","ping_status":"closed","template":"","meta":[],"product_brand":[],"product_cat":[368,367],"product_tag":[],"class_list":{"0":"post-126999","1":"product","2":"type-product","3":"status-publish","4":"has-post-thumbnail","6":"product_cat-seturi-colanti-scurti-dama","7":"product_cat-seturi-de-trening-pentru-femei","8":"pa_cviat-alb-ro","9":"inventories-world","11":"first","12":"instock","13":"taxable","14":"shipping-taxable","15":"purchasable","16":"product-type-yith_bundle"},"_links":{"self":[{"href":"https:\/\/staging6.peach-pump.com\/en\/wp-json\/wp\/v2\/product\/126999","targetHints":{"allow":["GET"]}}],"collection":[{"href":"https:\/\/staging6.peach-pump.com\/en\/wp-json\/wp\/v2\/product"}],"about":[{"href":"https:\/\/staging6.peach-pump.com\/en\/wp-json\/wp\/v2\/types\/product"}],"replies":[{"embeddable":true,"href":"https:\/\/staging6.peach-pump.com\/en\/wp-json\/wp\/v2\/comments?post=126999"}],"version-history":[{"count":0,"href":"https:\/\/staging6.peach-pump.com\/en\/wp-json\/wp\/v2\/product\/126999\/revisions"}],"wp:featuredmedia":[{"embeddable":true,"href":"https:\/\/staging6.peach-pump.com\/en\/wp-json\/wp\/v2\/media\/126147"}],"wp:attachment":[{"href":"https:\/\/staging6.peach-pump.com\/en\/wp-json\/wp\/v2\/media?parent=126999"}],"wp:term":[{"taxonomy":"product_brand","embeddable":true,"href":"https:\/\/staging6.peach-pump.com\/en\/wp-json\/wp\/v2\/product_brand?post=126999"},{"taxonomy":"product_cat","embeddable":true,"href":"https:\/\/staging6.peach-pump.com\/en\/wp-json\/wp\/v2\/product_cat?post=126999"},{"taxonomy":"product_tag","embeddable":true,"href":"https:\/\/staging6.peach-pump.com\/en\/wp-json\/wp\/v2\/product_tag?post=126999"}],"curies":[{"name":"wp","href":"https:\/\/api.w.org\/{rel}","templated":true}]}}