{"id":128469,"date":"2025-08-31T15:07:54","date_gmt":"2025-08-31T13:07:54","guid":{"rendered":"https:\/\/staging6.peach-pump.com\/products\/hanorac-scurt-verde-fermoar-gluga\/"},"modified":"2025-11-09T13:54:40","modified_gmt":"2025-11-09T11:54:40","slug":"hanorac-scurt-verde-fermoar-gluga","status":"publish","type":"product","link":"https:\/\/staging6.peach-pump.com\/ro\/products\/hanorac-scurt-verde-fermoar-gluga\/","title":{"rendered":"Hanorac scurt verde cu fermoar \u0219i glug\u0103"},"content":{"rendered":"<p>Hanorac scurt &#8220;Milk and mint&#8221; verde cu fermoar \u0219i glug\u0103. Acest model are o croial\u0103 scurt\u0103, subliniaz\u0103 talia , are detalii decupate \u0219i ofer\u0103 un aspect foarte feminin \u0219i elegant. Hanoracul are un detaliu interesant &#8211; \u021bes\u0103tur\u0103 din plas\u0103 pe p\u0103r\u021bile laterale, care d\u0103 un aspect sportiv \u0219i permite pielii s\u0103 respire. Are un fermoar frontal cu un logo gravat , o glug\u0103 larg\u0103 \u0219i leg\u0103turi cu inscrip\u021bia &#8220;Peach Pump&#8221; pe lungime \u0219i margini metalice. Culoarea verde &#8220;Milk and mint&#8221; este moale, proasp\u0103t\u0103 \u0219i versatil\u0103 &#8211; u\u0219or de combinat cu haine \u00eenchise la culoare sau deschise.    <\/p>\n<p>Hanoracul este fabricat din \u021bes\u0103tur\u0103 moale, respirabil\u0103, care ofer\u0103 confort pe tot parcursul zilei. Este potrivit pentru antrenamente sportive, plimb\u0103ri \u0219i c\u0103l\u0103torii, precum \u0219i pentru look-uri urbane mai casual. Acest hanorac v\u0103 va face s\u0103 ar\u0103ta\u021bi at\u00e2t proasp\u0103t, la mod\u0103, c\u00e2t \u0219i s\u0103 v\u0103 sim\u021bi\u021bi confortabil, fiind disponibil \u00een mai multe culori \u00een tendin\u021bele sezonului.  <\/p>\n<ul>\n<li>Design modern cu aten\u021bie la detalii<\/li>\n<li>Croial\u0103 scurt\u0103 (cropped fit), subliniind talia<\/li>\n<li>Fermoar cu logo gravat<\/li>\n<li>Glug\u0103 mare cu leg\u0103turi \u0219i inscrip\u021bii &#8220;Peach Pump&#8221; pe toat\u0103 lungimea<\/li>\n<li>\u021aes\u0103tur\u0103 din plas\u0103 pe p\u0103r\u021bile laterale care permite pielii s\u0103 respire<\/li>\n<li>Logo brodat pe um\u0103r<\/li>\n<li>Detalii decupate la nivelul taliei<\/li>\n<\/ul>\n<p>Compozi\u021bie: 71% Bumbac \/ 29% Poliester<\/p>\n<p>Hanoracul poate fi sp\u0103lat p\u00e2n\u0103 la 30 de grade, v\u0103 rug\u0103m s\u0103 nu folosi\u021bi \u00een\u0103lbitor sau cur\u0103\u021bare uscat\u0103.<\/p>\n<p>Modelul din imagine are 179 cm \u00een\u0103l\u021bime, c\u00e2nt\u0103re\u0219te 57 kg \u0219i pozeaz\u0103 \u00een m\u0103rimea S.<\/p>\n","protected":false},"excerpt":{"rendered":"<p>Hanorac scurt &#8220;Milk and mint&#8221; verde cu fermoar \u0219i glug\u0103. Acest model are o croial\u0103 scurt\u0103, subliniaz\u0103 talia , are detalii decupate \u0219i ofer\u0103 un aspect foarte feminin \u0219i elegant. Hanoracul are un detaliu interesant &#8211; \u021bes\u0103tur\u0103 din plas\u0103 pe p\u0103r\u021bile laterale, care d\u0103 un aspect sportiv \u0219i permite pielii s\u0103 respire. Are un fermoar [&hellip;]<\/p>\n","protected":false},"featured_media":127716,"comment_status":"open","ping_status":"closed","template":"","meta":[],"product_brand":[],"product_cat":[1115,924],"product_tag":[],"class_list":{"0":"post-128469","1":"product","2":"type-product","3":"status-publish","4":"has-post-thumbnail","6":"product_cat-hanorace-dama-hoodie","7":"product_cat-jachete-dama","8":"pa_cviat-verde","9":"pa_razmer-m-ro","10":"pa_razmer-s-ro-2","11":"inventories-world","13":"first","14":"instock","15":"taxable","16":"shipping-taxable","17":"purchasable","18":"product-type-variable"},"_links":{"self":[{"href":"https:\/\/staging6.peach-pump.com\/ro\/wp-json\/wp\/v2\/product\/128469","targetHints":{"allow":["GET"]}}],"collection":[{"href":"https:\/\/staging6.peach-pump.com\/ro\/wp-json\/wp\/v2\/product"}],"about":[{"href":"https:\/\/staging6.peach-pump.com\/ro\/wp-json\/wp\/v2\/types\/product"}],"replies":[{"embeddable":true,"href":"https:\/\/staging6.peach-pump.com\/ro\/wp-json\/wp\/v2\/comments?post=128469"}],"version-history":[{"count":0,"href":"https:\/\/staging6.peach-pump.com\/ro\/wp-json\/wp\/v2\/product\/128469\/revisions"}],"wp:featuredmedia":[{"embeddable":true,"href":"https:\/\/staging6.peach-pump.com\/ro\/wp-json\/wp\/v2\/media\/127716"}],"wp:attachment":[{"href":"https:\/\/staging6.peach-pump.com\/ro\/wp-json\/wp\/v2\/media?parent=128469"}],"wp:term":[{"taxonomy":"product_brand","embeddable":true,"href":"https:\/\/staging6.peach-pump.com\/ro\/wp-json\/wp\/v2\/product_brand?post=128469"},{"taxonomy":"product_cat","embeddable":true,"href":"https:\/\/staging6.peach-pump.com\/ro\/wp-json\/wp\/v2\/product_cat?post=128469"},{"taxonomy":"product_tag","embeddable":true,"href":"https:\/\/staging6.peach-pump.com\/ro\/wp-json\/wp\/v2\/product_tag?post=128469"}],"curies":[{"name":"wp","href":"https:\/\/api.w.org\/{rel}","templated":true}]}}