{"id":129337,"date":"2025-09-09T21:56:51","date_gmt":"2025-09-09T19:56:51","guid":{"rendered":"https:\/\/staging6.peach-pump.com\/products\/bustiera-sport-bej-inscriptii-peach-pump\/"},"modified":"2025-11-10T16:01:14","modified_gmt":"2025-11-10T14:01:14","slug":"bustiera-sport-bej-inscriptii-peach-pump","status":"publish","type":"product","link":"https:\/\/staging6.peach-pump.com\/ro\/products\/bustiera-sport-bej-inscriptii-peach-pump\/","title":{"rendered":"Bustier\u0103 sport bej cu inscrip\u021bii Peach Pump"},"content":{"rendered":"<p>Bustier\u0103 sport bej cu bretele albe \u00een fa\u021b\u0103 \u0219i inscrip\u021bii Peach Pump bej. Modelul are cupe c\u0103ptu\u0219ite cu mult \u00eendr\u0103gitul efect super push-up, conceput pentru femeile care doresc s\u0103 se simt\u0103 \u00eencrez\u0103toare, sexy \u0219i elegante \u00een sal\u0103 sau \u00een afara ei. \u021aes\u0103tura elastic\u0103 \u0219i respirabil\u0103 ofer\u0103 confort, elimin\u0103 rapid umezeala de pe corp \u0219i te men\u021bine proasp\u0103t\u0103. Bustiera are un spate elastic interesant, cu o \u00eenchidere pe mai multe trepte pentru o mai bun\u0103 sus\u021binere a bustului \u00eentr-un mod fidel antrenamentului. Potrivit\u0103 pentru sal\u0103 de gimnastic\u0103, yoga, antrenamente cardio, aerobice sau purtare zilnic\u0103. Disponibil\u0103 \u00een mai multe culori \u00een tendin\u021be \u0219i u\u0219or de combinat. Acest model de bustier\u0103 Peach Pump este noul must-have , un accesoriu obligatoriu pentru garderoba ta.      <\/p>\n<ul>\n<li>Design modern<\/li>\n<li>C\u0103ptu\u0219eal\u0103 Super Push-up care poate fi \u00eendep\u0103rtat\u0103<\/li>\n<li>Bretele frontale cu inscrip\u021bii Peach Pump<\/li>\n<li>Logo Summer Peach Pump \u00een partea din fa\u021b\u0103<\/li>\n<li>Spate elastic \u00eencruci\u0219at<\/li>\n<li>Fixare reglabil\u0103 \u00een mai multe trepte<\/li>\n<\/ul>\n<p>Compozi\u021bie: 70% poliester 30% spandex<\/p>\n<p>Bustiera poate fi sp\u0103lat\u0103 la temperaturi de p\u00e2n\u0103 la 30 de grade, v\u0103 rug\u0103m s\u0103 nu folosi\u021bi \u00een\u0103lbitor sau cur\u0103\u021bare uscat\u0103.<\/p>\n<p>Modelul din imagine are \u00een\u0103l\u021bimea de 170, c\u00e2nt\u0103re\u0219te 50 kg. \u0219i pozeaz\u0103 cu o m\u0103rime S.<\/p>\n<p>V\u0103 rug\u0103m s\u0103 utiliza\u021bi tabelele pentru a selecta dimensiunea exact\u0103.<\/p>\n","protected":false},"excerpt":{"rendered":"<p>Bustier\u0103 sport bej cu bretele albe \u00een fa\u021b\u0103 \u0219i inscrip\u021bii Peach Pump bej. Modelul are cupe c\u0103ptu\u0219ite cu mult \u00eendr\u0103gitul efect super push-up, conceput pentru femeile care doresc s\u0103 se simt\u0103 \u00eencrez\u0103toare, sexy \u0219i elegante \u00een sal\u0103 sau \u00een afara ei. \u021aes\u0103tura elastic\u0103 \u0219i respirabil\u0103 ofer\u0103 confort, elimin\u0103 rapid umezeala de pe corp \u0219i te [&hellip;]<\/p>\n","protected":false},"featured_media":128967,"comment_status":"open","ping_status":"closed","template":"","meta":[],"product_brand":[],"product_cat":[366],"product_tag":[],"class_list":{"0":"post-129337","1":"product","2":"type-product","3":"status-publish","4":"has-post-thumbnail","6":"product_cat-sutiene-sport-pentru-femei","7":"pa_cviat-bej","8":"pa_razmer-l-ro-2","9":"pa_razmer-m-ro","10":"pa_razmer-s-ro-2","11":"inventories-world","13":"first","14":"instock","15":"taxable","16":"shipping-taxable","17":"purchasable","18":"product-type-variable"},"_links":{"self":[{"href":"https:\/\/staging6.peach-pump.com\/ro\/wp-json\/wp\/v2\/product\/129337","targetHints":{"allow":["GET"]}}],"collection":[{"href":"https:\/\/staging6.peach-pump.com\/ro\/wp-json\/wp\/v2\/product"}],"about":[{"href":"https:\/\/staging6.peach-pump.com\/ro\/wp-json\/wp\/v2\/types\/product"}],"replies":[{"embeddable":true,"href":"https:\/\/staging6.peach-pump.com\/ro\/wp-json\/wp\/v2\/comments?post=129337"}],"version-history":[{"count":0,"href":"https:\/\/staging6.peach-pump.com\/ro\/wp-json\/wp\/v2\/product\/129337\/revisions"}],"wp:featuredmedia":[{"embeddable":true,"href":"https:\/\/staging6.peach-pump.com\/ro\/wp-json\/wp\/v2\/media\/128967"}],"wp:attachment":[{"href":"https:\/\/staging6.peach-pump.com\/ro\/wp-json\/wp\/v2\/media?parent=129337"}],"wp:term":[{"taxonomy":"product_brand","embeddable":true,"href":"https:\/\/staging6.peach-pump.com\/ro\/wp-json\/wp\/v2\/product_brand?post=129337"},{"taxonomy":"product_cat","embeddable":true,"href":"https:\/\/staging6.peach-pump.com\/ro\/wp-json\/wp\/v2\/product_cat?post=129337"},{"taxonomy":"product_tag","embeddable":true,"href":"https:\/\/staging6.peach-pump.com\/ro\/wp-json\/wp\/v2\/product_tag?post=129337"}],"curies":[{"name":"wp","href":"https:\/\/api.w.org\/{rel}","templated":true}]}}