{"id":131703,"date":"2025-10-04T21:03:41","date_gmt":"2025-10-04T19:03:41","guid":{"rendered":"https:\/\/staging6.peach-pump.com\/products\/geaca-groasa-neagra-iarna-gluga-peach-pump\/"},"modified":"2025-11-07T18:46:47","modified_gmt":"2025-11-07T16:46:47","slug":"geaca-groasa-neagra-iarna-gluga-peach-pump","status":"publish","type":"product","link":"https:\/\/staging6.peach-pump.com\/ro\/products\/geaca-groasa-neagra-iarna-gluga-peach-pump\/","title":{"rendered":"Geac\u0103 de iarn\u0103 neagr\u0103, groas\u0103, cu glug\u0103 Peach Pump"},"content":{"rendered":"<p>Geac\u0103 de iarn\u0103 neagr\u0103 groas\u0103 cu glug\u0103 \u0219i broderie \u00een fa\u021b\u0103 &#8211; Peach Pump. Modelul are o umplutur\u0103 dens\u0103 de bumbac, croial\u0103 sub talie are o margine reglabil\u0103 cu leg\u0103turi elastice, m\u00e2neci cu man\u0219ete cu g\u0103uri pentru degetul mare , dou\u0103 buzunare laterale oblice care se \u00eenchid cu un fermoar pentru practicitate. Exist\u0103 un fermoar frontal ascuns cu clapet\u0103 , care se \u00eenchide cu magne\u021bi \u0219i un logo &#8220;Peach Pump&#8221; brodat pe fa\u021b\u0103 , logo &#8220;Peach Pump&#8221; brodat \u0219i pe um\u0103r.  <\/p>\n<p>Geaca are un guler \u00eenalt \u0219i o glug\u0103 reglabil\u0103 pentru protec\u021bie maxim\u0103 \u00eempotriva v\u00e2ntului, are o c\u0103ptu\u0219eal\u0103 neagr\u0103 moale. Cu acest model v\u0103 ve\u021bi \u00eenc\u0103lzi \u0219i, \u00een acela\u0219i timp, v\u0103 ve\u021bi sim\u021bi frumoas\u0103, \u00eencrez\u0103toare \u0219i sexy. Geaca este potrivit\u0103 at\u00e2t pentru aspectul casual, c\u00e2t \u0219i pentru cel sportiv, este u\u0219or de combinat.<\/p>\n<p>Stil \u0219i c\u0103ldur\u0103 \u00eentr-unul singur, create cu dragoste pentru tine!<\/p>\n<ul>\n<li>Geac\u0103 de iarn\u0103 cald\u0103 verde cu umplutur\u0103 din bumbac 100%<\/li>\n<li>De \u00eenalt\u0103 calitate<\/li>\n<li>Glug\u0103 cu \u00eenchidere , pentru protec\u021bia \u00eempotriva v\u00e2ntului<\/li>\n<li>Guler \u00eenalt<\/li>\n<li>Fermoar frontal cu capac care se \u00eenchide cu magne\u021bi<\/li>\n<li>Buzunare laterale cu fermoar<\/li>\n<li>Logo-ul &#8220;Peach Pump&#8221; brodat 3D pe fa\u021b\u0103 \u0219i pe um\u0103r<\/li>\n<li>C\u0103ptu\u0219eal\u0103 moale<\/li>\n<li>Man\u0219ete elastice pe m\u00e2neci cu g\u0103uri pentru degetul mare<\/li>\n<li>Margine reglabil\u0103 cu leg\u0103turi elastice care str\u00e2ng talia<\/li>\n<\/ul>\n<p>Compozi\u021bie parte exterioar\u0103: 100% poliester Umplutur\u0103: 100% bumbac<\/p>\n<p>Modelul din imagine are o \u00een\u0103l\u021bime de 180 de metri \u0219i c\u00e2nt\u0103re\u0219te 58 kg. \u0219i pozeaz\u0103 cu o m\u0103rime S.<\/p>\n<p>V\u0103 rug\u0103m s\u0103 urma\u021bi instruc\u021biunile de pe etichet\u0103 pentru \u00eentre\u021binerea corect\u0103 a articolului.<\/p>\n","protected":false},"excerpt":{"rendered":"<p>Geac\u0103 de iarn\u0103 neagr\u0103 groas\u0103 cu glug\u0103 \u0219i broderie \u00een fa\u021b\u0103 &#8211; Peach Pump. Modelul are o umplutur\u0103 dens\u0103 de bumbac, croial\u0103 sub talie are o margine reglabil\u0103 cu leg\u0103turi elastice, m\u00e2neci cu man\u0219ete cu g\u0103uri pentru degetul mare , dou\u0103 buzunare laterale oblice care se \u00eenchid cu un fermoar pentru practicitate. Exist\u0103 un fermoar [&hellip;]<\/p>\n","protected":false},"featured_media":131230,"comment_status":"open","ping_status":"closed","template":"","meta":[],"product_brand":[],"product_cat":[924],"product_tag":[],"class_list":{"0":"post-131703","1":"product","2":"type-product","3":"status-publish","4":"has-post-thumbnail","6":"product_cat-jachete-dama","7":"pa_cviat-negru","8":"pa_razmer-m-ro","9":"pa_razmer-s-ro-2","10":"inventories-world","12":"first","13":"instock","14":"taxable","15":"shipping-taxable","16":"purchasable","17":"product-type-variable"},"_links":{"self":[{"href":"https:\/\/staging6.peach-pump.com\/en\/wp-json\/wp\/v2\/product\/131703","targetHints":{"allow":["GET"]}}],"collection":[{"href":"https:\/\/staging6.peach-pump.com\/en\/wp-json\/wp\/v2\/product"}],"about":[{"href":"https:\/\/staging6.peach-pump.com\/en\/wp-json\/wp\/v2\/types\/product"}],"replies":[{"embeddable":true,"href":"https:\/\/staging6.peach-pump.com\/en\/wp-json\/wp\/v2\/comments?post=131703"}],"version-history":[{"count":0,"href":"https:\/\/staging6.peach-pump.com\/en\/wp-json\/wp\/v2\/product\/131703\/revisions"}],"wp:featuredmedia":[{"embeddable":true,"href":"https:\/\/staging6.peach-pump.com\/en\/wp-json\/wp\/v2\/media\/131230"}],"wp:attachment":[{"href":"https:\/\/staging6.peach-pump.com\/en\/wp-json\/wp\/v2\/media?parent=131703"}],"wp:term":[{"taxonomy":"product_brand","embeddable":true,"href":"https:\/\/staging6.peach-pump.com\/en\/wp-json\/wp\/v2\/product_brand?post=131703"},{"taxonomy":"product_cat","embeddable":true,"href":"https:\/\/staging6.peach-pump.com\/en\/wp-json\/wp\/v2\/product_cat?post=131703"},{"taxonomy":"product_tag","embeddable":true,"href":"https:\/\/staging6.peach-pump.com\/en\/wp-json\/wp\/v2\/product_tag?post=131703"}],"curies":[{"name":"wp","href":"https:\/\/api.w.org\/{rel}","templated":true}]}}