{"id":134744,"date":"2025-11-05T14:30:06","date_gmt":"2025-11-05T12:30:06","guid":{"rendered":"https:\/\/staging6.peach-pump.com\/products\/colanti-sport-abastri-dama-craci-largi\/"},"modified":"2025-11-10T16:43:25","modified_gmt":"2025-11-10T14:43:25","slug":"colanti-sport-abastri-dama-craci-largi","status":"publish","type":"product","link":"https:\/\/staging6.peach-pump.com\/ro\/products\/colanti-sport-abastri-dama-craci-largi\/","title":{"rendered":"Colan\u021bi sport alba\u0219tri de dam\u0103, cu craci largi"},"content":{"rendered":"<p>Ace\u0219ti colan\u021bi sport cu craci la\u021bi cu croial\u0103 dreapt\u0103 \u00een culoarea albastr\u0103 sunt alegerea perfect\u0103 at\u00e2t pentru antrenament, c\u00e2t \u0219i pentru via\u021ba de zi cu zi. Fabrica\u021bi din \u021bes\u0103tur\u0103 moale, elastic\u0103 \u0219i respirabil\u0103, care ofer\u0103 libertate de mi\u0219care \u0219i o potrivire perfect\u0103 la corp, cu o croial\u0103 care alunge\u0219te silueta. \u021aes\u0103tura este delicat\u0103 pe piele \u0219i nu se vede, chiar \u0219i \u00een cazul exerci\u021biilor mai intense. Potrivi\u021bi pentru yoga, pilates, sala de sport sau o plimbare &#8211; colan\u021bii vor fi noua ta alegere preferat\u0103 pentru confort \u0219i \u00eencredere \u00een fiecare zi.   <\/p>\n<ul>\n<li>Croial\u0103 dreapt\u0103 care alunge\u0219te silueta<\/li>\n<li>\u021aes\u0103tur\u0103 moale, elastic\u0103 \u0219i respirabil\u0103<\/li>\n<li>Cus\u0103turi plate<\/li>\n<li>F\u0103r\u0103 cus\u0103tur\u0103 \u00een fa\u021b\u0103<\/li>\n<li>Logo 3D Peach Pump sigilat termic pe talie \u0219i \u00een partea din st\u00e2nga fa\u021b\u0103 a colan\u021bilor<\/li>\n<li>\u021aes\u0103tur\u0103 care nu re\u021bine umezeala \u00een corp<\/li>\n<\/ul>\n<p>Compozi\u021bie: spandex \u0219i poliester<\/p>\n<p>Colan\u021bii pot fi sp\u0103la\u021bi la o temperatur\u0103 de p\u00e2n\u0103 la 30 de grade, v\u0103 rug\u0103m s\u0103 nu \u00een\u0103lbi\u021bi, s\u0103 nu folosi\u021bi usc\u0103tor sau cur\u0103\u021bare chimic\u0103<\/p>\n<p>Lungimea colan\u021bilor: S 107 cm. M 108 cm. L 110 cm.<\/p>\n<p>Modelul din imagine are 165 cm \u00een\u0103l\u021bime, c\u00e2nt\u0103re\u0219te 54 kg \u0219i pozeaz\u0103 \u00een m\u0103rimea S.<\/p>\n<p>V\u0103 rug\u0103m s\u0103 utiliza\u021bi tabelele pentru a selecta dimensiunea exact\u0103.<\/p>\n<p>&nbsp;<\/p>\n<p>&nbsp;<\/p>\n","protected":false},"excerpt":{"rendered":"<p>Ace\u0219ti colan\u021bi sport cu craci la\u021bi cu croial\u0103 dreapt\u0103 \u00een culoarea albastr\u0103 sunt alegerea perfect\u0103 at\u00e2t pentru antrenament, c\u00e2t \u0219i pentru via\u021ba de zi cu zi. Fabrica\u021bi din \u021bes\u0103tur\u0103 moale, elastic\u0103 \u0219i respirabil\u0103, care ofer\u0103 libertate de mi\u0219care \u0219i o potrivire perfect\u0103 la corp, cu o croial\u0103 care alunge\u0219te silueta. \u021aes\u0103tura este delicat\u0103 pe piele [&hellip;]<\/p>\n","protected":false},"featured_media":134277,"comment_status":"open","ping_status":"closed","template":"","meta":[],"product_brand":[],"product_cat":[146,310],"product_tag":[],"class_list":{"0":"post-134744","1":"product","2":"type-product","3":"status-publish","4":"has-post-thumbnail","6":"product_cat-colanti-de-dama-sport","7":"product_cat-colanti-pentru-femei-lungi","8":"pa_cviat-albastru","9":"pa_razmer-l-ro-2","10":"pa_razmer-m-ro","11":"pa_razmer-s-ro-2","12":"inventories-world","14":"first","15":"instock","16":"taxable","17":"shipping-taxable","18":"purchasable","19":"product-type-variable"},"_links":{"self":[{"href":"https:\/\/staging6.peach-pump.com\/ro\/wp-json\/wp\/v2\/product\/134744","targetHints":{"allow":["GET"]}}],"collection":[{"href":"https:\/\/staging6.peach-pump.com\/ro\/wp-json\/wp\/v2\/product"}],"about":[{"href":"https:\/\/staging6.peach-pump.com\/ro\/wp-json\/wp\/v2\/types\/product"}],"replies":[{"embeddable":true,"href":"https:\/\/staging6.peach-pump.com\/ro\/wp-json\/wp\/v2\/comments?post=134744"}],"version-history":[{"count":0,"href":"https:\/\/staging6.peach-pump.com\/ro\/wp-json\/wp\/v2\/product\/134744\/revisions"}],"wp:featuredmedia":[{"embeddable":true,"href":"https:\/\/staging6.peach-pump.com\/ro\/wp-json\/wp\/v2\/media\/134277"}],"wp:attachment":[{"href":"https:\/\/staging6.peach-pump.com\/ro\/wp-json\/wp\/v2\/media?parent=134744"}],"wp:term":[{"taxonomy":"product_brand","embeddable":true,"href":"https:\/\/staging6.peach-pump.com\/ro\/wp-json\/wp\/v2\/product_brand?post=134744"},{"taxonomy":"product_cat","embeddable":true,"href":"https:\/\/staging6.peach-pump.com\/ro\/wp-json\/wp\/v2\/product_cat?post=134744"},{"taxonomy":"product_tag","embeddable":true,"href":"https:\/\/staging6.peach-pump.com\/ro\/wp-json\/wp\/v2\/product_tag?post=134744"}],"curies":[{"name":"wp","href":"https:\/\/api.w.org\/{rel}","templated":true}]}}