{"id":29843,"date":"2022-12-08T09:09:12","date_gmt":"2022-12-08T07:09:12","guid":{"rendered":"https:\/\/staging6.peach-pump.com\/products\/colanti-modelatori-grosi-de-culoare-mov\/"},"modified":"2025-10-14T23:04:42","modified_gmt":"2025-10-14T21:04:42","slug":"colanti-modelatori-fara-cusaturi-naterial-dens-mov","status":"publish","type":"product","link":"https:\/\/staging6.peach-pump.com\/ro\/products\/colanti-modelatori-fara-cusaturi-naterial-dens-mov\/","title":{"rendered":"Colan\u021bi modelatori gro\u0219i de culoare mov"},"content":{"rendered":"<p>Colan\u021bi modelatori f\u0103r\u0103 cus\u0103turi, realizate din material dens \u0219i respirabil, de culoare mov. Acest model este fabricat din \u021bes\u0103tur\u0103 rips, cu talie \u00eenalt\u0103, este mai gros, ideal pentru zilele mai reci de toamn\u0103 \u0219i iarn\u0103. Colan\u021bii au o centur\u0103 lat\u0103, sunt modelatori cu efect Push up, preferatul m\u0103rcii noastre Ve\u021bi fi uimit\u0103 de ace\u0219ti colan\u021bi, de moliciunea lor, de c\u0103ldura \u0219i de modul \u00een care v\u0103 sculpteaz\u0103 silueta. Modelul poate fi asortat cu o bluz\u0103 sau o bustier\u0103, consulta\u021bi sugestiile noastre.  <\/p>\n<ul>\n<li> Talie \u00eenalt\u0103<\/li>\n<li> \u021aes\u0103tur\u0103 rips, f\u0103r\u0103 cus\u0103turi<\/li>\n<li> Ridic\u0103, modeleaz\u0103, ascunde zonele cu probleme<\/li>\n<li> Materie dens\u0103<\/li>\n<li> Centur\u0103 rips care str\u00e2nge talia<\/li>\n<li> Efect Peachy<\/li>\n<li> F\u0103r\u0103 cus\u0103tur\u0103 \u00een fa\u021b\u0103<\/li>\n<li> Logo Peach Pump sigilat termic pe partea din spate a colan\u021bilor<\/li>\n<li> \u021aes\u0103tur\u0103 pentru eliminarea transpira\u021biei<\/li>\n<\/ul>\n<p> Compozi\u021bie: 80% poliester 20% spandex. Colan\u021bi pot fi sp\u0103la\u021bi la o temperatur\u0103 de p\u00e2n\u0103 la 30 de grade , v\u0103 rug\u0103m s\u0103 nu folosi\u021bi \u00een\u0103lbitor sau cur\u0103\u021bare uscat\u0103. Modelul din imagine are 178 cm \u00een\u0103l\u021bime, c\u00e2nt\u0103re\u0219te 54 kg \u0219i pozeaz\u0103 \u00een m\u0103rimea M. V\u0103 rug\u0103m s\u0103 folosi\u021bi diagramele pentru a alege m\u0103rimea exact\u0103.<\/p>\n","protected":false},"excerpt":{"rendered":"<p>Colan\u021bi modelatori f\u0103r\u0103 cus\u0103turi, realizate din material dens \u0219i respirabil, de culoare mov. Acest model este fabricat din \u021bes\u0103tur\u0103 rips, cu talie \u00eenalt\u0103, este mai gros, ideal pentru zilele mai reci de toamn\u0103 \u0219i iarn\u0103. Colan\u021bii au o centur\u0103 lat\u0103, sunt modelatori cu efect Push up, preferatul m\u0103rcii noastre Ve\u021bi fi uimit\u0103 de ace\u0219ti colan\u021bi, [&hellip;]<\/p>\n","protected":false},"featured_media":24685,"comment_status":"open","ping_status":"closed","template":"","meta":[],"product_brand":[],"product_cat":[146,310],"product_tag":[],"class_list":{"0":"post-29843","1":"product","2":"type-product","3":"status-publish","4":"has-post-thumbnail","6":"product_cat-colanti-de-dama-sport","7":"product_cat-colanti-pentru-femei-lungi","8":"pa_cviat-violet","9":"pa_razmer-l-ro-2","10":"pa_razmer-m-ro","11":"pa_razmer-s-ro-2","12":"inventories-world","13":"inventories-uk","15":"first","16":"instock","17":"taxable","18":"shipping-taxable","19":"purchasable","20":"product-type-variable"},"_links":{"self":[{"href":"https:\/\/staging6.peach-pump.com\/en\/wp-json\/wp\/v2\/product\/29843","targetHints":{"allow":["GET"]}}],"collection":[{"href":"https:\/\/staging6.peach-pump.com\/en\/wp-json\/wp\/v2\/product"}],"about":[{"href":"https:\/\/staging6.peach-pump.com\/en\/wp-json\/wp\/v2\/types\/product"}],"replies":[{"embeddable":true,"href":"https:\/\/staging6.peach-pump.com\/en\/wp-json\/wp\/v2\/comments?post=29843"}],"version-history":[{"count":0,"href":"https:\/\/staging6.peach-pump.com\/en\/wp-json\/wp\/v2\/product\/29843\/revisions"}],"wp:featuredmedia":[{"embeddable":true,"href":"https:\/\/staging6.peach-pump.com\/en\/wp-json\/wp\/v2\/media\/24685"}],"wp:attachment":[{"href":"https:\/\/staging6.peach-pump.com\/en\/wp-json\/wp\/v2\/media?parent=29843"}],"wp:term":[{"taxonomy":"product_brand","embeddable":true,"href":"https:\/\/staging6.peach-pump.com\/en\/wp-json\/wp\/v2\/product_brand?post=29843"},{"taxonomy":"product_cat","embeddable":true,"href":"https:\/\/staging6.peach-pump.com\/en\/wp-json\/wp\/v2\/product_cat?post=29843"},{"taxonomy":"product_tag","embeddable":true,"href":"https:\/\/staging6.peach-pump.com\/en\/wp-json\/wp\/v2\/product_tag?post=29843"}],"curies":[{"name":"wp","href":"https:\/\/api.w.org\/{rel}","templated":true}]}}