{"id":30935,"date":"2022-09-27T10:40:30","date_gmt":"2022-09-27T08:40:30","guid":{"rendered":"https:\/\/staging6.peach-pump.com\/products\/colanti-rips-grosi-modelatori-de-culoare-coffee\/"},"modified":"2025-07-24T12:16:48","modified_gmt":"2025-07-24T10:16:48","slug":"colanti-rips-modelatori-grosi-culoare-coffee","status":"publish","type":"product","link":"https:\/\/staging6.peach-pump.com\/ro\/products\/colanti-rips-modelatori-grosi-culoare-coffee\/","title":{"rendered":"Colan\u021bi rips modelatori gro\u0219i de culoare &#8220;Coffee&#8221;"},"content":{"rendered":"<p>Colan\u021bi f\u0103r\u0103 cus\u0103turi, din \u021bes\u0103tur\u0103 dens\u0103, respirabil\u0103, de culoare maro &#8220;Coffee&#8221;. Acest model este fabricat din \u021bes\u0103tur\u0103 rips, cu talie \u00eenalt\u0103, este mai gros, ideal pentru zilele mai reci de toamn\u0103 \u0219i iarn\u0103. Colan\u021bii au o centur\u0103 lat\u0103, sunt modelatori cu efect Push up, preferatul m\u0103rcii noastre Ve\u021bi fi uimit\u0103 de ace\u0219ti colan\u021bi, de moliciunea lor, de c\u0103ldura \u0219i de modul \u00een care v\u0103 sculpteaz\u0103 silueta. Modelul poate fi asortat cu o bluz\u0103 sau o bustier\u0103, consulta\u021bi sugestiile noastre.  <\/p>\n<ul>\n<li> Talie \u00eenalt\u0103<\/li>\n<li> \u021aes\u0103tur\u0103 rips, f\u0103r\u0103 cus\u0103turi<\/li>\n<li> Ridic\u0103, modeleaz\u0103, ascunde zonele cu probleme<\/li>\n<li> Mai gro\u0219i<\/li>\n<li> Centur\u0103 rips care str\u00e2nge talia<\/li>\n<li> Efect Peachy<\/li>\n<li> F\u0103r\u0103 cus\u0103tur\u0103 \u00een fa\u021b\u0103<\/li>\n<li> Logo Peach Pump sigilat termic pe partea din spate a colan\u021bilor<\/li>\n<li> \u021aes\u0103tur\u0103 pentru eliminarea transpira\u021biei<\/li>\n<\/ul>\n<p> Compozi\u021bie: 80% poliester 20% spandex. Colan\u021bii pot fi sp\u0103la\u021bi p\u00e2n\u0103 la 30 de grade, v\u0103 rug\u0103m s\u0103 nu folosi\u021bi \u00een\u0103lbitor sau cur\u0103\u021bare uscat\u0103. Modelul din imagine are 178 cm \u00een\u0103l\u021bime, c\u00e2nt\u0103re\u0219te 54 kg \u0219i pozeaz\u0103 \u00een m\u0103rimea M. V\u0103 rug\u0103m s\u0103 folosi\u021bi diagramele pentru a alege m\u0103rimea exact\u0103.<\/p>\n","protected":false},"excerpt":{"rendered":"<p>Colan\u021bi f\u0103r\u0103 cus\u0103turi, din \u021bes\u0103tur\u0103 dens\u0103, respirabil\u0103, de culoare maro &#8220;Coffee&#8221;. Acest model este fabricat din \u021bes\u0103tur\u0103 rips, cu talie \u00eenalt\u0103, este mai gros, ideal pentru zilele mai reci de toamn\u0103 \u0219i iarn\u0103. Colan\u021bii au o centur\u0103 lat\u0103, sunt modelatori cu efect Push up, preferatul m\u0103rcii noastre Ve\u021bi fi uimit\u0103 de ace\u0219ti colan\u021bi, de moliciunea [&hellip;]<\/p>\n","protected":false},"featured_media":20975,"comment_status":"open","ping_status":"closed","template":"","meta":[],"product_brand":[],"product_cat":[146,310],"product_tag":[],"class_list":{"0":"post-30935","1":"product","2":"type-product","3":"status-publish","4":"has-post-thumbnail","6":"product_cat-colanti-de-dama-sport","7":"product_cat-colanti-pentru-femei-lungi","8":"pa_cviat-maro","9":"pa_razmer-l-ro-2","10":"pa_razmer-m-ro","11":"pa_razmer-s-ro-2","12":"inventories-world","13":"inventories-uk","15":"first","16":"instock","17":"taxable","18":"shipping-taxable","19":"purchasable","20":"product-type-variable"},"_links":{"self":[{"href":"https:\/\/staging6.peach-pump.com\/ro\/wp-json\/wp\/v2\/product\/30935","targetHints":{"allow":["GET"]}}],"collection":[{"href":"https:\/\/staging6.peach-pump.com\/ro\/wp-json\/wp\/v2\/product"}],"about":[{"href":"https:\/\/staging6.peach-pump.com\/ro\/wp-json\/wp\/v2\/types\/product"}],"replies":[{"embeddable":true,"href":"https:\/\/staging6.peach-pump.com\/ro\/wp-json\/wp\/v2\/comments?post=30935"}],"version-history":[{"count":0,"href":"https:\/\/staging6.peach-pump.com\/ro\/wp-json\/wp\/v2\/product\/30935\/revisions"}],"wp:featuredmedia":[{"embeddable":true,"href":"https:\/\/staging6.peach-pump.com\/ro\/wp-json\/wp\/v2\/media\/20975"}],"wp:attachment":[{"href":"https:\/\/staging6.peach-pump.com\/ro\/wp-json\/wp\/v2\/media?parent=30935"}],"wp:term":[{"taxonomy":"product_brand","embeddable":true,"href":"https:\/\/staging6.peach-pump.com\/ro\/wp-json\/wp\/v2\/product_brand?post=30935"},{"taxonomy":"product_cat","embeddable":true,"href":"https:\/\/staging6.peach-pump.com\/ro\/wp-json\/wp\/v2\/product_cat?post=30935"},{"taxonomy":"product_tag","embeddable":true,"href":"https:\/\/staging6.peach-pump.com\/ro\/wp-json\/wp\/v2\/product_tag?post=30935"}],"curies":[{"name":"wp","href":"https:\/\/api.w.org\/{rel}","templated":true}]}}