{"id":30958,"date":"2022-09-25T11:03:28","date_gmt":"2022-09-25T09:03:28","guid":{"rendered":"https:\/\/staging6.peach-pump.com\/products\/bustiera-sport-fara-cusaturi-albastru-inchis-cu-captuseala-incorporata\/"},"modified":"2025-11-08T20:02:52","modified_gmt":"2025-11-08T18:02:52","slug":"bustiera-sport-fara-cusaturi-albastru-inchis","status":"publish","type":"product","link":"https:\/\/staging6.peach-pump.com\/ro\/products\/bustiera-sport-fara-cusaturi-albastru-inchis\/","title":{"rendered":"Bustier\u0103 sport f\u0103r\u0103 cus\u0103turi, albastru \u00eenchis, cu c\u0103ptu\u0219eal\u0103 \u00eencorporat\u0103"},"content":{"rendered":"<p>Bustier\u0103 sport f\u0103r\u0103 cus\u0103turi, de culoare albastru \u00eenchis, cu c\u0103ptu\u0219eal\u0103 \u00eencorporat\u0103, care nu se poate scoate. Modelul este confec\u021bionat dintr-o \u021bes\u0103tur\u0103 moale, foarte elastic\u0103 \u0219i respirabil\u0103, care \u00eendep\u0103rteaz\u0103 transpira\u021bia de corp. Bustiera poate fi purtat\u0103 \u0219i pe sub haine, designul s\u0103u este discret \u0219i ve\u021bi sim\u021bi un confort total \u0219i libertate de mi\u0219care. M\u0103rimea este universal\u0103 are o \u00eenchidere \u00een 4 trepte \u0219i un elastic lat. Modelul este disponibil \u00een diferite culori, \u00eel pute\u021bi combina cu colan\u021bi de aceea\u0219i culoare sau de alt\u0103 culoare. Vede\u021bi rubrica &#8211; &#8220;Seturi sportive&#8221;. <\/p>\n<ul>\n<li> C\u0103ptu\u0219eal\u0103 \u00eencorporat\u0103<\/li>\n<li> Efect Push-Up<\/li>\n<li> Decolteu ad\u00e2nc la spate<\/li>\n<li> Elasticitate mare<\/li>\n<li> \u00cenchidere \u00een 4 trepte<\/li>\n<li> Logo Peach Pump sigilat termic lateral pe bustier\u0103<\/li>\n<li> Tehnologia de eliminare a transpira\u021biei<\/li>\n<\/ul>\n<p>  Compozi\u021bie: 80% poliester 20% elastan Sutienul poate fi sp\u0103lat la temperaturi de p\u00e2n\u0103 la 30 de grade, v\u0103 rug\u0103m s\u0103 nu \u00een\u0103lbiti sau cur\u0103\u021ba\u021bi \u00een uscat.<br \/>\nModelul din imagine are 178 cm \u00een\u0103l\u021bime, c\u00e2nt\u0103re\u0219te 54 kg \u0219i pozeaz\u0103 \u00een m\u0103rimea M. V\u0103 rug\u0103m s\u0103 folosi\u021bi diagramele pentru a alege o m\u0103rime exact\u0103. <\/p>\n","protected":false},"excerpt":{"rendered":"<p>Bustier\u0103 sport f\u0103r\u0103 cus\u0103turi, de culoare albastru \u00eenchis, cu c\u0103ptu\u0219eal\u0103 \u00eencorporat\u0103, care nu se poate scoate. Modelul este confec\u021bionat dintr-o \u021bes\u0103tur\u0103 moale, foarte elastic\u0103 \u0219i respirabil\u0103, care \u00eendep\u0103rteaz\u0103 transpira\u021bia de corp. Bustiera poate fi purtat\u0103 \u0219i pe sub haine, designul s\u0103u este discret \u0219i ve\u021bi sim\u021bi un confort total \u0219i libertate de mi\u0219care. M\u0103rimea este [&hellip;]<\/p>\n","protected":false},"featured_media":20660,"comment_status":"open","ping_status":"closed","template":"","meta":[],"product_brand":[],"product_cat":[366],"product_tag":[],"class_list":{"0":"post-30958","1":"product","2":"type-product","3":"status-publish","4":"has-post-thumbnail","6":"product_cat-sutiene-sport-pentru-femei","7":"pa_cviat-albastru","8":"pa_razmer-l-ro-2","9":"pa_razmer-m-ro","10":"pa_razmer-s-ro-2","11":"inventories-world","12":"inventories-uk","14":"first","15":"instock","16":"taxable","17":"shipping-taxable","18":"purchasable","19":"product-type-variable"},"_links":{"self":[{"href":"https:\/\/staging6.peach-pump.com\/en\/wp-json\/wp\/v2\/product\/30958","targetHints":{"allow":["GET"]}}],"collection":[{"href":"https:\/\/staging6.peach-pump.com\/en\/wp-json\/wp\/v2\/product"}],"about":[{"href":"https:\/\/staging6.peach-pump.com\/en\/wp-json\/wp\/v2\/types\/product"}],"replies":[{"embeddable":true,"href":"https:\/\/staging6.peach-pump.com\/en\/wp-json\/wp\/v2\/comments?post=30958"}],"version-history":[{"count":0,"href":"https:\/\/staging6.peach-pump.com\/en\/wp-json\/wp\/v2\/product\/30958\/revisions"}],"wp:featuredmedia":[{"embeddable":true,"href":"https:\/\/staging6.peach-pump.com\/en\/wp-json\/wp\/v2\/media\/20660"}],"wp:attachment":[{"href":"https:\/\/staging6.peach-pump.com\/en\/wp-json\/wp\/v2\/media?parent=30958"}],"wp:term":[{"taxonomy":"product_brand","embeddable":true,"href":"https:\/\/staging6.peach-pump.com\/en\/wp-json\/wp\/v2\/product_brand?post=30958"},{"taxonomy":"product_cat","embeddable":true,"href":"https:\/\/staging6.peach-pump.com\/en\/wp-json\/wp\/v2\/product_cat?post=30958"},{"taxonomy":"product_tag","embeddable":true,"href":"https:\/\/staging6.peach-pump.com\/en\/wp-json\/wp\/v2\/product_tag?post=30958"}],"curies":[{"name":"wp","href":"https:\/\/api.w.org\/{rel}","templated":true}]}}