{"id":30961,"date":"2022-09-25T10:55:00","date_gmt":"2022-09-25T08:55:00","guid":{"rendered":"https:\/\/staging6.peach-pump.com\/products\/sutien-sportiv-fara-cusaturi-de-culoarea-menta-cu-captuseala-incorporata\/"},"modified":"2025-10-13T20:39:01","modified_gmt":"2025-10-13T18:39:01","slug":"sport-bustiera-menta-captuseala","status":"publish","type":"product","link":"https:\/\/staging6.peach-pump.com\/ro\/products\/sport-bustiera-menta-captuseala\/","title":{"rendered":"Sutien sportiv f\u0103r\u0103 cus\u0103turi, de culoarea ment\u0103, cu c\u0103ptu\u0219eal\u0103 \u00eencorporat\u0103"},"content":{"rendered":"<p>Sutien sportiv f\u0103r\u0103 cus\u0103turi, cu c\u0103ptu\u0219eal\u0103 \u00eencorporat\u0103, care nu poate fi \u00eendep\u0103rtat\u0103. Modelul este fabricat din \u021bes\u0103tur\u0103 u\u0219oar\u0103, foarte elastic\u0103, respirabil\u0103, care nu provoac\u0103 transpira\u021bie. Aceast\u0103 bustier\u0103 sport poate fi purtat\u0103 \u0219i pe sub haine, designul s\u0103u este discret \u0219i ve\u021bi sim\u021bi un confort total \u0219i libertate de mi\u0219care. M\u0103rimea este universal\u0103 are o \u00eenchider e\u0103n 4 trepte \u0219i un elastic lat. Modelul este disponibil \u00een diferite culori, \u00eel pute\u021bi asorta cu o cup\u0103 de aceea\u0219i culoare. Vede\u021bi rubrica &#8211; &#8220;Seturi sportive&#8221;. <\/p>\n<ul>\n<li> C\u0103ptu\u0219eal\u0103 \u00eencorporat\u0103<\/li>\n<li> Efect Push-Up<\/li>\n<li> Decolteu ad\u00e2nc la spate<\/li>\n<li> Elasticitate mare<\/li>\n<li> \u00cenchidere \u00een 4 trepte<\/li>\n<li> Logo Peach Pump sigilat termic lateral pe bustier\u0103<\/li>\n<li> Tehnologia de eliminare a transpira\u021biei<\/li>\n<\/ul>\n<p> Compozi\u021bie: 80% poliester 20% spandex. Bustiera poate fi sp\u0103lat\u0103 la temperaturi de p\u00e2n\u0103 la 30 de grade, v\u0103 rug\u0103m s\u0103 nu folosi\u021bi \u00een\u0103lbitor sau cur\u0103\u021bare uscat\u0103. Modelul din imagine are 178 cm \u00een\u0103l\u021bime, c\u00e2nt\u0103re\u0219te 54 kg \u0219i pozeaz\u0103 \u00een m\u0103rimea M.V\u0103 rug\u0103m s\u0103 utiliza\u021bi tabelele pentru a selecta dimensiunea exact\u0103. &nbsp;<\/p>\n","protected":false},"excerpt":{"rendered":"<p>Sutien sportiv f\u0103r\u0103 cus\u0103turi, cu c\u0103ptu\u0219eal\u0103 \u00eencorporat\u0103, care nu poate fi \u00eendep\u0103rtat\u0103. Modelul este fabricat din \u021bes\u0103tur\u0103 u\u0219oar\u0103, foarte elastic\u0103, respirabil\u0103, care nu provoac\u0103 transpira\u021bie. Aceast\u0103 bustier\u0103 sport poate fi purtat\u0103 \u0219i pe sub haine, designul s\u0103u este discret \u0219i ve\u021bi sim\u021bi un confort total \u0219i libertate de mi\u0219care. M\u0103rimea este universal\u0103 are o \u00eenchider [&hellip;]<\/p>\n","protected":false},"featured_media":20645,"comment_status":"open","ping_status":"closed","template":"","meta":[],"product_brand":[],"product_cat":[366],"product_tag":[],"class_list":{"0":"post-30961","1":"product","2":"type-product","3":"status-publish","4":"has-post-thumbnail","6":"product_cat-sutiene-sport-pentru-femei","7":"pa_cviat-verde","8":"pa_razmer-l-ro-2","9":"pa_razmer-m-ro","10":"pa_razmer-s-ro-2","11":"inventories-world","12":"inventories-uk","14":"first","15":"instock","16":"taxable","17":"shipping-taxable","18":"purchasable","19":"product-type-variable"},"_links":{"self":[{"href":"https:\/\/staging6.peach-pump.com\/en\/wp-json\/wp\/v2\/product\/30961","targetHints":{"allow":["GET"]}}],"collection":[{"href":"https:\/\/staging6.peach-pump.com\/en\/wp-json\/wp\/v2\/product"}],"about":[{"href":"https:\/\/staging6.peach-pump.com\/en\/wp-json\/wp\/v2\/types\/product"}],"replies":[{"embeddable":true,"href":"https:\/\/staging6.peach-pump.com\/en\/wp-json\/wp\/v2\/comments?post=30961"}],"version-history":[{"count":0,"href":"https:\/\/staging6.peach-pump.com\/en\/wp-json\/wp\/v2\/product\/30961\/revisions"}],"wp:featuredmedia":[{"embeddable":true,"href":"https:\/\/staging6.peach-pump.com\/en\/wp-json\/wp\/v2\/media\/20645"}],"wp:attachment":[{"href":"https:\/\/staging6.peach-pump.com\/en\/wp-json\/wp\/v2\/media?parent=30961"}],"wp:term":[{"taxonomy":"product_brand","embeddable":true,"href":"https:\/\/staging6.peach-pump.com\/en\/wp-json\/wp\/v2\/product_brand?post=30961"},{"taxonomy":"product_cat","embeddable":true,"href":"https:\/\/staging6.peach-pump.com\/en\/wp-json\/wp\/v2\/product_cat?post=30961"},{"taxonomy":"product_tag","embeddable":true,"href":"https:\/\/staging6.peach-pump.com\/en\/wp-json\/wp\/v2\/product_tag?post=30961"}],"curies":[{"name":"wp","href":"https:\/\/api.w.org\/{rel}","templated":true}]}}