{"id":30990,"date":"2022-09-24T15:37:46","date_gmt":"2022-09-24T13:37:46","guid":{"rendered":"https:\/\/staging6.peach-pump.com\/products\/colanti-sport-fara-cusaturi-de-culoare-albastru-inchis-cu-talie-inalta\/"},"modified":"2025-11-10T20:24:44","modified_gmt":"2025-11-10T18:24:44","slug":"fara-cusatura-albastru-inchis-colanti-talie-inalta","status":"publish","type":"product","link":"https:\/\/staging6.peach-pump.com\/ro\/products\/fara-cusatura-albastru-inchis-colanti-talie-inalta\/","title":{"rendered":"Colan\u021bi sport, f\u0103r\u0103 cus\u0103turi, de culoare albastru \u00eenchis cu talie \u00eenalt\u0103"},"content":{"rendered":"<p>Colan\u021bi sport, f\u0103r\u0103 cus\u0103turi, \u00een albastru \u00eenchis cu efectul \u00eendr\u0103git Peach Pump, sculpteaz\u0103 perfect corpul \u0219i creeaz\u0103 o senza\u021bie de lejeritate \u0219i confort. Talia este confec\u021bionat\u0103 din \u021bes\u0103tur\u0103 str\u00e2ns\u0103 f\u0103r\u0103 cus\u0103turi are talie \u00eenalt\u0103 \u0219i o centur\u0103 cu rupturi care str\u00e2nge talia \u0219i o modeleaz\u0103.<br \/>\nModelul este potrivit pentru o plimbare sau sal\u0103 de sport , cu el ve\u021bi ie\u0219i \u00een eviden\u021b\u0103 \u0219i ve\u021bi impresiona pe toat\u0103 lumea.  Acest model poate fi asortat cu o bustier\u0103 \u00een acela\u0219i model sau consulta\u021bi alte sugestii de culori \u00een rubrica &#8220;Haine sport&#8221;. \u00centre picioare este o \u021bes\u0103tur\u0103 mai str\u00e2mt\u0103, modelul nostru poart\u0103 m\u0103rimea M.  <\/p>\n<ul>\n<li>Talie \u00eenalt\u0103<\/li>\n<li>\u021aes\u0103tur\u0103 f\u0103r\u0103 cus\u0103turi<\/li>\n<li>Ridic\u0103, modeleaz\u0103, ascunde zonele cu probleme<\/li>\n<li>Centur\u0103 rips care str\u00e2nge talia<\/li>\n<li>Efect Peachy<\/li>\n<li>F\u0103r\u0103 cus\u0103tur\u0103 \u00een fa\u021b\u0103<\/li>\n<li>Logo Peach Pump sigilat termic pe partea din spate a colan\u021bilor<\/li>\n<li>Tehnologia de eliminare a transpira\u021biei<\/li>\n<\/ul>\n<p> Compozi\u021bie: 80% poliester 20% spandex. Geaca poate fi sp\u0103lat\u0103 la temperaturi de p\u00e2n\u0103 la 30 de grade, v\u0103 rug\u0103m s\u0103 nu folosi\u021bi \u00een\u0103lbitor sau cur\u0103\u021bare uscat\u0103. Modelul din imagine are o \u00een\u0103l\u021bime de 178 cm, c\u00e2nt\u0103re\u0219te 54 kg \u0219i pozeaz\u0103 \u00een m\u0103rimea M. Colan\u021bii sunt din material str\u00e2mt. V\u0103 rug\u0103m s\u0103 utiliza\u021bi tabelele pentru a selecta dimensiunea exact\u0103.<\/p>\n","protected":false},"excerpt":{"rendered":"<p>Colan\u021bi sport, f\u0103r\u0103 cus\u0103turi, \u00een albastru \u00eenchis cu efectul \u00eendr\u0103git Peach Pump, sculpteaz\u0103 perfect corpul \u0219i creeaz\u0103 o senza\u021bie de lejeritate \u0219i confort. Talia este confec\u021bionat\u0103 din \u021bes\u0103tur\u0103 str\u00e2ns\u0103 f\u0103r\u0103 cus\u0103turi are talie \u00eenalt\u0103 \u0219i o centur\u0103 cu rupturi care str\u00e2nge talia \u0219i o modeleaz\u0103. Modelul este potrivit pentru o plimbare sau sal\u0103 de sport [&hellip;]<\/p>\n","protected":false},"featured_media":20470,"comment_status":"open","ping_status":"closed","template":"","meta":[],"product_brand":[],"product_cat":[146,310],"product_tag":[],"class_list":{"0":"post-30990","1":"product","2":"type-product","3":"status-publish","4":"has-post-thumbnail","6":"product_cat-colanti-de-dama-sport","7":"product_cat-colanti-pentru-femei-lungi","8":"pa_cviat-albastru","9":"pa_razmer-l-ro-2","10":"pa_razmer-m-ro","11":"pa_razmer-s-ro-2","12":"inventories-world","13":"inventories-uk","15":"first","16":"instock","17":"taxable","18":"shipping-taxable","19":"purchasable","20":"product-type-variable"},"_links":{"self":[{"href":"https:\/\/staging6.peach-pump.com\/ro\/wp-json\/wp\/v2\/product\/30990","targetHints":{"allow":["GET"]}}],"collection":[{"href":"https:\/\/staging6.peach-pump.com\/ro\/wp-json\/wp\/v2\/product"}],"about":[{"href":"https:\/\/staging6.peach-pump.com\/ro\/wp-json\/wp\/v2\/types\/product"}],"replies":[{"embeddable":true,"href":"https:\/\/staging6.peach-pump.com\/ro\/wp-json\/wp\/v2\/comments?post=30990"}],"version-history":[{"count":0,"href":"https:\/\/staging6.peach-pump.com\/ro\/wp-json\/wp\/v2\/product\/30990\/revisions"}],"wp:featuredmedia":[{"embeddable":true,"href":"https:\/\/staging6.peach-pump.com\/ro\/wp-json\/wp\/v2\/media\/20470"}],"wp:attachment":[{"href":"https:\/\/staging6.peach-pump.com\/ro\/wp-json\/wp\/v2\/media?parent=30990"}],"wp:term":[{"taxonomy":"product_brand","embeddable":true,"href":"https:\/\/staging6.peach-pump.com\/ro\/wp-json\/wp\/v2\/product_brand?post=30990"},{"taxonomy":"product_cat","embeddable":true,"href":"https:\/\/staging6.peach-pump.com\/ro\/wp-json\/wp\/v2\/product_cat?post=30990"},{"taxonomy":"product_tag","embeddable":true,"href":"https:\/\/staging6.peach-pump.com\/ro\/wp-json\/wp\/v2\/product_tag?post=30990"}],"curies":[{"name":"wp","href":"https:\/\/api.w.org\/{rel}","templated":true}]}}