{"id":31000,"date":"2022-09-19T17:03:13","date_gmt":"2022-09-19T15:03:13","guid":{"rendered":"https:\/\/staging6.peach-pump.com\/products\/set-sport-din-doua-piese-fara-cusaturi-negru\/"},"modified":"2025-05-19T12:11:44","modified_gmt":"2025-05-19T10:11:44","slug":"set-sport-fara-cusaturi-culoare-neagra","status":"publish","type":"product","link":"https:\/\/staging6.peach-pump.com\/ro\/products\/set-sport-fara-cusaturi-culoare-neagra\/","title":{"rendered":"Set sport din dou\u0103 piese, f\u0103r\u0103 cus\u0103turi, negru"},"content":{"rendered":"<p>Set sport de dam\u0103, f\u0103r\u0103 cus\u0103turi, din dou\u0103 piese, de culoare neagr\u0103, cu efect modelator \u0219i Push Up. Colan\u021bii sunt confec\u021biona\u021bi dintr-o \u021bes\u0103tur\u0103 confortabil\u0103, f\u0103r\u0103 cus\u0103turi, cu o talie \u00eenalt\u0103 \u0219i o centur\u0103 lat\u0103 rips care str\u00e2nge u\u0219or \u0219i modeleaz\u0103 frumos mijlocul. Bustiera este c\u0103ptu\u0219it\u0103, are un spate ad\u00e2nc t\u0103iat \u0219i o \u00eenchidere \u00een 4 trepte pentru a ajusta circumferin\u021ba pieptului. Acest set se a\u0219eaz\u0103 perfect pe corp \u0219i sculpteaz\u0103 silueta, fiind confortabil pentru doamnele sportive active. Despre bustier\u0103\/sutien sportiv: <\/p>\n<ul>\n<li>C\u0103ptu\u0219eal\u0103 \u00eencorporat\u0103<\/li>\n<li>Efect Push-Up<\/li>\n<li>Bustier\u0103 cu croial\u0103 ad\u00e2nc\u0103 pe spate<\/li>\n<li>Elasticitate mare<\/li>\n<li>\u00cenchidere \u00een 4 trepte<\/li>\n<li>Logo Peach Pump sigilat termic pe partea lateral\u0103 a bustierei<\/li>\n<li>Tehnologia de eliminare a transpira\u021biei<\/li>\n<\/ul>\n<p> Despre colan\u021bi: <\/p>\n<ul>\n<li>Talie \u00eenalt\u0103<\/li>\n<li>\u021aes\u0103tur\u0103 f\u0103r\u0103 cus\u0103turi<\/li>\n<li>Ridic\u0103, modeleaz\u0103, ascunde zonele cu probleme<\/li>\n<li>Centur\u0103 rips care str\u00e2nge talia<\/li>\n<li>Efect Peachy<\/li>\n<li>F\u0103r\u0103 cus\u0103tur\u0103 \u00een fa\u021b\u0103<\/li>\n<li>Logo Peach Pump sigilat termic pe partea din spate a colan\u021bilor<\/li>\n<li>Tehnologia de eliminare a transpira\u021biei<\/li>\n<\/ul>\n<p> Compozi\u021bie: 80% poliester 20% spandex. Setul poate fi sp\u0103lat la temperaturi de p\u00e2n\u0103 la 30 de grade, v\u0103 rug\u0103m s\u0103 nu folosi\u021bi \u00een\u0103lbitor sau cur\u0103\u021bare uscat\u0103. Modelul din imagine are o \u00een\u0103l\u021bime de 178 cm, c\u00e2nt\u0103re\u0219te 54 kg \u0219i pozeaz\u0103 \u00een bustier\u0103 m\u0103rimea S\/M, jambiere m\u0103rimea M. V\u0103 rug\u0103m s\u0103 utiliza\u021bi tabelele pentru a selecta dimensiunea exact\u0103.<\/p>\n","protected":false},"excerpt":{"rendered":"<p>Set sport de dam\u0103, f\u0103r\u0103 cus\u0103turi, din dou\u0103 piese, de culoare neagr\u0103, cu efect modelator \u0219i Push Up. Colan\u021bii sunt confec\u021biona\u021bi dintr-o \u021bes\u0103tur\u0103 confortabil\u0103, f\u0103r\u0103 cus\u0103turi, cu o talie \u00eenalt\u0103 \u0219i o centur\u0103 lat\u0103 rips care str\u00e2nge u\u0219or \u0219i modeleaz\u0103 frumos mijlocul. Bustiera este c\u0103ptu\u0219it\u0103, are un spate ad\u00e2nc t\u0103iat \u0219i o \u00eenchidere \u00een 4 [&hellip;]<\/p>\n","protected":false},"featured_media":20277,"comment_status":"open","ping_status":"closed","template":"","meta":[],"product_brand":[],"product_cat":[367,369],"product_tag":[],"class_list":{"0":"post-31000","1":"product","2":"type-product","3":"status-publish","4":"has-post-thumbnail","6":"product_cat-seturi-de-trening-pentru-femei","7":"product_cat-seturi-sport-cu-colanti","8":"pa_cviat-negru","9":"pa_razmer-l-ro-2","10":"pa_razmer-m-ro","11":"pa_razmer-s-ro-2","12":"inventories-world","13":"inventories-uk","15":"first","16":"instock","17":"virtual","18":"taxable","19":"purchasable","20":"product-type-yith_bundle"},"_links":{"self":[{"href":"https:\/\/staging6.peach-pump.com\/ro\/wp-json\/wp\/v2\/product\/31000","targetHints":{"allow":["GET"]}}],"collection":[{"href":"https:\/\/staging6.peach-pump.com\/ro\/wp-json\/wp\/v2\/product"}],"about":[{"href":"https:\/\/staging6.peach-pump.com\/ro\/wp-json\/wp\/v2\/types\/product"}],"replies":[{"embeddable":true,"href":"https:\/\/staging6.peach-pump.com\/ro\/wp-json\/wp\/v2\/comments?post=31000"}],"version-history":[{"count":0,"href":"https:\/\/staging6.peach-pump.com\/ro\/wp-json\/wp\/v2\/product\/31000\/revisions"}],"wp:featuredmedia":[{"embeddable":true,"href":"https:\/\/staging6.peach-pump.com\/ro\/wp-json\/wp\/v2\/media\/20277"}],"wp:attachment":[{"href":"https:\/\/staging6.peach-pump.com\/ro\/wp-json\/wp\/v2\/media?parent=31000"}],"wp:term":[{"taxonomy":"product_brand","embeddable":true,"href":"https:\/\/staging6.peach-pump.com\/ro\/wp-json\/wp\/v2\/product_brand?post=31000"},{"taxonomy":"product_cat","embeddable":true,"href":"https:\/\/staging6.peach-pump.com\/ro\/wp-json\/wp\/v2\/product_cat?post=31000"},{"taxonomy":"product_tag","embeddable":true,"href":"https:\/\/staging6.peach-pump.com\/ro\/wp-json\/wp\/v2\/product_tag?post=31000"}],"curies":[{"name":"wp","href":"https:\/\/api.w.org\/{rel}","templated":true}]}}