{"id":31505,"date":"2022-09-03T17:22:12","date_gmt":"2022-09-03T15:22:12","guid":{"rendered":"https:\/\/staging6.peach-pump.com\/products\/bustiera-neagra-cu-captuseala-si-plasa-design-spectaculos-si-sexy\/"},"modified":"2025-11-05T17:22:46","modified_gmt":"2025-11-05T15:22:46","slug":"bustiera-neagra-catuseala-plasa-sport","status":"publish","type":"product","link":"https:\/\/staging6.peach-pump.com\/ro\/products\/bustiera-neagra-catuseala-plasa-sport\/","title":{"rendered":"Sutien cu umplutur\u0103 \u0219i plas\u0103, design sexy spectaculos \u00een negru"},"content":{"rendered":"<p>Bustier\u0103 sport de dam\u0103, cu un design interesant \u0219i c\u0103ptu\u0219eal\u0103. Modelul are un decolteu \u00een V \u0219i plas\u0103 fin\u0103 care \u021bine bustul \u0219i creeaz\u0103 o siluet\u0103 sexy foarte frumoas\u0103. Sutienul sport are un spate interesant \u0219i un elastic lat pentru confort \u0219i libertate total\u0103 de mi\u0219care. Disponibil\u0103 \u0219i \u00een alb. <\/p>\n<ul>\n<li>C\u0103ptu\u0219eal\u0103 \u00eencorporat\u0103<\/li>\n<li>G\u00e2t \u00een V cu plas\u0103<\/li>\n<li>Spate \u00eencruci\u0219at<\/li>\n<li>Elasticitate mare<\/li>\n<li>Logo-ul Peach Pump sigilat termic pe partea st\u00e2ng\u0103 sub bra\u021b<\/li>\n<li>Tehnologia de eliminare a transpira\u021biei<\/li>\n<\/ul>\n<p>  Compozi\u021bie: 80% poliester 20% spandex Sutienul poate fi sp\u0103lat la o temperatur\u0103 nu mai mare de 30 de grade, nu se \u00een\u0103lbesc sau se cur\u0103\u021b\u0103 pe uscat. Modelul din imagine are 178 cm \u00een\u0103l\u021bime, c\u00e2nt\u0103re\u0219te 54 kg \u0219i pozeaz\u0103 \u00een m\u0103rimea M.V\u0103 rug\u0103m s\u0103 utiliza\u021bi tabelele pentru a selecta dimensiunea exact\u0103. &nbsp;<\/p>\n","protected":false},"excerpt":{"rendered":"<p>Bustier\u0103 sport de dam\u0103, cu un design interesant \u0219i c\u0103ptu\u0219eal\u0103. Modelul are un decolteu \u00een V \u0219i plas\u0103 fin\u0103 care \u021bine bustul \u0219i creeaz\u0103 o siluet\u0103 sexy foarte frumoas\u0103. Sutienul sport are un spate interesant \u0219i un elastic lat pentru confort \u0219i libertate total\u0103 de mi\u0219care. Disponibil\u0103 \u0219i \u00een alb. C\u0103ptu\u0219eal\u0103 \u00eencorporat\u0103 G\u00e2t \u00een V [&hellip;]<\/p>\n","protected":false},"featured_media":19607,"comment_status":"open","ping_status":"closed","template":"","meta":[],"product_brand":[],"product_cat":[366],"product_tag":[],"class_list":{"0":"post-31505","1":"product","2":"type-product","3":"status-publish","4":"has-post-thumbnail","6":"product_cat-sutiene-sport-pentru-femei","7":"pa_cviat-negru","8":"pa_razmer-l-ro-2","9":"pa_razmer-m-ro","10":"pa_razmer-s-ro-2","11":"inventories-world","12":"inventories-uk","14":"first","15":"instock","16":"sale","17":"taxable","18":"shipping-taxable","19":"purchasable","20":"product-type-variable"},"_links":{"self":[{"href":"https:\/\/staging6.peach-pump.com\/en\/wp-json\/wp\/v2\/product\/31505","targetHints":{"allow":["GET"]}}],"collection":[{"href":"https:\/\/staging6.peach-pump.com\/en\/wp-json\/wp\/v2\/product"}],"about":[{"href":"https:\/\/staging6.peach-pump.com\/en\/wp-json\/wp\/v2\/types\/product"}],"replies":[{"embeddable":true,"href":"https:\/\/staging6.peach-pump.com\/en\/wp-json\/wp\/v2\/comments?post=31505"}],"version-history":[{"count":0,"href":"https:\/\/staging6.peach-pump.com\/en\/wp-json\/wp\/v2\/product\/31505\/revisions"}],"wp:featuredmedia":[{"embeddable":true,"href":"https:\/\/staging6.peach-pump.com\/en\/wp-json\/wp\/v2\/media\/19607"}],"wp:attachment":[{"href":"https:\/\/staging6.peach-pump.com\/en\/wp-json\/wp\/v2\/media?parent=31505"}],"wp:term":[{"taxonomy":"product_brand","embeddable":true,"href":"https:\/\/staging6.peach-pump.com\/en\/wp-json\/wp\/v2\/product_brand?post=31505"},{"taxonomy":"product_cat","embeddable":true,"href":"https:\/\/staging6.peach-pump.com\/en\/wp-json\/wp\/v2\/product_cat?post=31505"},{"taxonomy":"product_tag","embeddable":true,"href":"https:\/\/staging6.peach-pump.com\/en\/wp-json\/wp\/v2\/product_tag?post=31505"}],"curies":[{"name":"wp","href":"https:\/\/api.w.org\/{rel}","templated":true}]}}