{"id":31674,"date":"2022-07-04T17:55:01","date_gmt":"2022-07-04T15:55:01","guid":{"rendered":"https:\/\/staging6.peach-pump.com\/products\/colanti-de-dama-negri-cu-corset-si-talie-inalta\/"},"modified":"2025-11-10T18:31:58","modified_gmt":"2025-11-10T16:31:58","slug":"colanti-negri-cu-corset-talie-inalta","status":"publish","type":"product","link":"https:\/\/staging6.peach-pump.com\/ro\/products\/colanti-negri-cu-corset-talie-inalta\/","title":{"rendered":"Colan\u021bi de dam\u0103, negri, cu corset \u0219i talie \u00eenalt\u0103"},"content":{"rendered":"<p>Colan\u021bi de dam\u0103 cu corset, negri, ajustabili, cu \u00eenchidere cu 3 trepte. Colan\u021bii sunt concepu\u021bi pentru a reduce circumferin\u021ba taliei, au un u\u0219or efect de saun\u0103, ideali pentru doamnele dup\u0103 na\u0219tere care doresc s\u0103 revin\u0103 rapid la forma perfect\u0103. Potrivi\u021bi pentru antrenamente de for\u021b\u0103 \u0219i antrenamente cross fit sau antrenamente aerobice, cum ar fi alergarea \u0219i yoga. Corsetul este rigid, elastic, colan\u021bii sunt confec\u021biona\u021bi din \u021bes\u0103tur\u0103 u\u0219oar\u0103 cu uscare rapid\u0103.<\/p>\n<ul>\n<li>Talie \u00eenalt\u0103<\/li>\n<li>Corset care str\u00e2nge talia<\/li>\n<li>\u00cenchidere reglabil\u0103 la talie<\/li>\n<li>Tesatura cu uscare rapid\u0103<\/li>\n<li>Sigiliu Peach Pump sigilat termic pe partea din fa\u021b\u0103 a colan\u021bilor<\/li>\n<\/ul>\n<p>Compozi\u021bie: 80% poliester 20% spandex<\/p>\n<p>Geaca poate fi sp\u0103lat\u0103 la temperaturi de p\u00e2n\u0103 la 30 de grade, v\u0103 rug\u0103m s\u0103 nu folosi\u021bi \u00een\u0103lbitor sau cur\u0103\u021bare uscat\u0103.<\/p>\n<p>Modelul din imagine are 178 cm \u00een\u0103l\u021bime, c\u00e2nt\u0103re\u0219te 54 kg \u0219i pozeaz\u0103 \u00een m\u0103rimea M.<\/p>\n<p>V\u0103 rug\u0103m s\u0103 utiliza\u021bi tabelele pentru a selecta dimensiunea exact\u0103.<\/p>\n","protected":false},"excerpt":{"rendered":"<p>Colan\u021bi de dam\u0103 cu corset, negri, ajustabili, cu \u00eenchidere cu 3 trepte. Colan\u021bii sunt concepu\u021bi pentru a reduce circumferin\u021ba taliei, au un u\u0219or efect de saun\u0103, ideali pentru doamnele dup\u0103 na\u0219tere care doresc s\u0103 revin\u0103 rapid la forma perfect\u0103. Potrivi\u021bi pentru antrenamente de for\u021b\u0103 \u0219i antrenamente cross fit sau antrenamente aerobice, cum ar fi alergarea [&hellip;]<\/p>\n","protected":false},"featured_media":15412,"comment_status":"open","ping_status":"closed","template":"","meta":[],"product_brand":[],"product_cat":[146,310],"product_tag":[],"class_list":{"0":"post-31674","1":"product","2":"type-product","3":"status-publish","4":"has-post-thumbnail","6":"product_cat-colanti-de-dama-sport","7":"product_cat-colanti-pentru-femei-lungi","8":"pa_cviat-negru","9":"pa_razmer-l-ro-2","10":"pa_razmer-m-ro","11":"pa_razmer-s-ro-2","12":"inventories-world","13":"inventories-uk","15":"first","16":"instock","17":"taxable","18":"shipping-taxable","19":"purchasable","20":"product-type-variable"},"_links":{"self":[{"href":"https:\/\/staging6.peach-pump.com\/ro\/wp-json\/wp\/v2\/product\/31674","targetHints":{"allow":["GET"]}}],"collection":[{"href":"https:\/\/staging6.peach-pump.com\/ro\/wp-json\/wp\/v2\/product"}],"about":[{"href":"https:\/\/staging6.peach-pump.com\/ro\/wp-json\/wp\/v2\/types\/product"}],"replies":[{"embeddable":true,"href":"https:\/\/staging6.peach-pump.com\/ro\/wp-json\/wp\/v2\/comments?post=31674"}],"version-history":[{"count":0,"href":"https:\/\/staging6.peach-pump.com\/ro\/wp-json\/wp\/v2\/product\/31674\/revisions"}],"wp:featuredmedia":[{"embeddable":true,"href":"https:\/\/staging6.peach-pump.com\/ro\/wp-json\/wp\/v2\/media\/15412"}],"wp:attachment":[{"href":"https:\/\/staging6.peach-pump.com\/ro\/wp-json\/wp\/v2\/media?parent=31674"}],"wp:term":[{"taxonomy":"product_brand","embeddable":true,"href":"https:\/\/staging6.peach-pump.com\/ro\/wp-json\/wp\/v2\/product_brand?post=31674"},{"taxonomy":"product_cat","embeddable":true,"href":"https:\/\/staging6.peach-pump.com\/ro\/wp-json\/wp\/v2\/product_cat?post=31674"},{"taxonomy":"product_tag","embeddable":true,"href":"https:\/\/staging6.peach-pump.com\/ro\/wp-json\/wp\/v2\/product_tag?post=31674"}],"curies":[{"name":"wp","href":"https:\/\/api.w.org\/{rel}","templated":true}]}}