{"id":31750,"date":"2022-06-19T11:04:18","date_gmt":"2022-06-19T09:04:18","guid":{"rendered":"https:\/\/staging6.peach-pump.com\/products\/bustiera-alba-cu-plasa-si-captuseala-cu-design-sexy\/"},"modified":"2025-10-17T19:53:52","modified_gmt":"2025-10-17T17:53:52","slug":"alba-bustiera-cu-design-sexy-cu-plasa","status":"publish","type":"product","link":"https:\/\/staging6.peach-pump.com\/ro\/products\/alba-bustiera-cu-design-sexy-cu-plasa\/","title":{"rendered":"Bustier\u0103 alb\u0103 cu plas\u0103 \u0219i c\u0103ptu\u0219eal\u0103, cu design sexy"},"content":{"rendered":"<p>Bustier\u0103 sportiv\u0103 alb\u0103 cu plas\u0103, design interesant \u0219i c\u0103ptu\u0219eal\u0103. Modelul are un decolteu \u00een V \u0219i o plas\u0103 fin\u0103 care \u021bine bustul \u0219i creeaz\u0103 o siluet\u0103 sexy foarte frumoas\u0103. Sutienul sport are un spate interesant \u0219i un elastic lat pentru confort \u0219i libertate total\u0103 de mi\u0219care. Disponibil\u0103 \u0219i \u00een negru.<\/p>\n<ul>\n<li>C\u0103ptu\u0219eal\u0103 \u00eencorporat\u0103<\/li>\n<li>G\u00e2t \u00een V cu plas\u0103<\/li>\n<li>Spate \u00eencruci\u0219at<\/li>\n<li>Elasticitate mare<\/li>\n<li>Logo Peach Pump sigilat termic \u00een partea st\u00e2ng\u0103 la subra\u021b.<\/li>\n<li>Tehnologia de eliminare a transpira\u021biei<\/li>\n<li>Design sexy<\/li>\n<\/ul>\n<p>Compozi\u021bie: 80% poliester 20% spandex<\/p>\n<p>Bustiera poate fi sp\u0103lat\u0103 la temperaturi de p\u00e2n\u0103 la 30 de grade, v\u0103 rug\u0103m s\u0103 nu folosi\u021bi \u00een\u0103lbitor sau cur\u0103\u021bare uscat\u0103.<\/p>\n<p>Modelul din imagine are 178 cm \u00een\u0103l\u021bime, c\u00e2nt\u0103re\u0219te 54 kg \u0219i pozeaz\u0103 \u00een m\u0103rimea M.<\/p>\n<p>V\u0103 rug\u0103m s\u0103 utiliza\u021bi tabelele pentru a selecta dimensiunea exact\u0103.<\/p>\n","protected":false},"excerpt":{"rendered":"<p>Bustier\u0103 sportiv\u0103 alb\u0103 cu plas\u0103, design interesant \u0219i c\u0103ptu\u0219eal\u0103. Modelul are un decolteu \u00een V \u0219i o plas\u0103 fin\u0103 care \u021bine bustul \u0219i creeaz\u0103 o siluet\u0103 sexy foarte frumoas\u0103. Sutienul sport are un spate interesant \u0219i un elastic lat pentru confort \u0219i libertate total\u0103 de mi\u0219care. Disponibil\u0103 \u0219i \u00een negru. C\u0103ptu\u0219eal\u0103 \u00eencorporat\u0103 G\u00e2t \u00een V [&hellip;]<\/p>\n","protected":false},"featured_media":17740,"comment_status":"open","ping_status":"closed","template":"","meta":[],"product_brand":[],"product_cat":[366],"product_tag":[],"class_list":{"0":"post-31750","1":"product","2":"type-product","3":"status-publish","4":"has-post-thumbnail","6":"product_cat-sutiene-sport-pentru-femei","7":"pa_cviat-alb-ro","8":"pa_razmer-l-ro-2","9":"pa_razmer-m-ro","10":"pa_razmer-s-ro-2","11":"inventories-world","12":"inventories-uk","14":"first","15":"instock","16":"sale","17":"taxable","18":"shipping-taxable","19":"purchasable","20":"product-type-variable"},"_links":{"self":[{"href":"https:\/\/staging6.peach-pump.com\/en\/wp-json\/wp\/v2\/product\/31750","targetHints":{"allow":["GET"]}}],"collection":[{"href":"https:\/\/staging6.peach-pump.com\/en\/wp-json\/wp\/v2\/product"}],"about":[{"href":"https:\/\/staging6.peach-pump.com\/en\/wp-json\/wp\/v2\/types\/product"}],"replies":[{"embeddable":true,"href":"https:\/\/staging6.peach-pump.com\/en\/wp-json\/wp\/v2\/comments?post=31750"}],"version-history":[{"count":0,"href":"https:\/\/staging6.peach-pump.com\/en\/wp-json\/wp\/v2\/product\/31750\/revisions"}],"wp:featuredmedia":[{"embeddable":true,"href":"https:\/\/staging6.peach-pump.com\/en\/wp-json\/wp\/v2\/media\/17740"}],"wp:attachment":[{"href":"https:\/\/staging6.peach-pump.com\/en\/wp-json\/wp\/v2\/media?parent=31750"}],"wp:term":[{"taxonomy":"product_brand","embeddable":true,"href":"https:\/\/staging6.peach-pump.com\/en\/wp-json\/wp\/v2\/product_brand?post=31750"},{"taxonomy":"product_cat","embeddable":true,"href":"https:\/\/staging6.peach-pump.com\/en\/wp-json\/wp\/v2\/product_cat?post=31750"},{"taxonomy":"product_tag","embeddable":true,"href":"https:\/\/staging6.peach-pump.com\/en\/wp-json\/wp\/v2\/product_tag?post=31750"}],"curies":[{"name":"wp","href":"https:\/\/api.w.org\/{rel}","templated":true}]}}