{"id":40884,"date":"2023-05-20T20:39:22","date_gmt":"2023-05-20T18:39:22","guid":{"rendered":"https:\/\/staging6.peach-pump.com\/products\/colanti-spectaculosi-tip-charleston-de-culoare-bej\/"},"modified":"2025-11-09T13:28:47","modified_gmt":"2025-11-09T11:28:47","slug":"colanti-tip-charleston-culoare-bej","status":"publish","type":"product","link":"https:\/\/staging6.peach-pump.com\/ro\/products\/colanti-tip-charleston-culoare-bej\/","title":{"rendered":"Colan\u021bi sport Charleston bej"},"content":{"rendered":"<p>Un hit recent, colan\u021bi tip Charleston, bej, f\u0103r\u0103 cus\u0103turi \u00een fa\u021b\u0103, modeleaz\u0103 corpul \u0219i sculpteaz\u0103 silueta prin alungirea picioarelor \u0219i mic\u0219orarea taliei. Foarte la mod\u0103 \u0219i spectaculos pentru acest sezon. Asortat cu o bustier\u0103 \u00een acela\u0219i model. \u021aes\u0103tura colan\u021bilor sport este din rips fin, foarte elastic\u0103 \u0219i respirabil\u0103, nu permite transpira\u021bia. Cu acest model ve\u021bi avea libertate complet\u0103 de mi\u0219care.  <\/p>\n<ul>\n<li>crac larg tip Charleston cu \u0219li\u021buri la cap\u0103t<\/li>\n<li>F\u0103r\u0103 cus\u0103tur\u0103 \u00een fa\u021b\u0103<\/li>\n<li>Modeleaz\u0103 \u0219i ascunde zonele cu probleme<\/li>\n<li>\u021aes\u0103tur\u0103 elastic\u0103<\/li>\n<li>F\u0103r\u0103 efectul Peachy<\/li>\n<li>Logo Peach Pump sigilat termic pe partea din spate a colan\u021bilor<\/li>\n<li>\u021aes\u0103tur\u0103 pentru a \u00eendep\u0103rta umezeala de pe corp<\/li>\n<li>Design interesant<\/li>\n<li>Talie \u00eenalt\u0103<\/li>\n<\/ul>\n<p> Compozi\u021bie: 80% poliester 20% spandex. Modelul din imagine are 178 cm \u00een\u0103l\u021bime, c\u00e2nt\u0103re\u0219te 54 kg \u0219i pozeaz\u0103 \u00een m\u0103rimea M. Jambierele pot fi sp\u0103late p\u00e2n\u0103 la 30 de grade , v\u0103 rug\u0103m s\u0103 nu folosi\u021bi \u00een\u0103lbitor sau cur\u0103\u021bare uscat\u0103.<\/p>\n","protected":false},"excerpt":{"rendered":"<p>Un hit recent, colan\u021bi tip Charleston, bej, f\u0103r\u0103 cus\u0103turi \u00een fa\u021b\u0103, modeleaz\u0103 corpul \u0219i sculpteaz\u0103 silueta prin alungirea picioarelor \u0219i mic\u0219orarea taliei. Foarte la mod\u0103 \u0219i spectaculos pentru acest sezon. Asortat cu o bustier\u0103 \u00een acela\u0219i model. \u021aes\u0103tura colan\u021bilor sport este din rips fin, foarte elastic\u0103 \u0219i respirabil\u0103, nu permite transpira\u021bia. Cu acest model ve\u021bi [&hellip;]<\/p>\n","protected":false},"featured_media":39504,"comment_status":"open","ping_status":"closed","template":"","meta":[],"product_brand":[],"product_cat":[146,310],"product_tag":[],"class_list":{"0":"post-40884","1":"product","2":"type-product","3":"status-publish","4":"has-post-thumbnail","6":"product_cat-colanti-de-dama-sport","7":"product_cat-colanti-pentru-femei-lungi","8":"pa_cviat-bej","9":"pa_razmer-l-ro-2","10":"pa_razmer-m-ro","11":"pa_razmer-s-ro-2","12":"inventories-world","13":"inventories-uk","15":"first","16":"instock","17":"sale","18":"taxable","19":"shipping-taxable","20":"purchasable","21":"product-type-variable"},"_links":{"self":[{"href":"https:\/\/staging6.peach-pump.com\/ro\/wp-json\/wp\/v2\/product\/40884","targetHints":{"allow":["GET"]}}],"collection":[{"href":"https:\/\/staging6.peach-pump.com\/ro\/wp-json\/wp\/v2\/product"}],"about":[{"href":"https:\/\/staging6.peach-pump.com\/ro\/wp-json\/wp\/v2\/types\/product"}],"replies":[{"embeddable":true,"href":"https:\/\/staging6.peach-pump.com\/ro\/wp-json\/wp\/v2\/comments?post=40884"}],"version-history":[{"count":0,"href":"https:\/\/staging6.peach-pump.com\/ro\/wp-json\/wp\/v2\/product\/40884\/revisions"}],"wp:featuredmedia":[{"embeddable":true,"href":"https:\/\/staging6.peach-pump.com\/ro\/wp-json\/wp\/v2\/media\/39504"}],"wp:attachment":[{"href":"https:\/\/staging6.peach-pump.com\/ro\/wp-json\/wp\/v2\/media?parent=40884"}],"wp:term":[{"taxonomy":"product_brand","embeddable":true,"href":"https:\/\/staging6.peach-pump.com\/ro\/wp-json\/wp\/v2\/product_brand?post=40884"},{"taxonomy":"product_cat","embeddable":true,"href":"https:\/\/staging6.peach-pump.com\/ro\/wp-json\/wp\/v2\/product_cat?post=40884"},{"taxonomy":"product_tag","embeddable":true,"href":"https:\/\/staging6.peach-pump.com\/ro\/wp-json\/wp\/v2\/product_tag?post=40884"}],"curies":[{"name":"wp","href":"https:\/\/api.w.org\/{rel}","templated":true}]}}