{"id":48183,"date":"2023-08-04T10:32:35","date_gmt":"2023-08-04T08:32:35","guid":{"rendered":"https:\/\/staging6.peach-pump.com\/products\/sapca-alba-cu-cozoroc-si-logo-ul-roz-peach-pump\/"},"modified":"2025-11-04T09:37:33","modified_gmt":"2025-11-04T07:37:33","slug":"sapca-alba-cozoroc-roz-logo-peach-pump","status":"publish","type":"product","link":"https:\/\/staging6.peach-pump.com\/ro\/products\/sapca-alba-cozoroc-roz-logo-peach-pump\/","title":{"rendered":"\u0218apc\u0103 alb\u0103 cu cozoroc \u0219i logo-ul roz Peach Pump"},"content":{"rendered":"<p>Asorteaz\u0103-\u021bi colan\u021bii \u0219i bustierele preferate cu o \u0219apc\u0103 alb\u0103 cu cozoroc \u0219i logo-ul roz Peach Pump. \u00cen lunile fierbin\u021bi de var\u0103 va fi un accesoriu perfect pentru look-ul t\u0103u , protej\u00e2ndu-\u021bi \u00een acela\u0219i timp fa\u021ba de soarele str\u0103lucitor. \u0218apca are un design tridimensional brodat spectaculos, cu un logo roz cu margine alb\u0103 \u0219i o inscrip\u021bie motiva\u021bional\u0103 &#8220;Boss Lady&#8221;. \u0218apca este reglabil\u0103 cu o \u00eenchidere metalic\u0103 , iar cozorocul este curbat. Fii elegant\u0103 \u0219i diferit\u0103 cu aceast\u0103 not\u0103 final\u0103 perfect\u0103 pentru \u021binuta ta sportiv\u0103.<\/p>\n","protected":false},"excerpt":{"rendered":"<p>Asorteaz\u0103-\u021bi colan\u021bii \u0219i bustierele preferate cu o \u0219apc\u0103 alb\u0103 cu cozoroc \u0219i logo-ul roz Peach Pump. \u00cen lunile fierbin\u021bi de var\u0103 va fi un accesoriu perfect pentru look-ul t\u0103u , protej\u00e2ndu-\u021bi \u00een acela\u0219i timp fa\u021ba de soarele str\u0103lucitor. \u0218apca are un design tridimensional brodat spectaculos, cu un logo roz cu margine alb\u0103 \u0219i o inscrip\u021bie [&hellip;]<\/p>\n","protected":false},"featured_media":47769,"comment_status":"open","ping_status":"closed","template":"","meta":[],"product_brand":[],"product_cat":[779],"product_tag":[],"class_list":{"0":"post-48183","1":"product","2":"type-product","3":"status-publish","4":"has-post-thumbnail","6":"product_cat-accesorii","7":"pa_cviat-alb-roz","8":"pa_razmer-one-size-ro","9":"inventories-world","10":"inventories-uk","12":"first","13":"instock","14":"taxable","15":"shipping-taxable","16":"purchasable","17":"product-type-variable"},"_links":{"self":[{"href":"https:\/\/staging6.peach-pump.com\/en\/wp-json\/wp\/v2\/product\/48183","targetHints":{"allow":["GET"]}}],"collection":[{"href":"https:\/\/staging6.peach-pump.com\/en\/wp-json\/wp\/v2\/product"}],"about":[{"href":"https:\/\/staging6.peach-pump.com\/en\/wp-json\/wp\/v2\/types\/product"}],"replies":[{"embeddable":true,"href":"https:\/\/staging6.peach-pump.com\/en\/wp-json\/wp\/v2\/comments?post=48183"}],"version-history":[{"count":0,"href":"https:\/\/staging6.peach-pump.com\/en\/wp-json\/wp\/v2\/product\/48183\/revisions"}],"wp:featuredmedia":[{"embeddable":true,"href":"https:\/\/staging6.peach-pump.com\/en\/wp-json\/wp\/v2\/media\/47769"}],"wp:attachment":[{"href":"https:\/\/staging6.peach-pump.com\/en\/wp-json\/wp\/v2\/media?parent=48183"}],"wp:term":[{"taxonomy":"product_brand","embeddable":true,"href":"https:\/\/staging6.peach-pump.com\/en\/wp-json\/wp\/v2\/product_brand?post=48183"},{"taxonomy":"product_cat","embeddable":true,"href":"https:\/\/staging6.peach-pump.com\/en\/wp-json\/wp\/v2\/product_cat?post=48183"},{"taxonomy":"product_tag","embeddable":true,"href":"https:\/\/staging6.peach-pump.com\/en\/wp-json\/wp\/v2\/product_tag?post=48183"}],"curies":[{"name":"wp","href":"https:\/\/api.w.org\/{rel}","templated":true}]}}