{"id":57253,"date":"2023-10-28T12:51:09","date_gmt":"2023-10-28T10:51:09","guid":{"rendered":"https:\/\/staging6.peach-pump.com\/products\/coanti-negri-de-dama-cu-buzunare-si-catarama\/"},"modified":"2025-11-09T22:47:09","modified_gmt":"2025-11-09T20:47:09","slug":"negru-colant-de-dama-cu-buzunare-si-catarama","status":"publish","type":"product","link":"https:\/\/staging6.peach-pump.com\/ro\/products\/negru-colant-de-dama-cu-buzunare-si-catarama\/","title":{"rendered":"coan\u021bi negri de dam\u0103 cu buzunare \u0219i cataram\u0103"},"content":{"rendered":"<p>Colan\u021bi negri de dam\u0103 cu buzunare \u0219i cataram\u0103, confec\u021biona\u021bi din \u021bes\u0103tur\u0103 moale \u0219i elastic\u0103 , care modeleaz\u0103 perfect corpul. Acest model are buzunare \u00een partea din spate a colan\u021bilor \u0219i unul lateral cu \u00eenchidere cu nasturi. Buzunarul lateral are un element special de \u00eenchidere cu cataram\u0103 care face ca modelul s\u0103 fie extrem de interesant \u0219i potrivit at\u00e2t pentru sala de sport , cat \u0219i pentru plimb\u0103ri de agrement. Ace\u0219ti colan\u021bi se potrivesc perfect cu bustiere, topuri \u0219i geci din colec\u021bia extins\u0103 Peach Pump.<\/p>\n<ul>\n<li> Talie \u00eenalt\u0103<\/li>\n<li> Efect Peachy<\/li>\n<li> Logo Peach Pump sigilat termic pe partea din spate a colan\u021bilor<\/li>\n<li> Tehnologie pentru \u00eendep\u0103rtarea umidit\u0103\u021bii din corp<\/li>\n<li>Buzunare la partea din spate a colan\u021bilor<\/li>\n<li>Buzunar lateral<\/li>\n<li>Cataram\u0103 lateral\u0103<\/li>\n<\/ul>\n<p>Compozi\u021bie: 80% poliester 20% spandex<\/p>\n<p>Colan\u021bii poate fi sp\u0103la\u021bi la temperaturi de p\u00e2n\u0103 la 30 de grade, v\u0103 rug\u0103m s\u0103 nu folosi\u021bi \u00een\u0103lbitor sau cur\u0103\u021bare uscat\u0103.<\/p>\n<p>Modelul din fotografie are o \u00een\u0103l\u021bime de 178 cm, c\u00e2nt\u0103re\u0219te 54 kg \u0219i pozeaz\u0103 \u00een m\u0103rimea M.<\/p>\n<p>V\u0103 rug\u0103m s\u0103 utiliza\u021bi tabelele pentru a selecta dimensiunea exact\u0103.<\/p>\n","protected":false},"excerpt":{"rendered":"<p>Colan\u021bi negri de dam\u0103 cu buzunare \u0219i cataram\u0103, confec\u021biona\u021bi din \u021bes\u0103tur\u0103 moale \u0219i elastic\u0103 , care modeleaz\u0103 perfect corpul. Acest model are buzunare \u00een partea din spate a colan\u021bilor \u0219i unul lateral cu \u00eenchidere cu nasturi. Buzunarul lateral are un element special de \u00eenchidere cu cataram\u0103 care face ca modelul s\u0103 fie extrem de interesant [&hellip;]<\/p>\n","protected":false},"featured_media":106490,"comment_status":"open","ping_status":"closed","template":"","meta":[],"product_brand":[],"product_cat":[146,189,310],"product_tag":[],"class_list":{"0":"post-57253","1":"product","2":"type-product","3":"status-publish","4":"has-post-thumbnail","6":"product_cat-colanti-de-dama-sport","7":"product_cat-colanti-cu-buzunare","8":"product_cat-colanti-pentru-femei-lungi","9":"pa_cviat-negru","10":"pa_razmer-l-ro-2","11":"pa_razmer-m-ro","12":"pa_razmer-s-ro-2","13":"inventories-world","14":"inventories-uk","16":"first","17":"instock","18":"taxable","19":"shipping-taxable","20":"purchasable","21":"product-type-variable"},"_links":{"self":[{"href":"https:\/\/staging6.peach-pump.com\/ro\/wp-json\/wp\/v2\/product\/57253","targetHints":{"allow":["GET"]}}],"collection":[{"href":"https:\/\/staging6.peach-pump.com\/ro\/wp-json\/wp\/v2\/product"}],"about":[{"href":"https:\/\/staging6.peach-pump.com\/ro\/wp-json\/wp\/v2\/types\/product"}],"replies":[{"embeddable":true,"href":"https:\/\/staging6.peach-pump.com\/ro\/wp-json\/wp\/v2\/comments?post=57253"}],"version-history":[{"count":0,"href":"https:\/\/staging6.peach-pump.com\/ro\/wp-json\/wp\/v2\/product\/57253\/revisions"}],"wp:featuredmedia":[{"embeddable":true,"href":"https:\/\/staging6.peach-pump.com\/ro\/wp-json\/wp\/v2\/media\/106490"}],"wp:attachment":[{"href":"https:\/\/staging6.peach-pump.com\/ro\/wp-json\/wp\/v2\/media?parent=57253"}],"wp:term":[{"taxonomy":"product_brand","embeddable":true,"href":"https:\/\/staging6.peach-pump.com\/ro\/wp-json\/wp\/v2\/product_brand?post=57253"},{"taxonomy":"product_cat","embeddable":true,"href":"https:\/\/staging6.peach-pump.com\/ro\/wp-json\/wp\/v2\/product_cat?post=57253"},{"taxonomy":"product_tag","embeddable":true,"href":"https:\/\/staging6.peach-pump.com\/ro\/wp-json\/wp\/v2\/product_tag?post=57253"}],"curies":[{"name":"wp","href":"https:\/\/api.w.org\/{rel}","templated":true}]}}