{"id":59515,"date":"2023-11-21T13:01:42","date_gmt":"2023-11-21T11:01:42","guid":{"rendered":"https:\/\/staging6.peach-pump.com\/products\/colanti-negri-fara-cusaturi-cu-efect-modelator\/"},"modified":"2025-11-19T19:33:41","modified_gmt":"2025-11-19T17:33:41","slug":"colanti-negr-fara-cusaturi-modelatori-sport-2","status":"publish","type":"product","link":"https:\/\/staging6.peach-pump.com\/ro\/products\/colanti-negr-fara-cusaturi-modelatori-sport-2\/","title":{"rendered":"Colan\u021bi negri, f\u0103r\u0103 cus\u0103turi, cu efect modelator"},"content":{"rendered":"<p>Colan\u021bi negri f\u0103r\u0103 cus\u0103turi cu efect de modelare, manoper\u0103 \u0219i calitate de \u00eenalt\u0103 clas\u0103. Modelul este realizat dintr-o \u021bes\u0103tur\u0103 inovatoare f\u0103r\u0103 cus\u0103turi, cu o centur\u0103 larg\u0103 care cuprinde \u0219i stabilizeaz\u0103 talia \u00een timpul exerci\u021biilor fizice. Potrivit pentru antrenament de fitness, alergare, yoga \u0219i multe altele. Dac\u0103 sunte\u021bi \u00een c\u0103utarea unei pene modelatoare \u00een care s\u0103 v\u0103 sim\u021bi\u021bi confortabil, acesta este modelul potrivit. Are mult iubitul nostru efect Peach , literele Peach Pump \u021besute \u00een el, este o \u021bes\u0103tur\u0103 respirabil\u0103 \u0219i modeleaz\u0103 perfect corpul. Pot fi asorta\u021bi cu o bustier\u0103 sau un top, verifica\u021bi modelele de pe pagina noastr\u0103.<\/p>\n<ul>\n<li>Talie \u00eenalt\u0103<\/li>\n<li>\u021aes\u0103tur\u0103 f\u0103r\u0103 cus\u0103turi<\/li>\n<li>Ridic\u0103, modeleaz\u0103, ascunde zonele cu probleme<\/li>\n<li>Centur\u0103 rips care str\u00e2nge talia<\/li>\n<li>Efect Peachy<\/li>\n<li>F\u0103r\u0103 cus\u0103tur\u0103 \u00een fa\u021b\u0103<\/li>\n<li>Logo Peach Pump sigilat termic pe partea din spate a colan\u021bilor<\/li>\n<li>Logo &#8220;Peach Pump&#8221; \u021besut pe centur\u0103<\/li>\n<li>\u021aes\u0103tur\u0103 pentru a \u00eendep\u0103rta umezeala de pe corp<\/li>\n<\/ul>\n<p>Compozi\u021bie: 80% poliester 20% spandex<\/p>\n<p>Colan\u021bii pot fi sp\u0103la\u021bi la o temperatur\u0103 de p\u00e2n\u0103 la 30 de grade, v\u0103 rug\u0103m s\u0103 nu folosi\u021bi \u00een\u0103lbitor sau cur\u0103\u021bare uscat\u0103.<\/p>\n<p>Modelul din fotografie are o \u00een\u0103l\u021bime de 178 cm, c\u00e2nt\u0103re\u0219te 54 kg \u0219i pozeaz\u0103 \u00een m\u0103rimea M.<\/p>\n<p>V\u0103 rug\u0103m s\u0103 utiliza\u021bi tabelele pentru a selecta dimensiunea exact\u0103.<\/p>\n","protected":false},"excerpt":{"rendered":"<p>Colan\u021bi negri f\u0103r\u0103 cus\u0103turi cu efect de modelare, manoper\u0103 \u0219i calitate de \u00eenalt\u0103 clas\u0103. Modelul este realizat dintr-o \u021bes\u0103tur\u0103 inovatoare f\u0103r\u0103 cus\u0103turi, cu o centur\u0103 larg\u0103 care cuprinde \u0219i stabilizeaz\u0103 talia \u00een timpul exerci\u021biilor fizice. Potrivit pentru antrenament de fitness, alergare, yoga \u0219i multe altele. Dac\u0103 sunte\u021bi \u00een c\u0103utarea unei pene modelatoare \u00een care s\u0103 [&hellip;]<\/p>\n","protected":false},"featured_media":59217,"comment_status":"open","ping_status":"closed","template":"","meta":[],"product_brand":[],"product_cat":[146,310],"product_tag":[],"class_list":{"0":"post-59515","1":"product","2":"type-product","3":"status-publish","4":"has-post-thumbnail","6":"product_cat-colanti-de-dama-sport","7":"product_cat-colanti-pentru-femei-lungi","8":"pa_cviat-negru","9":"pa_razmer-l-ro-2","10":"pa_razmer-m-ro","11":"pa_razmer-s-ro-2","12":"pa_razmer-xl-ro","13":"inventories-world","14":"inventories-uk","16":"first","17":"instock","18":"taxable","19":"shipping-taxable","20":"purchasable","21":"product-type-variable"},"_links":{"self":[{"href":"https:\/\/staging6.peach-pump.com\/en\/wp-json\/wp\/v2\/product\/59515","targetHints":{"allow":["GET"]}}],"collection":[{"href":"https:\/\/staging6.peach-pump.com\/en\/wp-json\/wp\/v2\/product"}],"about":[{"href":"https:\/\/staging6.peach-pump.com\/en\/wp-json\/wp\/v2\/types\/product"}],"replies":[{"embeddable":true,"href":"https:\/\/staging6.peach-pump.com\/en\/wp-json\/wp\/v2\/comments?post=59515"}],"version-history":[{"count":0,"href":"https:\/\/staging6.peach-pump.com\/en\/wp-json\/wp\/v2\/product\/59515\/revisions"}],"wp:featuredmedia":[{"embeddable":true,"href":"https:\/\/staging6.peach-pump.com\/en\/wp-json\/wp\/v2\/media\/59217"}],"wp:attachment":[{"href":"https:\/\/staging6.peach-pump.com\/en\/wp-json\/wp\/v2\/media?parent=59515"}],"wp:term":[{"taxonomy":"product_brand","embeddable":true,"href":"https:\/\/staging6.peach-pump.com\/en\/wp-json\/wp\/v2\/product_brand?post=59515"},{"taxonomy":"product_cat","embeddable":true,"href":"https:\/\/staging6.peach-pump.com\/en\/wp-json\/wp\/v2\/product_cat?post=59515"},{"taxonomy":"product_tag","embeddable":true,"href":"https:\/\/staging6.peach-pump.com\/en\/wp-json\/wp\/v2\/product_tag?post=59515"}],"curies":[{"name":"wp","href":"https:\/\/api.w.org\/{rel}","templated":true}]}}