{"id":63612,"date":"2023-12-12T20:00:31","date_gmt":"2023-12-12T18:00:31","guid":{"rendered":"https:\/\/staging6.peach-pump.com\/products\/%d0%b2%d0%b0%d1%82%d0%b8%d1%80%d0%b0%d0%bd-%d1%81%d1%83%d0%b8%d1%82%d1%87%d1%8a%d1%80-%d1%81-%d0%ba%d0%b0%d1%87%d1%83%d0%bb%d0%ba%d0%b0-hoodie-%d0%b2-%d0%b1%d0%b5%d0%b6%d0%be%d0%b2-2\/"},"modified":"2025-11-03T15:36:47","modified_gmt":"2025-11-03T13:36:47","slug":"hanorac-vatuit-cu-gluga-bej-hoodie","status":"publish","type":"product","link":"https:\/\/staging6.peach-pump.com\/ro\/products\/hanorac-vatuit-cu-gluga-bej-hoodie\/","title":{"rendered":"Hanorac v\u0103tuit cu glug\u0103, &#8220;Hoodie&#8221;, bej"},"content":{"rendered":"<p>Hanorac sport v\u0103tuit cu glug\u0103 \u0219i buzunar cangur \u00een fa\u021b\u0103 &#8220;Hoodie&#8221; \u00een bej. Fabricat din 80% bumbac cu c\u0103ptu\u0219eal\u0103 interioar\u0103 moale \u0219i v\u0103tuit\u0103. Acest model de hanorac are un imprimeu 3D frontal &#8220;Peach Pump&#8221; \u00eent\u0103rit \u00een interior pentru o durabilitate mai mare, v\u0103 rug\u0103m s\u0103 nu \u00eendep\u0103rta\u021bi materialul de \u00eent\u0103rire \u0219i s\u0103 nu c\u0103lca\u021bi imprimeul. Hanoracul are m\u00e2neci c\u0103zute \u0219i broderie pe o m\u00e2nec\u0103. Croial\u0103 modern\u0103 \u0219i lejer\u0103 pentru un confort \u0219i o libertate de mi\u0219care sporite. Are o glug\u0103 mare cu logo &#8220;Peach Pump&#8221; cauciucat la spate.<\/p>\n<p>Salut\u0103 confortul de nivel urm\u0103tor, confort \u0219i senza\u021bia de moliciune cu acest model de hanorac.<\/p>\n<ul>\n<li>Croial\u0103 liber\u0103<\/li>\n<li>Um\u0103r c\u0103zut<\/li>\n<li>Imprimeu 3D &#8220;Peach Pump&#8221;<\/li>\n<li>Hanorac cu glug\u0103 cu logo cauciucat &#8220;Peach Pump&#8221;<\/li>\n<li>Inscrip\u021bie brodat\u0103 pe m\u00e2nec\u0103<\/li>\n<li>Buzunar cangur frontal<\/li>\n<li>C\u0103ptu\u0219eal\u0103 interioar\u0103 moale<\/li>\n<li>Margini rips la m\u00e2neci \u0219i la partea inferioar\u0103 a hanoracului<\/li>\n<\/ul>\n<p>Compozi\u021bie: 80% bumbac 20% poliester.<\/p>\n<p>Hanoracul se poate sp\u0103la la ma\u0219in\u0103 cu ap\u0103 rece, centrifug\u0103 cu rota\u021bii slabe \u0219i f\u0103r\u0103 \u00een\u0103lbitor, v\u0103 rug\u0103m s\u0103 nu c\u0103lca\u021bi peste imprimeu.<\/p>\n<p>Modelul din imagine are o \u00een\u0103l\u021bime de 174 cm \u0219i c\u00e2nt\u0103re\u0219te 52 kg. poz\u00e2nd cu m\u0103rimea L.<\/p>\n<p>Pentru o mai mare precizie \u00een selectarea m\u0103rimii, v\u0103 rug\u0103m s\u0103 utiliza\u021bi tabelul.<\/p>\n<p><a href=\"https:\/\/staging6.peach-pump.com\/wp-content\/uploads\/2023\/12\/IMG_2059-800x800.png\"><img loading=\"lazy\" decoding=\"async\" class=\"alignnone wp-image-62124\" src=\"https:\/\/staging6.peach-pump.com\/wp-content\/uploads\/2023\/12\/IMG_2059-800x800.png\" alt=\"Tabel m\u0103rimi hanorac Peach Pump\" width=\"500\" height=\"500\" srcset=\"https:\/\/staging6.peach-pump.com\/wp-content\/uploads\/2023\/12\/IMG_2059-800x800.png 800w, https:\/\/staging6.peach-pump.com\/wp-content\/uploads\/2023\/12\/IMG_2059-480x480.png 480w, https:\/\/staging6.peach-pump.com\/wp-content\/uploads\/2023\/12\/IMG_2059-1000x1000.png 1000w, https:\/\/staging6.peach-pump.com\/wp-content\/uploads\/2023\/12\/IMG_2059-300x300.png 300w, https:\/\/staging6.peach-pump.com\/wp-content\/uploads\/2023\/12\/IMG_2059-150x150.png 150w, https:\/\/staging6.peach-pump.com\/wp-content\/uploads\/2023\/12\/IMG_2059-768x768.png 768w, https:\/\/staging6.peach-pump.com\/wp-content\/uploads\/2023\/12\/IMG_2059-990x990.png 990w, https:\/\/staging6.peach-pump.com\/wp-content\/uploads\/2023\/12\/IMG_2059-441x441.png 441w, https:\/\/staging6.peach-pump.com\/wp-content\/uploads\/2023\/12\/IMG_2059-100x100.png 100w, https:\/\/staging6.peach-pump.com\/wp-content\/uploads\/2023\/12\/IMG_2059-64x64.png 64w, https:\/\/staging6.peach-pump.com\/wp-content\/uploads\/2023\/12\/IMG_2059.png 1080w\" sizes=\"auto, (max-width: 500px) 100vw, 500px\" \/><\/a><\/p>\n","protected":false},"excerpt":{"rendered":"<p>Hanorac sport v\u0103tuit cu glug\u0103 \u0219i buzunar cangur \u00een fa\u021b\u0103 &#8220;Hoodie&#8221; \u00een bej. Fabricat din 80% bumbac cu c\u0103ptu\u0219eal\u0103 interioar\u0103 moale \u0219i v\u0103tuit\u0103. Acest model de hanorac are un imprimeu 3D frontal &#8220;Peach Pump&#8221; \u00eent\u0103rit \u00een interior pentru o durabilitate mai mare, v\u0103 rug\u0103m s\u0103 nu \u00eendep\u0103rta\u021bi materialul de \u00eent\u0103rire \u0219i s\u0103 nu c\u0103lca\u021bi imprimeul. [&hellip;]<\/p>\n","protected":false},"featured_media":62392,"comment_status":"open","ping_status":"closed","template":"","meta":[],"product_brand":[],"product_cat":[1115,365],"product_tag":[],"class_list":{"0":"post-63612","1":"product","2":"type-product","3":"status-publish","4":"has-post-thumbnail","6":"product_cat-hanorace-dama-hoodie","7":"product_cat-tricouri-sport-femei","8":"pa_cviat-crem","9":"pa_razmer-l-ro-2","10":"pa_razmer-m-ro","11":"inventories-world","12":"inventories-uk","14":"first","15":"instock","16":"taxable","17":"shipping-taxable","18":"purchasable","19":"product-type-variable"},"_links":{"self":[{"href":"https:\/\/staging6.peach-pump.com\/en\/wp-json\/wp\/v2\/product\/63612","targetHints":{"allow":["GET"]}}],"collection":[{"href":"https:\/\/staging6.peach-pump.com\/en\/wp-json\/wp\/v2\/product"}],"about":[{"href":"https:\/\/staging6.peach-pump.com\/en\/wp-json\/wp\/v2\/types\/product"}],"replies":[{"embeddable":true,"href":"https:\/\/staging6.peach-pump.com\/en\/wp-json\/wp\/v2\/comments?post=63612"}],"version-history":[{"count":0,"href":"https:\/\/staging6.peach-pump.com\/en\/wp-json\/wp\/v2\/product\/63612\/revisions"}],"wp:featuredmedia":[{"embeddable":true,"href":"https:\/\/staging6.peach-pump.com\/en\/wp-json\/wp\/v2\/media\/62392"}],"wp:attachment":[{"href":"https:\/\/staging6.peach-pump.com\/en\/wp-json\/wp\/v2\/media?parent=63612"}],"wp:term":[{"taxonomy":"product_brand","embeddable":true,"href":"https:\/\/staging6.peach-pump.com\/en\/wp-json\/wp\/v2\/product_brand?post=63612"},{"taxonomy":"product_cat","embeddable":true,"href":"https:\/\/staging6.peach-pump.com\/en\/wp-json\/wp\/v2\/product_cat?post=63612"},{"taxonomy":"product_tag","embeddable":true,"href":"https:\/\/staging6.peach-pump.com\/en\/wp-json\/wp\/v2\/product_tag?post=63612"}],"curies":[{"name":"wp","href":"https:\/\/api.w.org\/{rel}","templated":true}]}}