{"id":63637,"date":"2023-12-13T18:11:44","date_gmt":"2023-12-13T16:11:44","guid":{"rendered":"https:\/\/staging6.peach-pump.com\/products\/%d0%bb%d0%b8%d0%bb%d0%b0%d0%b2%d0%b0-%d0%b7%d0%b8%d0%bc%d0%bd%d0%b0-%d1%88%d0%b0%d0%bf%d0%ba%d0%b0-%d0%b1%d0%b8%d0%b9%d0%bd%d0%b8\/"},"modified":"2025-06-21T16:09:42","modified_gmt":"2025-06-21T14:09:42","slug":"fes-de-iarna-violet","status":"publish","type":"product","link":"https:\/\/staging6.peach-pump.com\/ro\/products\/fes-de-iarna-violet\/","title":{"rendered":"fes violet de iarn\u0103 tip beanie"},"content":{"rendered":"<p>Fes de iarn\u0103 mov din colec\u021bia &#8220;Peach Pump&#8221; cu boruri inversate pentru o mai bun\u0103 izolare de frig \u0219i logo din piele \u00een fa\u021b\u0103. Design elastic, material foarte moale \u0219i pl\u0103cut la atingere. Fes este disponibil\u0103 \u00een diferite culori. Acest model va fi o not\u0103 final\u0103 perfect\u0103 pentru \u021binuta ta \u00een zilele reci.<\/p>\n<p>&nbsp;<\/p>\n","protected":false},"excerpt":{"rendered":"<p>Fes de iarn\u0103 mov din colec\u021bia &#8220;Peach Pump&#8221; cu boruri inversate pentru o mai bun\u0103 izolare de frig \u0219i logo din piele \u00een fa\u021b\u0103. Design elastic, material foarte moale \u0219i pl\u0103cut la atingere. Fes este disponibil\u0103 \u00een diferite culori. Acest model va fi o not\u0103 final\u0103 perfect\u0103 pentru \u021binuta ta \u00een zilele reci. &nbsp;<\/p>\n","protected":false},"featured_media":62623,"comment_status":"open","ping_status":"closed","template":"","meta":[],"product_brand":[],"product_cat":[779],"product_tag":[],"class_list":{"0":"post-63637","1":"product","2":"type-product","3":"status-publish","4":"has-post-thumbnail","6":"product_cat-accesorii","7":"pa_razmer-one-size-ro","8":"inventories-world","9":"inventories-uk","11":"first","12":"instock","13":"taxable","14":"shipping-taxable","15":"purchasable","16":"product-type-variable"},"_links":{"self":[{"href":"https:\/\/staging6.peach-pump.com\/ro\/wp-json\/wp\/v2\/product\/63637","targetHints":{"allow":["GET"]}}],"collection":[{"href":"https:\/\/staging6.peach-pump.com\/ro\/wp-json\/wp\/v2\/product"}],"about":[{"href":"https:\/\/staging6.peach-pump.com\/ro\/wp-json\/wp\/v2\/types\/product"}],"replies":[{"embeddable":true,"href":"https:\/\/staging6.peach-pump.com\/ro\/wp-json\/wp\/v2\/comments?post=63637"}],"version-history":[{"count":0,"href":"https:\/\/staging6.peach-pump.com\/ro\/wp-json\/wp\/v2\/product\/63637\/revisions"}],"wp:featuredmedia":[{"embeddable":true,"href":"https:\/\/staging6.peach-pump.com\/ro\/wp-json\/wp\/v2\/media\/62623"}],"wp:attachment":[{"href":"https:\/\/staging6.peach-pump.com\/ro\/wp-json\/wp\/v2\/media?parent=63637"}],"wp:term":[{"taxonomy":"product_brand","embeddable":true,"href":"https:\/\/staging6.peach-pump.com\/ro\/wp-json\/wp\/v2\/product_brand?post=63637"},{"taxonomy":"product_cat","embeddable":true,"href":"https:\/\/staging6.peach-pump.com\/ro\/wp-json\/wp\/v2\/product_cat?post=63637"},{"taxonomy":"product_tag","embeddable":true,"href":"https:\/\/staging6.peach-pump.com\/ro\/wp-json\/wp\/v2\/product_tag?post=63637"}],"curies":[{"name":"wp","href":"https:\/\/api.w.org\/{rel}","templated":true}]}}