{"id":63641,"date":"2023-12-13T18:17:53","date_gmt":"2023-12-13T16:17:53","guid":{"rendered":"https:\/\/staging6.peach-pump.com\/products\/%d0%b7%d0%b5%d0%bb%d0%b5%d0%bd%d0%b0-%d0%b7%d0%b8%d0%bc%d0%bd%d0%b0-%d1%88%d0%b0%d0%bf%d0%ba%d0%b0-%d0%b1%d0%b8%d0%b9%d0%bd%d0%b8\/"},"modified":"2025-10-06T11:05:06","modified_gmt":"2025-10-06T09:05:06","slug":"fes-de-iarna-verde","status":"publish","type":"product","link":"https:\/\/staging6.peach-pump.com\/ro\/products\/fes-de-iarna-verde\/","title":{"rendered":"Fes de iarn\u0103 verde tip beanie"},"content":{"rendered":"<p>Fes de iarn\u0103 verde din colec\u021bia &#8220;Peach Pump&#8221;, cu boruri inversate pentru o mai bun\u0103 izolare \u00eempotriva frigului \u0219i un logo din piele \u00een fa\u021b\u0103. Design elastic, material foarte moale \u0219i pl\u0103cut la atingere. Fesul este disponibil \u00een diferite culori. Acest model va fi o not\u0103 final\u0103 perfect\u0103 pentru \u021binuta ta \u00een zilele reci.<\/p>\n<p>&nbsp;<\/p>\n","protected":false},"excerpt":{"rendered":"<p>Fes de iarn\u0103 verde din colec\u021bia &#8220;Peach Pump&#8221;, cu boruri inversate pentru o mai bun\u0103 izolare \u00eempotriva frigului \u0219i un logo din piele \u00een fa\u021b\u0103. Design elastic, material foarte moale \u0219i pl\u0103cut la atingere. Fesul este disponibil \u00een diferite culori. Acest model va fi o not\u0103 final\u0103 perfect\u0103 pentru \u021binuta ta \u00een zilele reci. &nbsp;<\/p>\n","protected":false},"featured_media":62649,"comment_status":"open","ping_status":"closed","template":"","meta":[],"product_brand":[],"product_cat":[779],"product_tag":[],"class_list":{"0":"post-63641","1":"product","2":"type-product","3":"status-publish","4":"has-post-thumbnail","6":"product_cat-accesorii","7":"pa_cviat-verde","8":"pa_razmer-one-size-ro","9":"inventories-world","10":"inventories-uk","12":"first","13":"instock","14":"taxable","15":"shipping-taxable","16":"purchasable","17":"product-type-variable"},"_links":{"self":[{"href":"https:\/\/staging6.peach-pump.com\/ro\/wp-json\/wp\/v2\/product\/63641","targetHints":{"allow":["GET"]}}],"collection":[{"href":"https:\/\/staging6.peach-pump.com\/ro\/wp-json\/wp\/v2\/product"}],"about":[{"href":"https:\/\/staging6.peach-pump.com\/ro\/wp-json\/wp\/v2\/types\/product"}],"replies":[{"embeddable":true,"href":"https:\/\/staging6.peach-pump.com\/ro\/wp-json\/wp\/v2\/comments?post=63641"}],"version-history":[{"count":0,"href":"https:\/\/staging6.peach-pump.com\/ro\/wp-json\/wp\/v2\/product\/63641\/revisions"}],"wp:featuredmedia":[{"embeddable":true,"href":"https:\/\/staging6.peach-pump.com\/ro\/wp-json\/wp\/v2\/media\/62649"}],"wp:attachment":[{"href":"https:\/\/staging6.peach-pump.com\/ro\/wp-json\/wp\/v2\/media?parent=63641"}],"wp:term":[{"taxonomy":"product_brand","embeddable":true,"href":"https:\/\/staging6.peach-pump.com\/ro\/wp-json\/wp\/v2\/product_brand?post=63641"},{"taxonomy":"product_cat","embeddable":true,"href":"https:\/\/staging6.peach-pump.com\/ro\/wp-json\/wp\/v2\/product_cat?post=63641"},{"taxonomy":"product_tag","embeddable":true,"href":"https:\/\/staging6.peach-pump.com\/ro\/wp-json\/wp\/v2\/product_tag?post=63641"}],"curies":[{"name":"wp","href":"https:\/\/api.w.org\/{rel}","templated":true}]}}