{"id":66859,"date":"2024-01-12T18:35:56","date_gmt":"2024-01-12T16:35:56","guid":{"rendered":"https:\/\/staging6.peach-pump.com\/products\/%d1%81%d0%b8%d0%b2%d0%be-%d0%b7%d0%b8%d0%bc%d0%bd%d0%be-%d1%8f%d0%ba%d0%b5-%d1%81%d0%bb%d0%be%d0%bd%d0%be%d0%b2%d0%b0-%d0%ba%d0%be%d1%81%d1%82\/"},"modified":"2025-10-31T16:13:30","modified_gmt":"2025-10-31T14:13:30","slug":"geaca-de-iarna-gri","status":"publish","type":"product","link":"https:\/\/staging6.peach-pump.com\/ro\/products\/geaca-de-iarna-gri\/","title":{"rendered":"Geac\u0103 de iarn\u0103 gri Peach Pump"},"content":{"rendered":"<p class=\"p1\"><span class=\"s1\">Geac\u0103 de iarn\u0103 c\u0103lduroas\u0103, de culoare gri, cu umplutur\u0103 100% bumbac, culoare &#8220;filde\u0219&#8221;. Modelul este sportiv, cu o croial\u0103 modern\u0103 mai scurt\u0103, are un tiv reglabil cu \u0219nururi elastice, dou\u0103 buzunare laterale oblice cu fermoar. Broderie 3D interesant\u0103 &#8220;Peach Pump&#8221; pe partea din fa\u021b\u0103 \u0219i logo-ul &#8220;Peach Pump&#8221; brodat pe um\u0103r. Geaca are un design cu \u0219apc\u0103 \u0219i guler \u00eenalt, c\u0103ptu\u0219eal\u0103 gri moale \u0219i m\u00e2neci cu man\u0219et\u0103 elastic\u0103. Cu acest model v\u0103 ve\u021bi \u00eenc\u0103lzi \u0219i, \u00een acela\u0219i timp, v\u0103 ve\u021bi sim\u021bi frumoas\u0103, \u00eencrez\u0103toare \u0219i sexy. O varietate de culori la mod\u0103 pentru acest sezon, un model creat cu dragoste pentru voi. <\/span><\/p>\n<ul class=\"ul1\">\n<li><span class=\"s1\">Geac\u0103 de iarn\u0103 gri<\/span><\/li>\n<li class=\"li1\"><span class=\"s1\">Guler \u00eenalt<\/span><\/li>\n<li class=\"li1\"><span class=\"s1\">Buzunare laterale cu fermoar<\/span><\/li>\n<li class=\"li1\"><span class=\"s1\">Logo-ul &#8220;Peach Pump&#8221; brodat 3D pe fa\u021b\u0103 \u0219i pe um\u0103r<\/span><\/li>\n<li class=\"li1\"><span class=\"s1\">C\u0103ptu\u0219eal\u0103 moale<\/span><\/li>\n<li class=\"li1\"><span class=\"s1\">Design capitonat<\/span><\/li>\n<li>Man\u0219ete elastice la m\u00e2neci<\/li>\n<li class=\"li1\"><span class=\"s1\">Tiv reglabil cu \u0219nururi elastice<\/span><\/li>\n<li>Umplutura gecii e din bumbac 100%.<\/li>\n<\/ul>\n<p class=\"p1\"><span class=\"s1\">Compozi\u021bie partea exterioar\u0103: 100% poliester, umplutur\u0103 100% bumbac<\/span><\/p>\n<p class=\"p1\"><span class=\"s1\">Modelul din imagine are o \u00een\u0103l\u021bime de 180 de metri \u0219i c\u00e2nt\u0103re\u0219te 58 kg. \u0219i pozeaz\u0103 \u00een m\u0103rimea M. <\/span><\/p>\n<p>V\u0103 rug\u0103m s\u0103 urma\u021bi instruc\u021biunile de pe etichet\u0103 pentru \u00eentre\u021binerea corect\u0103 a articolului.<\/p>\n","protected":false},"excerpt":{"rendered":"<p>Geac\u0103 de iarn\u0103 c\u0103lduroas\u0103, de culoare gri, cu umplutur\u0103 100% bumbac, culoare &#8220;filde\u0219&#8221;. Modelul este sportiv, cu o croial\u0103 modern\u0103 mai scurt\u0103, are un tiv reglabil cu \u0219nururi elastice, dou\u0103 buzunare laterale oblice cu fermoar. Broderie 3D interesant\u0103 &#8220;Peach Pump&#8221; pe partea din fa\u021b\u0103 \u0219i logo-ul &#8220;Peach Pump&#8221; brodat pe um\u0103r. Geaca are un design [&hellip;]<\/p>\n","protected":false},"featured_media":65418,"comment_status":"open","ping_status":"closed","template":"","meta":[],"product_brand":[],"product_cat":[924],"product_tag":[],"class_list":{"0":"post-66859","1":"product","2":"type-product","3":"status-publish","4":"has-post-thumbnail","6":"product_cat-jachete-dama","7":"pa_cviat-gri","8":"pa_razmer-l-ro-2","9":"pa_razmer-m-ro","10":"pa_razmer-s-ro-2","11":"inventories-world","12":"inventories-uk","14":"first","15":"instock","16":"taxable","17":"shipping-taxable","18":"purchasable","19":"product-type-variable"},"_links":{"self":[{"href":"https:\/\/staging6.peach-pump.com\/ro\/wp-json\/wp\/v2\/product\/66859","targetHints":{"allow":["GET"]}}],"collection":[{"href":"https:\/\/staging6.peach-pump.com\/ro\/wp-json\/wp\/v2\/product"}],"about":[{"href":"https:\/\/staging6.peach-pump.com\/ro\/wp-json\/wp\/v2\/types\/product"}],"replies":[{"embeddable":true,"href":"https:\/\/staging6.peach-pump.com\/ro\/wp-json\/wp\/v2\/comments?post=66859"}],"version-history":[{"count":0,"href":"https:\/\/staging6.peach-pump.com\/ro\/wp-json\/wp\/v2\/product\/66859\/revisions"}],"wp:featuredmedia":[{"embeddable":true,"href":"https:\/\/staging6.peach-pump.com\/ro\/wp-json\/wp\/v2\/media\/65418"}],"wp:attachment":[{"href":"https:\/\/staging6.peach-pump.com\/ro\/wp-json\/wp\/v2\/media?parent=66859"}],"wp:term":[{"taxonomy":"product_brand","embeddable":true,"href":"https:\/\/staging6.peach-pump.com\/ro\/wp-json\/wp\/v2\/product_brand?post=66859"},{"taxonomy":"product_cat","embeddable":true,"href":"https:\/\/staging6.peach-pump.com\/ro\/wp-json\/wp\/v2\/product_cat?post=66859"},{"taxonomy":"product_tag","embeddable":true,"href":"https:\/\/staging6.peach-pump.com\/ro\/wp-json\/wp\/v2\/product_tag?post=66859"}],"curies":[{"name":"wp","href":"https:\/\/api.w.org\/{rel}","templated":true}]}}