{"id":69200,"date":"2024-01-19T18:58:19","date_gmt":"2024-01-19T16:58:19","guid":{"rendered":"https:\/\/staging6.peach-pump.com\/products\/%d1%82%d1%8a%d0%bc%d0%bd%d0%be-%d1%81%d0%b8%d0%bd-%d0%b3%d0%b0%d1%89%d0%b5%d1%80%d0%b8%d0%b7%d0%be%d0%bd-%d0%bf%d0%be-%d1%82%d1%8f%d0%bb%d0%be%d1%82%d0%be\/"},"modified":"2025-11-09T16:41:49","modified_gmt":"2025-11-09T14:41:49","slug":"salopeta-albastru-inchis-pe-corp","status":"publish","type":"product","link":"https:\/\/staging6.peach-pump.com\/ro\/products\/salopeta-albastru-inchis-pe-corp\/","title":{"rendered":"Salopet\u0103 v\u0103tuit\u0103 mulat\u0103 albastru \u00eenchis &#8220;Catsuits&#8221;"},"content":{"rendered":"<p>Salopet\u0103 mulat\u0103 albastru \u00eenchis cu c\u0103ptu\u0219eal\u0103 moale v\u0103tuit\u0103, \u021bes\u0103tur\u0103 respirabil\u0103, ideal\u0103 pentru exerci\u021bii fizice sau plimb\u0103ri pe vreme rece. Modelul are un fermoar \u00een fa\u021b\u0103, inscrip\u021bie intern\u0103 Peach Pump \u0219i logo-ul &#8220;Peach Pump&#8221; cauciucat pe um\u0103r. Salopeta se potrive\u0219te perfect corpului \u0219i \u00eel sculpteaz\u0103 ca o clepsidr\u0103, ascunz\u00e2nd imperfec\u021biunile. Modelul nu are cus\u0103tur\u0103 \u00een fa\u021b\u0103. De asemenea, potrivit\u0103 pentru doamnele mai \u00eenalte.<\/p>\n<p>O comoar\u0103 vestimentar\u0103 care va fi noul accesoriu preferat al garderobei tale. Fii frumoas\u0103, feminin\u0103 \u0219i memorabil\u0103 cu Peach Pump.<\/p>\n<ul>\n<li>C\u0103ptu\u0219eal\u0103 moale v\u0103tuit\u0103<\/li>\n<li>\u021aes\u0103tur\u0103 respirabil\u0103<\/li>\n<li>\u00censcrip\u021bie ascuns\u0103 &#8220;Peach Pump&#8221;<\/li>\n<li>Logo &#8220;Peach Pump&#8221; pe um\u0103r<\/li>\n<li>Model care sculpteaz\u0103 figura<\/li>\n<li>\u021aes\u0103tur\u0103 elastic\u0103 care se potrive\u0219te perfect<\/li>\n<li>F\u0103r\u0103 cus\u0103tur\u0103 \u00een fa\u021b\u0103<\/li>\n<li>De asemenea, potrivit\u0103 pentru doamnele mai \u00eenalte<\/li>\n<\/ul>\n<p>Compozi\u021bie: 80% poliester 20% spandex<\/p>\n<p>Salopeta poate fi sp\u0103lat\u0103 la temperaturi de p\u00e2n\u0103 la 30 de grade, dar nu se poate sp\u0103la cu \u00een\u0103lbitor sau cur\u0103\u021b\u0103torie uscat\u0103.<\/p>\n<p>Modelul din fotografii are o \u00een\u0103l\u021bime de 167 cm, c\u00e2nt\u0103re\u0219te 50 kg \u0219i pozeaz\u0103 \u00een m\u0103rimea S.<\/p>\n<p>&nbsp;<\/p>\n","protected":false},"excerpt":{"rendered":"<p>Salopet\u0103 mulat\u0103 albastru \u00eenchis cu c\u0103ptu\u0219eal\u0103 moale v\u0103tuit\u0103, \u021bes\u0103tur\u0103 respirabil\u0103, ideal\u0103 pentru exerci\u021bii fizice sau plimb\u0103ri pe vreme rece. Modelul are un fermoar \u00een fa\u021b\u0103, inscrip\u021bie intern\u0103 Peach Pump \u0219i logo-ul &#8220;Peach Pump&#8221; cauciucat pe um\u0103r. Salopeta se potrive\u0219te perfect corpului \u0219i \u00eel sculpteaz\u0103 ca o clepsidr\u0103, ascunz\u00e2nd imperfec\u021biunile. Modelul nu are cus\u0103tur\u0103 \u00een fa\u021b\u0103. [&hellip;]<\/p>\n","protected":false},"featured_media":66333,"comment_status":"open","ping_status":"closed","template":"","meta":[],"product_brand":[],"product_cat":[1124,369],"product_tag":[],"class_list":{"0":"post-69200","1":"product","2":"type-product","3":"status-publish","4":"has-post-thumbnail","6":"product_cat-salopete-sport-dama","7":"product_cat-seturi-sport-cu-colanti","8":"pa_cviat-albastru","9":"pa_razmer-l-ro-2","10":"pa_razmer-m-ro","11":"pa_razmer-s-ro-2","12":"inventories-world","13":"inventories-uk","15":"first","16":"instock","17":"taxable","18":"shipping-taxable","19":"purchasable","20":"product-type-variable"},"_links":{"self":[{"href":"https:\/\/staging6.peach-pump.com\/ro\/wp-json\/wp\/v2\/product\/69200","targetHints":{"allow":["GET"]}}],"collection":[{"href":"https:\/\/staging6.peach-pump.com\/ro\/wp-json\/wp\/v2\/product"}],"about":[{"href":"https:\/\/staging6.peach-pump.com\/ro\/wp-json\/wp\/v2\/types\/product"}],"replies":[{"embeddable":true,"href":"https:\/\/staging6.peach-pump.com\/ro\/wp-json\/wp\/v2\/comments?post=69200"}],"version-history":[{"count":0,"href":"https:\/\/staging6.peach-pump.com\/ro\/wp-json\/wp\/v2\/product\/69200\/revisions"}],"wp:featuredmedia":[{"embeddable":true,"href":"https:\/\/staging6.peach-pump.com\/ro\/wp-json\/wp\/v2\/media\/66333"}],"wp:attachment":[{"href":"https:\/\/staging6.peach-pump.com\/ro\/wp-json\/wp\/v2\/media?parent=69200"}],"wp:term":[{"taxonomy":"product_brand","embeddable":true,"href":"https:\/\/staging6.peach-pump.com\/ro\/wp-json\/wp\/v2\/product_brand?post=69200"},{"taxonomy":"product_cat","embeddable":true,"href":"https:\/\/staging6.peach-pump.com\/ro\/wp-json\/wp\/v2\/product_cat?post=69200"},{"taxonomy":"product_tag","embeddable":true,"href":"https:\/\/staging6.peach-pump.com\/ro\/wp-json\/wp\/v2\/product_tag?post=69200"}],"curies":[{"name":"wp","href":"https:\/\/api.w.org\/{rel}","templated":true}]}}