{"id":70049,"date":"2024-02-19T12:11:09","date_gmt":"2024-02-19T10:11:09","guid":{"rendered":"https:\/\/staging6.peach-pump.com\/products\/%d0%b4%d0%b0%d0%bc%d1%81%d0%ba%d0%be-%d1%81%d0%bf%d0%be%d1%80%d1%82%d0%bd%d0%be-%d1%8f%d0%ba%d0%b5-%d1%81-%d1%86%d0%b8%d0%bf-%d0%b8-%d0%b4%d0%b6%d0%be%d0%b1%d0%be%d0%b2%d0%b5-%d0%b2-%d1%87%d0%b5%d1%80\/"},"modified":"2025-11-05T00:09:42","modified_gmt":"2025-11-04T22:09:42","slug":"geaca-sport-neagra-de-dama-fermoar-buzunare","status":"publish","type":"product","link":"https:\/\/staging6.peach-pump.com\/ro\/products\/geaca-sport-neagra-de-dama-fermoar-buzunare\/","title":{"rendered":"Geac\u0103 sport neagr\u0103 de dam\u0103 cu fermoar \u0219i buzunare"},"content":{"rendered":"<p>Jachet\u0103 sport neagr\u0103 de dam\u0103 cu fermoar \u0219i buzunare.<br \/>\nJacheta are g\u0103uri pentru degetul mare pe m\u00e2neci , \u00een acest fel m\u00e2necile nu se vor str\u00e2nge \u00een timpul antrenamentului, alerg\u0103rii sau plimb\u0103rii cu bicicleta.  Designul gecii este foarte frumos, sculpt\u00e2nd silueta \u0219i st\u00e2nd pe corp. Poate fi asortat cu diferite jambiere sau bustiere \u00een culori pastelate din colec\u021bia Peach Pump.  <\/p>\n<ul>\n<li>\u021aes\u0103tur\u0103 elastic\u0103 cu uscare rapid\u0103<\/li>\n<li>Logo \u201dPeach Pump\u201d sigilat termic pe um\u0103r<\/li>\n<li>\u00cenchidere cu fermoar<\/li>\n<li>Buzunare \u00een partea din fa\u021b\u0103 a gecii<\/li>\n<li>G\u0103uri pentru degetul mare<\/li>\n<li>Model care sculpteaz\u0103 silueta<\/li>\n<\/ul>\n<p>  Compozi\u021bie : 80% poliester 20% spandex . Geaca poate fi sp\u0103lat\u0103 p\u00e2n\u0103 la 30 de grade, v\u0103 rug\u0103m s\u0103 nu folosi\u021bi \u00een\u0103lbitor sau cur\u0103\u021bare uscat\u0103. Modelul din imagine are 165 cm \u00een\u0103l\u021bime, c\u00e2nt\u0103re\u0219te 48 kg \u0219i pozeaz\u0103 \u00een m\u0103rimea S. Circumferin\u021ba pieptului: S: 85-90 cm \/ M: 90-95 cm \/ L: 95-100 cm<\/p>\n","protected":false},"excerpt":{"rendered":"<p>Jachet\u0103 sport neagr\u0103 de dam\u0103 cu fermoar \u0219i buzunare. Jacheta are g\u0103uri pentru degetul mare pe m\u00e2neci , \u00een acest fel m\u00e2necile nu se vor str\u00e2nge \u00een timpul antrenamentului, alerg\u0103rii sau plimb\u0103rii cu bicicleta. Designul gecii este foarte frumos, sculpt\u00e2nd silueta \u0219i st\u00e2nd pe corp. Poate fi asortat cu diferite jambiere sau bustiere \u00een culori [&hellip;]<\/p>\n","protected":false},"featured_media":87404,"comment_status":"open","ping_status":"closed","template":"","meta":[],"product_brand":[],"product_cat":[924],"product_tag":[],"class_list":{"0":"post-70049","1":"product","2":"type-product","3":"status-publish","4":"has-post-thumbnail","6":"product_cat-jachete-dama","7":"pa_cviat-negru","8":"pa_razmer-l-ro-2","9":"pa_razmer-m-ro","10":"pa_razmer-s-ro-2","11":"inventories-world","12":"inventories-uk","14":"first","15":"instock","16":"taxable","17":"shipping-taxable","18":"purchasable","19":"product-type-variable"},"_links":{"self":[{"href":"https:\/\/staging6.peach-pump.com\/ro\/wp-json\/wp\/v2\/product\/70049","targetHints":{"allow":["GET"]}}],"collection":[{"href":"https:\/\/staging6.peach-pump.com\/ro\/wp-json\/wp\/v2\/product"}],"about":[{"href":"https:\/\/staging6.peach-pump.com\/ro\/wp-json\/wp\/v2\/types\/product"}],"replies":[{"embeddable":true,"href":"https:\/\/staging6.peach-pump.com\/ro\/wp-json\/wp\/v2\/comments?post=70049"}],"version-history":[{"count":0,"href":"https:\/\/staging6.peach-pump.com\/ro\/wp-json\/wp\/v2\/product\/70049\/revisions"}],"wp:featuredmedia":[{"embeddable":true,"href":"https:\/\/staging6.peach-pump.com\/ro\/wp-json\/wp\/v2\/media\/87404"}],"wp:attachment":[{"href":"https:\/\/staging6.peach-pump.com\/ro\/wp-json\/wp\/v2\/media?parent=70049"}],"wp:term":[{"taxonomy":"product_brand","embeddable":true,"href":"https:\/\/staging6.peach-pump.com\/ro\/wp-json\/wp\/v2\/product_brand?post=70049"},{"taxonomy":"product_cat","embeddable":true,"href":"https:\/\/staging6.peach-pump.com\/ro\/wp-json\/wp\/v2\/product_cat?post=70049"},{"taxonomy":"product_tag","embeddable":true,"href":"https:\/\/staging6.peach-pump.com\/ro\/wp-json\/wp\/v2\/product_tag?post=70049"}],"curies":[{"name":"wp","href":"https:\/\/api.w.org\/{rel}","templated":true}]}}