{"id":73644,"date":"2024-04-06T21:20:46","date_gmt":"2024-04-06T19:20:46","guid":{"rendered":"https:\/\/staging6.peach-pump.com\/?post_type=product&#038;p=73644"},"modified":"2025-10-03T10:33:16","modified_gmt":"2025-10-03T08:33:16","slug":"geaca-sport-de-dama-de-vant-roz","status":"publish","type":"product","link":"https:\/\/staging6.peach-pump.com\/ro\/products\/geaca-sport-de-dama-de-vant-roz\/","title":{"rendered":"Geac\u0103 roz sport de dam\u0103 de v\u00e2nt"},"content":{"rendered":"<p>Geac\u0103 sport roz de dam\u0103 cu glug\u0103, edi\u021bie limitat\u0103 a m\u0103rcii, cu un design spectaculos \u00een culoare roz deschis. Modelul este un tip de v\u00e2nt, potrivit pentru alergare sau plimbare, pentru zilele cu v\u00e2nt de prim\u0103var\u0103 \u0219i var\u0103. Jacheta cu glug\u0103 are o talie str\u00e2ns\u0103 \u0219i un logo Peach Pump cauciucat. Fusta refract\u0103 frumos lumina \u0219i creeaz\u0103 un sentiment de design cosmic. Cu acest model frumos te vei face remarcat \u0219i diferit, se combin\u0103 perfect cu \u021binutele sportive \u00een culori uni ale m\u0103rcii.<\/p>\n<ul>\n<li>\u021aes\u0103tur\u0103 care reflect\u0103 lumina<\/li>\n<li>Capota<\/li>\n<li>Tiv reglabil cu \u0219nururi elastice<\/li>\n<li>\u00cenchidere cu fermoar \u00een fa\u021b\u0103<\/li>\n<li>Cauciucat Peach Pump logo<\/li>\n<li>Elastice pe m\u00e2neci<\/li>\n<\/ul>\n<p>Compozi\u021bie: 100% poliester<\/p>\n<p>Geaca poate fi sp\u0103lat\u0103 p\u00e2n\u0103 la 30 de grade, v\u0103 rug\u0103m s\u0103 nu folosi\u021bi \u00een\u0103lbitor sau cur\u0103\u021bare uscat\u0103.<\/p>\n<p>Modelul din fotografie are o \u00een\u0103l\u021bime de 170 de metri, c\u00e2nt\u0103re\u0219te 49 kg \u0219i pozeaz\u0103 \u00een m\u0103rimea S.<\/p>\n<p>V\u0103 rug\u0103m s\u0103 utiliza\u021bi tabelele pentru a selecta dimensiunea exact\u0103.<\/p>\n","protected":false},"excerpt":{"rendered":"<p>Geac\u0103 sport roz de dam\u0103 cu glug\u0103, edi\u021bie limitat\u0103 a m\u0103rcii, cu un design spectaculos \u00een culoare roz deschis. Modelul este un tip de v\u00e2nt, potrivit pentru alergare sau plimbare, pentru zilele cu v\u00e2nt de prim\u0103var\u0103 \u0219i var\u0103. Jacheta cu glug\u0103 are o talie str\u00e2ns\u0103 \u0219i un logo Peach Pump cauciucat. Fusta refract\u0103 frumos lumina [&hellip;]<\/p>\n","protected":false},"featured_media":74097,"comment_status":"open","ping_status":"closed","template":"","meta":[],"product_brand":[],"product_cat":[924],"product_tag":[],"class_list":{"0":"post-73644","1":"product","2":"type-product","3":"status-publish","4":"has-post-thumbnail","6":"product_cat-jachete-dama","7":"pa_cviat-roz-ro","8":"pa_razmer-m-ro","9":"pa_razmer-s-ro-2","10":"inventories-world","11":"inventories-uk","13":"first","14":"instock","15":"taxable","16":"shipping-taxable","17":"purchasable","18":"product-type-variable"},"_links":{"self":[{"href":"https:\/\/staging6.peach-pump.com\/ro\/wp-json\/wp\/v2\/product\/73644","targetHints":{"allow":["GET"]}}],"collection":[{"href":"https:\/\/staging6.peach-pump.com\/ro\/wp-json\/wp\/v2\/product"}],"about":[{"href":"https:\/\/staging6.peach-pump.com\/ro\/wp-json\/wp\/v2\/types\/product"}],"replies":[{"embeddable":true,"href":"https:\/\/staging6.peach-pump.com\/ro\/wp-json\/wp\/v2\/comments?post=73644"}],"version-history":[{"count":0,"href":"https:\/\/staging6.peach-pump.com\/ro\/wp-json\/wp\/v2\/product\/73644\/revisions"}],"wp:featuredmedia":[{"embeddable":true,"href":"https:\/\/staging6.peach-pump.com\/ro\/wp-json\/wp\/v2\/media\/74097"}],"wp:attachment":[{"href":"https:\/\/staging6.peach-pump.com\/ro\/wp-json\/wp\/v2\/media?parent=73644"}],"wp:term":[{"taxonomy":"product_brand","embeddable":true,"href":"https:\/\/staging6.peach-pump.com\/ro\/wp-json\/wp\/v2\/product_brand?post=73644"},{"taxonomy":"product_cat","embeddable":true,"href":"https:\/\/staging6.peach-pump.com\/ro\/wp-json\/wp\/v2\/product_cat?post=73644"},{"taxonomy":"product_tag","embeddable":true,"href":"https:\/\/staging6.peach-pump.com\/ro\/wp-json\/wp\/v2\/product_tag?post=73644"}],"curies":[{"name":"wp","href":"https:\/\/api.w.org\/{rel}","templated":true}]}}