{"id":73650,"date":"2024-04-06T15:47:48","date_gmt":"2024-04-06T13:47:48","guid":{"rendered":"https:\/\/staging6.peach-pump.com\/?post_type=product&p=73650"},"modified":"2025-10-02T08:35:13","modified_gmt":"2025-10-02T06:35:13","slug":"bej-scurta-bluza-sport-broderie","status":"publish","type":"product","link":"https:\/\/staging6.peach-pump.com\/ro\/products\/bej-scurta-bluza-sport-broderie\/","title":{"rendered":"Bluz\u0103 sport bej scurt\u0103 cu broderie Peach Pump"},"content":{"rendered":"<p>Bluz\u0103 scurt\u0103 de culoare bej cu design decupat \u0219i broderie 3D neagr\u0103 spectaculoas\u0103 Peach Pump. Acest Crop Top este din bumbac, pl\u0103cut la atingere \u0219i ideal pentru vremea mai cald\u0103. Este potrivit\u0103 at\u00e2t pentru plimbare \u00een timpul liber, c\u00e2t \u0219i pentru antrenament \u00een sala de sport, v\u0103 ve\u021bi sim\u021bi confortabil \u0219i sexy \u00een ea. Modelul se asorteaz\u0103 perfect cu pantalonii scur\u021bi sau colan\u021bii brandului, pentru o not\u0103 final\u0103 la look-ul t\u0103u perfect.<\/p>\n<ul>\n<li>Crop Top<\/li>\n<li>Design spectaculos<\/li>\n<li>\u00censcris 3D brodat \u0219i logo-ul Peach Pump pe partea din fa\u021b\u0103<\/li>\n<li>\u021aes\u0103tur\u0103 de bumbac<\/li>\n<\/ul>\n<p>Compozi\u021bie: 95% bumbac, 5% elastan<\/p>\n<p>Bluza poate fi sp\u0103lat\u0103 p\u00e2n\u0103 la 30 de grade, v\u0103 rug\u0103m s\u0103 nu folosi\u021bi \u00een\u0103lbitor sau cur\u0103\u021bare uscat\u0103.<\/p>\n<p>Modelul din fotografie are o \u00een\u0103l\u021bime de 170 de metri, c\u00e2nt\u0103re\u0219te 49 kg \u0219i pozeaz\u0103 \u00een m\u0103rimea S.<\/p>\n<p>V\u0103 rug\u0103m s\u0103 utiliza\u021bi tabelele pentru a selecta dimensiunea exact\u0103.<\/p>\n","protected":false},"excerpt":{"rendered":"<p>Bluz\u0103 scurt\u0103 de culoare bej cu design decupat \u0219i broderie 3D neagr\u0103 spectaculoas\u0103 Peach Pump. Acest Crop Top este din bumbac, pl\u0103cut la atingere \u0219i ideal pentru vremea mai cald\u0103. Este potrivit\u0103 at\u00e2t pentru plimbare \u00een timpul liber, c\u00e2t \u0219i pentru antrenament \u00een sala de sport, v\u0103 ve\u021bi sim\u021bi confortabil \u0219i sexy \u00een ea. Modelul [&hellip;]<\/p>\n","protected":false},"featured_media":74064,"comment_status":"open","ping_status":"closed","template":"","meta":[],"product_brand":[],"product_cat":[365],"product_tag":[],"class_list":{"0":"post-73650","1":"product","2":"type-product","3":"status-publish","4":"has-post-thumbnail","6":"product_cat-tricouri-sport-femei","7":"pa_cviat-bej","8":"pa_razmer-m-ro","9":"pa_razmer-s-ro-2","10":"inventories-world","11":"inventories-uk","13":"first","14":"instock","15":"taxable","16":"shipping-taxable","17":"purchasable","18":"product-type-variable"},"_links":{"self":[{"href":"https:\/\/staging6.peach-pump.com\/en\/wp-json\/wp\/v2\/product\/73650","targetHints":{"allow":["GET"]}}],"collection":[{"href":"https:\/\/staging6.peach-pump.com\/en\/wp-json\/wp\/v2\/product"}],"about":[{"href":"https:\/\/staging6.peach-pump.com\/en\/wp-json\/wp\/v2\/types\/product"}],"replies":[{"embeddable":true,"href":"https:\/\/staging6.peach-pump.com\/en\/wp-json\/wp\/v2\/comments?post=73650"}],"version-history":[{"count":0,"href":"https:\/\/staging6.peach-pump.com\/en\/wp-json\/wp\/v2\/product\/73650\/revisions"}],"wp:featuredmedia":[{"embeddable":true,"href":"https:\/\/staging6.peach-pump.com\/en\/wp-json\/wp\/v2\/media\/74064"}],"wp:attachment":[{"href":"https:\/\/staging6.peach-pump.com\/en\/wp-json\/wp\/v2\/media?parent=73650"}],"wp:term":[{"taxonomy":"product_brand","embeddable":true,"href":"https:\/\/staging6.peach-pump.com\/en\/wp-json\/wp\/v2\/product_brand?post=73650"},{"taxonomy":"product_cat","embeddable":true,"href":"https:\/\/staging6.peach-pump.com\/en\/wp-json\/wp\/v2\/product_cat?post=73650"},{"taxonomy":"product_tag","embeddable":true,"href":"https:\/\/staging6.peach-pump.com\/en\/wp-json\/wp\/v2\/product_tag?post=73650"}],"curies":[{"name":"wp","href":"https:\/\/api.w.org\/{rel}","templated":true}]}}