{"id":73675,"date":"2024-04-06T14:52:18","date_gmt":"2024-04-06T12:52:18","guid":{"rendered":"https:\/\/staging6.peach-pump.com\/?post_type=product&#038;p=73675"},"modified":"2025-11-09T13:54:38","modified_gmt":"2025-11-09T11:54:38","slug":"pantaloni-scurti-albastri-de-dama-cu-buzunare","status":"publish","type":"product","link":"https:\/\/staging6.peach-pump.com\/ro\/products\/pantaloni-scurti-albastri-de-dama-cu-buzunare\/","title":{"rendered":"Pantaloni scur\u021bi alba\u0219tri de dam\u0103 cu buzunare"},"content":{"rendered":"<p>Pantaloni scur\u021bi sport de culoare albastr\u0103 de dam\u0103. Modelul are buzunare \u00een partea din fa\u021b\u0103 \u0219i broderie Peach Pump pe buzunar. Pantalonii au \u0219nururi , care pot str\u00e2nge talia pentru mai mult confort \u0219i comoditate \u00een timpul exerci\u021biilor fizice. Acest model se asorteaz\u0103 perfect cu bluza noastr\u0103 Peach Pump cu decolteu \u00een V sau cu Crop Topul scurt pentru un finisaj perfect al look-ului t\u0103u, potrivit at\u00e2t pentru fitness, c\u00e2t \u0219i pentru timpul liber.<\/p>\n<ul>\n<li>Pantaloni scur\u021bi din bumbac<\/li>\n<li>Design spectaculos<\/li>\n<li>Buzunare \u00een partea din fa\u021b\u0103<\/li>\n<li>Broderie Peach Pump<\/li>\n<li>\u0218nururi pentru str\u00e2ngerea \u00een talie<\/li>\n<\/ul>\n<p>Compozi\u021bie: 95% bumbac, 5% elastan<\/p>\n<p>Pantalonii pot fi sp\u0103la\u021bi la temperaturi de p\u00e2n\u0103 la 30 de grade, v\u0103 rug\u0103m s\u0103 nu folosi\u021bi \u00een\u0103lbitor sau cur\u0103\u021bare uscat\u0103.<\/p>\n<p>Modelul din fotografie are o \u00een\u0103l\u021bime de 170 de metri, c\u00e2nt\u0103re\u0219te 49 kg \u0219i pozeaz\u0103 \u00een m\u0103rimea S.<\/p>\n<p>V\u0103 rug\u0103m s\u0103 utiliza\u021bi tabelele pentru a selecta dimensiunea exact\u0103.<\/p>\n","protected":false},"excerpt":{"rendered":"<p>Pantaloni scur\u021bi sport de culoare albastr\u0103 de dam\u0103. Modelul are buzunare \u00een partea din fa\u021b\u0103 \u0219i broderie Peach Pump pe buzunar. Pantalonii au \u0219nururi , care pot str\u00e2nge talia pentru mai mult confort \u0219i comoditate \u00een timpul exerci\u021biilor fizice. Acest model se asorteaz\u0103 perfect cu bluza noastr\u0103 Peach Pump cu decolteu \u00een V sau cu [&hellip;]<\/p>\n","protected":false},"featured_media":73912,"comment_status":"open","ping_status":"closed","template":"","meta":[],"product_brand":[],"product_cat":[146,189,202],"product_tag":[],"class_list":{"0":"post-73675","1":"product","2":"type-product","3":"status-publish","4":"has-post-thumbnail","6":"product_cat-colanti-de-dama-sport","7":"product_cat-colanti-cu-buzunare","8":"product_cat-colanti-scurti-dama","9":"pa_cviat-albastru","10":"pa_razmer-m-ro","11":"pa_razmer-s-ro-2","12":"inventories-world","13":"inventories-uk","15":"first","16":"instock","17":"sale","18":"taxable","19":"shipping-taxable","20":"purchasable","21":"product-type-variable"},"_links":{"self":[{"href":"https:\/\/staging6.peach-pump.com\/en\/wp-json\/wp\/v2\/product\/73675","targetHints":{"allow":["GET"]}}],"collection":[{"href":"https:\/\/staging6.peach-pump.com\/en\/wp-json\/wp\/v2\/product"}],"about":[{"href":"https:\/\/staging6.peach-pump.com\/en\/wp-json\/wp\/v2\/types\/product"}],"replies":[{"embeddable":true,"href":"https:\/\/staging6.peach-pump.com\/en\/wp-json\/wp\/v2\/comments?post=73675"}],"version-history":[{"count":0,"href":"https:\/\/staging6.peach-pump.com\/en\/wp-json\/wp\/v2\/product\/73675\/revisions"}],"wp:featuredmedia":[{"embeddable":true,"href":"https:\/\/staging6.peach-pump.com\/en\/wp-json\/wp\/v2\/media\/73912"}],"wp:attachment":[{"href":"https:\/\/staging6.peach-pump.com\/en\/wp-json\/wp\/v2\/media?parent=73675"}],"wp:term":[{"taxonomy":"product_brand","embeddable":true,"href":"https:\/\/staging6.peach-pump.com\/en\/wp-json\/wp\/v2\/product_brand?post=73675"},{"taxonomy":"product_cat","embeddable":true,"href":"https:\/\/staging6.peach-pump.com\/en\/wp-json\/wp\/v2\/product_cat?post=73675"},{"taxonomy":"product_tag","embeddable":true,"href":"https:\/\/staging6.peach-pump.com\/en\/wp-json\/wp\/v2\/product_tag?post=73675"}],"curies":[{"name":"wp","href":"https:\/\/api.w.org\/{rel}","templated":true}]}}