{"id":73685,"date":"2024-04-06T14:34:39","date_gmt":"2024-04-06T12:34:39","guid":{"rendered":"https:\/\/staging6.peach-pump.com\/?post_type=product&p=73685"},"modified":"2025-11-09T18:20:36","modified_gmt":"2025-11-09T16:20:36","slug":"tricou-cu-inscriptii-alb-cu-albastru","status":"publish","type":"product","link":"https:\/\/staging6.peach-pump.com\/ro\/products\/tricou-cu-inscriptii-alb-cu-albastru\/","title":{"rendered":"Tricou cu inscrip\u021bii, alb cu albastru"},"content":{"rendered":"<p>Tricou sportiv din bumbac cu inscrip\u021bii, m\u00e2neci scurte \u0219i decolteu \u00een V ascu\u021bit. Tricoul este alb cu logo albastru, man\u0219eta \u0219i broderie 3D Peach Pump. Un model de tricou Peach Pump \u00een edi\u021bie limitat\u0103, \u00een care te vei sim\u021bi confortabil, liber\u0103 \u0219i sexy. Acest model se asorteaz\u0103 perfect cu pantalonii scur\u021bi sau colan\u021bii m\u0103rcii pentru o not\u0103 de finisare perfect\u0103 a \u021binutei tale, potrivit\u0103 at\u00e2t pentru sport, c\u00e2t \u0219i pentru timpul liber.<\/p>\n<ul>\n<li>Tricou din bumbac<\/li>\n<li>Decolteu \u00een V cu man\u0219et\u0103<\/li>\n<li>3D broderie Peach Pump<\/li>\n<li>Croial\u0103 liber\u0103<\/li>\n<li>M\u00e2nec\u0103 scurt\u0103<\/li>\n<\/ul>\n<p>Compozi\u021bie: 95% bumbac, 5% elastan<\/p>\n<p>Tricoul poate fi sp\u0103lat p\u00e2n\u0103 la 30 de grade, v\u0103 rug\u0103m s\u0103 nu folosi\u021bi \u00een\u0103lbitor sau cur\u0103\u021bare uscat\u0103.<\/p>\n<p>Modelul din fotografie are o \u00een\u0103l\u021bime de 170 de metri, c\u00e2nt\u0103re\u0219te 49 kg \u0219i pozeaz\u0103 \u00een m\u0103rimea S.<\/p>\n<p>V\u0103 rug\u0103m s\u0103 utiliza\u021bi tabelele pentru a selecta dimensiunea exact\u0103.<\/p>\n","protected":false},"excerpt":{"rendered":"<p>Tricou sportiv din bumbac cu inscrip\u021bii, m\u00e2neci scurte \u0219i decolteu \u00een V ascu\u021bit. Tricoul este alb cu logo albastru, man\u0219eta \u0219i broderie 3D Peach Pump. Un model de tricou Peach Pump \u00een edi\u021bie limitat\u0103, \u00een care te vei sim\u021bi confortabil, liber\u0103 \u0219i sexy. Acest model se asorteaz\u0103 perfect cu pantalonii scur\u021bi sau colan\u021bii m\u0103rcii pentru [&hellip;]<\/p>\n","protected":false},"featured_media":73857,"comment_status":"open","ping_status":"closed","template":"","meta":[],"product_brand":[],"product_cat":[365],"product_tag":[],"class_list":{"0":"post-73685","1":"product","2":"type-product","3":"status-publish","4":"has-post-thumbnail","6":"product_cat-tricouri-sport-femei","7":"pa_cviat-albastru","8":"pa_razmer-m-ro","9":"pa_razmer-s-ro-2","10":"inventories-world","11":"inventories-uk","13":"first","14":"instock","15":"sale","16":"taxable","17":"shipping-taxable","18":"purchasable","19":"product-type-variable"},"_links":{"self":[{"href":"https:\/\/staging6.peach-pump.com\/ro\/wp-json\/wp\/v2\/product\/73685","targetHints":{"allow":["GET"]}}],"collection":[{"href":"https:\/\/staging6.peach-pump.com\/ro\/wp-json\/wp\/v2\/product"}],"about":[{"href":"https:\/\/staging6.peach-pump.com\/ro\/wp-json\/wp\/v2\/types\/product"}],"replies":[{"embeddable":true,"href":"https:\/\/staging6.peach-pump.com\/ro\/wp-json\/wp\/v2\/comments?post=73685"}],"version-history":[{"count":0,"href":"https:\/\/staging6.peach-pump.com\/ro\/wp-json\/wp\/v2\/product\/73685\/revisions"}],"wp:featuredmedia":[{"embeddable":true,"href":"https:\/\/staging6.peach-pump.com\/ro\/wp-json\/wp\/v2\/media\/73857"}],"wp:attachment":[{"href":"https:\/\/staging6.peach-pump.com\/ro\/wp-json\/wp\/v2\/media?parent=73685"}],"wp:term":[{"taxonomy":"product_brand","embeddable":true,"href":"https:\/\/staging6.peach-pump.com\/ro\/wp-json\/wp\/v2\/product_brand?post=73685"},{"taxonomy":"product_cat","embeddable":true,"href":"https:\/\/staging6.peach-pump.com\/ro\/wp-json\/wp\/v2\/product_cat?post=73685"},{"taxonomy":"product_tag","embeddable":true,"href":"https:\/\/staging6.peach-pump.com\/ro\/wp-json\/wp\/v2\/product_tag?post=73685"}],"curies":[{"name":"wp","href":"https:\/\/api.w.org\/{rel}","templated":true}]}}