{"id":73699,"date":"2024-04-01T01:14:25","date_gmt":"2024-03-31T23:14:25","guid":{"rendered":"https:\/\/staging6.peach-pump.com\/products\/set-sport-fara-cusaturi-roz-2\/"},"modified":"2025-10-23T12:29:37","modified_gmt":"2025-10-23T10:29:37","slug":"set-sport-fara-cusaturi-roz-2","status":"publish","type":"product","link":"https:\/\/staging6.peach-pump.com\/ro\/products\/set-sport-fara-cusaturi-roz-2\/","title":{"rendered":"Set sport f\u0103r\u0103 cus\u0103turi \u00een roz"},"content":{"rendered":"<p>Set sport de dam\u0103 f\u0103r\u0103 cus\u0103turi din dou\u0103 piese, de culoare roz, cu efect modelator \u0219i de Push Up. Colan\u021bii sunt confec\u021biona\u021bi dintr-o \u021bes\u0103tur\u0103 f\u0103r\u0103 cus\u0103turi \u00een culoarea &#8220;cenu\u0219\u0103 de trandafiri&#8221;, cu talie \u00eenalt\u0103 \u0219i o centur\u0103 lat\u0103 rips care str\u00e2nge u\u0219or \u0219i modeleaz\u0103 frumos talia. Bustiera este c\u0103ptu\u0219it\u0103, are un spate ad\u00e2nc t\u0103iat \u0219i o \u00eenchidere \u00een 4 trepte pentru a ajusta circumferin\u021ba pieptului. Acest set se a\u0219eaz\u0103 perfect pe corp \u0219i sculpteaz\u0103 silueta, este convenabil pentru doamnele sportive active, precum \u0219i pentru antrenamente cardio \u0219i plimb\u0103ri mai relaxate.<\/p>\n<p>Despre bustier\u0103:<\/p>\n<ul>\n<li>C\u0103ptu\u0219eal\u0103 \u00eencorporat\u0103<\/li>\n<li>Efect Push-Up<\/li>\n<li>Bustier\u0103 cu croial\u0103 ad\u00e2nc\u0103 pe spate<\/li>\n<li>Elasticitate mare<\/li>\n<li>\u00cenchidere \u00een 4 trepte<\/li>\n<li>Logo Peach Pump sigilat termic pe partea lateral\u0103 a bustierei<\/li>\n<li>Tehnologia de eliminare a transpira\u021biei<\/li>\n<\/ul>\n<p>Despre colan\u021bi:<\/p>\n<ul>\n<li>Talie \u00eenalt\u0103<\/li>\n<li>\u021aes\u0103tur\u0103 f\u0103r\u0103 cus\u0103turi<\/li>\n<li>Ridic\u0103, modeleaz\u0103, ascunde zonele cu probleme<\/li>\n<li>Centur\u0103 rips care str\u00e2nge talia<\/li>\n<li>Efect Peachy<\/li>\n<li>F\u0103r\u0103 cus\u0103tur\u0103 \u00een fa\u021b\u0103<\/li>\n<li>Logo Peach Pump sigilat termic pe partea din spate a colan\u021bilor<\/li>\n<li>Tehnologia de eliminare a transpira\u021biei<\/li>\n<\/ul>\n<p>Compozi\u021bie: 80% poliester 20% spandex.<\/p>\n<p>Setul poate fi sp\u0103lat la temperaturi de p\u00e2n\u0103 la 30 de grade, v\u0103 rug\u0103m s\u0103 nu folosi\u021bi \u00een\u0103lbitor sau cur\u0103\u021bare uscat\u0103.<\/p>\n<p>Modelul din imagine are o \u00een\u0103l\u021bime de 178 cm, c\u00e2nt\u0103re\u0219te 54 kg \u0219i pozeaz\u0103 pentru o bustier\u0103 m\u0103rimea M, colan\u021bi m\u0103rimea M.<\/p>\n<p>V\u0103 rug\u0103m s\u0103 utiliza\u021bi tabelele pentru a selecta dimensiunea exact\u0103.<\/p>\n<p><a href=\"https:\/\/staging6.peach-pump.com\/wp-content\/uploads\/2024\/04\/7ACDDC23-3BB3-4220-B273-C079DABBAC53-800x800.png\"> <\/a><a href=\"https:\/\/staging6.peach-pump.com\/wp-content\/uploads\/2024\/04\/7ACDDC23-3BB3-4220-B273-C079DABBAC53-800x800.png\" target=\"_blank\" rel=\"noopener\"><img loading=\"lazy\" decoding=\"async\" class=\"alignnone wp-image-72618\" src=\"https:\/\/staging6.peach-pump.com\/wp-content\/uploads\/2024\/04\/7ACDDC23-3BB3-4220-B273-C079DABBAC53-800x800.png\" alt=\"\" width=\"500\" height=\"500\" srcset=\"https:\/\/staging6.peach-pump.com\/wp-content\/uploads\/2024\/04\/7ACDDC23-3BB3-4220-B273-C079DABBAC53-800x800.png 800w, https:\/\/staging6.peach-pump.com\/wp-content\/uploads\/2024\/04\/7ACDDC23-3BB3-4220-B273-C079DABBAC53-480x480.png 480w, https:\/\/staging6.peach-pump.com\/wp-content\/uploads\/2024\/04\/7ACDDC23-3BB3-4220-B273-C079DABBAC53-1000x1000.png 1000w, https:\/\/staging6.peach-pump.com\/wp-content\/uploads\/2024\/04\/7ACDDC23-3BB3-4220-B273-C079DABBAC53-300x300.png 300w, https:\/\/staging6.peach-pump.com\/wp-content\/uploads\/2024\/04\/7ACDDC23-3BB3-4220-B273-C079DABBAC53-150x150.png 150w, https:\/\/staging6.peach-pump.com\/wp-content\/uploads\/2024\/04\/7ACDDC23-3BB3-4220-B273-C079DABBAC53-768x768.png 768w, https:\/\/staging6.peach-pump.com\/wp-content\/uploads\/2024\/04\/7ACDDC23-3BB3-4220-B273-C079DABBAC53-990x990.png 990w, https:\/\/staging6.peach-pump.com\/wp-content\/uploads\/2024\/04\/7ACDDC23-3BB3-4220-B273-C079DABBAC53-441x441.png 441w, https:\/\/staging6.peach-pump.com\/wp-content\/uploads\/2024\/04\/7ACDDC23-3BB3-4220-B273-C079DABBAC53-100x100.png 100w, https:\/\/staging6.peach-pump.com\/wp-content\/uploads\/2024\/04\/7ACDDC23-3BB3-4220-B273-C079DABBAC53-64x64.png 64w, https:\/\/staging6.peach-pump.com\/wp-content\/uploads\/2024\/04\/7ACDDC23-3BB3-4220-B273-C079DABBAC53.png 1080w\" sizes=\"auto, (max-width: 500px) 100vw, 500px\" \/><\/a><\/p>\n<p><a href=\"https:\/\/staging6.peach-pump.com\/wp-content\/uploads\/2024\/04\/C274427E-CD99-455E-B65B-E536C277DEAA.png\" target=\"_blank\" rel=\"noopener\"><img loading=\"lazy\" decoding=\"async\" class=\"alignnone wp-image-72322\" src=\"https:\/\/staging6.peach-pump.com\/wp-content\/uploads\/2024\/04\/C274427E-CD99-455E-B65B-E536C277DEAA.png\" alt=\"\" width=\"714\" height=\"536\" srcset=\"https:\/\/staging6.peach-pump.com\/wp-content\/uploads\/2024\/04\/C274427E-CD99-455E-B65B-E536C277DEAA.png 1024w, https:\/\/staging6.peach-pump.com\/wp-content\/uploads\/2024\/04\/C274427E-CD99-455E-B65B-E536C277DEAA-480x360.png 480w, https:\/\/staging6.peach-pump.com\/wp-content\/uploads\/2024\/04\/C274427E-CD99-455E-B65B-E536C277DEAA-1000x750.png 1000w, https:\/\/staging6.peach-pump.com\/wp-content\/uploads\/2024\/04\/C274427E-CD99-455E-B65B-E536C277DEAA-400x300.png 400w, https:\/\/staging6.peach-pump.com\/wp-content\/uploads\/2024\/04\/C274427E-CD99-455E-B65B-E536C277DEAA-768x576.png 768w, https:\/\/staging6.peach-pump.com\/wp-content\/uploads\/2024\/04\/C274427E-CD99-455E-B65B-E536C277DEAA-990x743.png 990w, https:\/\/staging6.peach-pump.com\/wp-content\/uploads\/2024\/04\/C274427E-CD99-455E-B65B-E536C277DEAA-441x331.png 441w, https:\/\/staging6.peach-pump.com\/wp-content\/uploads\/2024\/04\/C274427E-CD99-455E-B65B-E536C277DEAA-150x113.png 150w, https:\/\/staging6.peach-pump.com\/wp-content\/uploads\/2024\/04\/C274427E-CD99-455E-B65B-E536C277DEAA-64x48.png 64w\" sizes=\"auto, (max-width: 714px) 100vw, 714px\" \/><\/a><\/p>\n","protected":false},"excerpt":{"rendered":"<p>Set sport de dam\u0103 f\u0103r\u0103 cus\u0103turi din dou\u0103 piese, de culoare roz, cu efect modelator \u0219i de Push Up. Colan\u021bii sunt confec\u021biona\u021bi dintr-o \u021bes\u0103tur\u0103 f\u0103r\u0103 cus\u0103turi \u00een culoarea &#8220;cenu\u0219\u0103 de trandafiri&#8221;, cu talie \u00eenalt\u0103 \u0219i o centur\u0103 lat\u0103 rips care str\u00e2nge u\u0219or \u0219i modeleaz\u0103 frumos talia. Bustiera este c\u0103ptu\u0219it\u0103, are un spate ad\u00e2nc t\u0103iat \u0219i [&hellip;]<\/p>\n","protected":false},"featured_media":72663,"comment_status":"open","ping_status":"closed","template":"","meta":[],"product_brand":[],"product_cat":[367,369],"product_tag":[],"class_list":{"0":"post-73699","1":"product","2":"type-product","3":"status-publish","4":"has-post-thumbnail","6":"product_cat-seturi-de-trening-pentru-femei","7":"product_cat-seturi-sport-cu-colanti","8":"inventories-world","9":"inventories-uk","11":"first","12":"instock","13":"virtual","14":"taxable","15":"purchasable","16":"product-type-yith_bundle"},"_links":{"self":[{"href":"https:\/\/staging6.peach-pump.com\/en\/wp-json\/wp\/v2\/product\/73699","targetHints":{"allow":["GET"]}}],"collection":[{"href":"https:\/\/staging6.peach-pump.com\/en\/wp-json\/wp\/v2\/product"}],"about":[{"href":"https:\/\/staging6.peach-pump.com\/en\/wp-json\/wp\/v2\/types\/product"}],"replies":[{"embeddable":true,"href":"https:\/\/staging6.peach-pump.com\/en\/wp-json\/wp\/v2\/comments?post=73699"}],"version-history":[{"count":0,"href":"https:\/\/staging6.peach-pump.com\/en\/wp-json\/wp\/v2\/product\/73699\/revisions"}],"wp:featuredmedia":[{"embeddable":true,"href":"https:\/\/staging6.peach-pump.com\/en\/wp-json\/wp\/v2\/media\/72663"}],"wp:attachment":[{"href":"https:\/\/staging6.peach-pump.com\/en\/wp-json\/wp\/v2\/media?parent=73699"}],"wp:term":[{"taxonomy":"product_brand","embeddable":true,"href":"https:\/\/staging6.peach-pump.com\/en\/wp-json\/wp\/v2\/product_brand?post=73699"},{"taxonomy":"product_cat","embeddable":true,"href":"https:\/\/staging6.peach-pump.com\/en\/wp-json\/wp\/v2\/product_cat?post=73699"},{"taxonomy":"product_tag","embeddable":true,"href":"https:\/\/staging6.peach-pump.com\/en\/wp-json\/wp\/v2\/product_tag?post=73699"}],"curies":[{"name":"wp","href":"https:\/\/api.w.org\/{rel}","templated":true}]}}