{"id":73712,"date":"2024-04-01T00:49:17","date_gmt":"2024-03-31T22:49:17","guid":{"rendered":"https:\/\/staging6.peach-pump.com\/products\/bustiera-sport-roz-captuseala-incorporata\/"},"modified":"2025-10-24T10:04:34","modified_gmt":"2025-10-24T08:04:34","slug":"bustiera-sport-roz-captuseala-incorporata","status":"publish","type":"product","link":"https:\/\/staging6.peach-pump.com\/ro\/products\/bustiera-sport-roz-captuseala-incorporata\/","title":{"rendered":"Sutien sport roz, f\u0103r\u0103 cus\u0103turi, cu c\u0103ptu\u0219eal\u0103 \u00eencorporat\u0103"},"content":{"rendered":"<p>Bustier\u0103 sport f\u0103r\u0103 cus\u0103turi, de culoare roz &#8220;cenu\u0219\u0103 de trandafiri&#8221;, cu c\u0103ptu\u0219eal\u0103 \u00eencorporat\u0103, care nu se poate scoate. Modelul este confec\u021bionat dintr-o \u021bes\u0103tur\u0103 moale, foarte elastic\u0103 \u0219i respirabil\u0103, care \u00eendep\u0103rteaz\u0103 transpira\u021bia de corp. Bustiera poate fi purtat\u0103 \u0219i pe sub haine, designul s\u0103u este discret \u0219i ve\u021bi sim\u021bi un confort total \u0219i libertate de mi\u0219care. M\u0103rimea este universal\u0103 are o \u00eenchidere \u00een 4 trepte \u0219i un elastic lat. Modelul este disponibil \u00een diferite culori, \u00eel pute\u021bi combina cu colan\u021bi de aceea\u0219i culoare sau de alt\u0103 culoare. Vezi rubrica &#8220;Seturi sportive&#8221;.<\/p>\n<ul>\n<li> C\u0103ptu\u0219eal\u0103 \u00eencorporat\u0103<\/li>\n<li> Efect Push-Up<\/li>\n<li> Decolteu ad\u00e2nc la spate<\/li>\n<li> Elasticitate mare<\/li>\n<li> \u00cenchidere \u00een 4 trepte<\/li>\n<li> Logo Peach Pump sigilat termic lateral pe bustier\u0103<\/li>\n<li> Tehnologia de eliminare a transpira\u021biei<\/li>\n<\/ul>\n<p>Compozi\u021bie: 80% poliester 20% spandex<\/p>\n<p>Bustiera poate fi sp\u0103lat\u0103 la temperaturi de p\u00e2n\u0103 la 30 de grade, v\u0103 rug\u0103m s\u0103 nu folosi\u021bi \u00een\u0103lbitor sau cur\u0103\u021bare uscat\u0103.<\/p>\n<p>Modelul din fotografie are o \u00een\u0103l\u021bime de 178 cm, c\u00e2nt\u0103re\u0219te 54 kg \u0219i pozeaz\u0103 \u00een m\u0103rimea M.<\/p>\n<p>V\u0103 rug\u0103m s\u0103 utiliza\u021bi tabelele pentru a selecta dimensiunea exact\u0103.<\/p>\n<p>&nbsp;<\/p>\n<p><a href=\"https:\/\/staging6.peach-pump.com\/wp-content\/uploads\/2024\/04\/7ACDDC23-3BB3-4220-B273-C079DABBAC53.png\"><img loading=\"lazy\" decoding=\"async\" class=\"alignnone wp-image-72618 \" src=\"https:\/\/staging6.peach-pump.com\/wp-content\/uploads\/2024\/04\/7ACDDC23-3BB3-4220-B273-C079DABBAC53.png\" alt=\"\" width=\"553\" height=\"553\" srcset=\"https:\/\/staging6.peach-pump.com\/wp-content\/uploads\/2024\/04\/7ACDDC23-3BB3-4220-B273-C079DABBAC53.png 1080w, https:\/\/staging6.peach-pump.com\/wp-content\/uploads\/2024\/04\/7ACDDC23-3BB3-4220-B273-C079DABBAC53-480x480.png 480w, https:\/\/staging6.peach-pump.com\/wp-content\/uploads\/2024\/04\/7ACDDC23-3BB3-4220-B273-C079DABBAC53-1000x1000.png 1000w, https:\/\/staging6.peach-pump.com\/wp-content\/uploads\/2024\/04\/7ACDDC23-3BB3-4220-B273-C079DABBAC53-300x300.png 300w, https:\/\/staging6.peach-pump.com\/wp-content\/uploads\/2024\/04\/7ACDDC23-3BB3-4220-B273-C079DABBAC53-800x800.png 800w, https:\/\/staging6.peach-pump.com\/wp-content\/uploads\/2024\/04\/7ACDDC23-3BB3-4220-B273-C079DABBAC53-150x150.png 150w, https:\/\/staging6.peach-pump.com\/wp-content\/uploads\/2024\/04\/7ACDDC23-3BB3-4220-B273-C079DABBAC53-768x768.png 768w, https:\/\/staging6.peach-pump.com\/wp-content\/uploads\/2024\/04\/7ACDDC23-3BB3-4220-B273-C079DABBAC53-990x990.png 990w, https:\/\/staging6.peach-pump.com\/wp-content\/uploads\/2024\/04\/7ACDDC23-3BB3-4220-B273-C079DABBAC53-441x441.png 441w, https:\/\/staging6.peach-pump.com\/wp-content\/uploads\/2024\/04\/7ACDDC23-3BB3-4220-B273-C079DABBAC53-100x100.png 100w, https:\/\/staging6.peach-pump.com\/wp-content\/uploads\/2024\/04\/7ACDDC23-3BB3-4220-B273-C079DABBAC53-64x64.png 64w\" sizes=\"auto, (max-width: 553px) 100vw, 553px\" \/><\/a><\/p>\n","protected":false},"excerpt":{"rendered":"<p>Bustier\u0103 sport f\u0103r\u0103 cus\u0103turi, de culoare roz &#8220;cenu\u0219\u0103 de trandafiri&#8221;, cu c\u0103ptu\u0219eal\u0103 \u00eencorporat\u0103, care nu se poate scoate. Modelul este confec\u021bionat dintr-o \u021bes\u0103tur\u0103 moale, foarte elastic\u0103 \u0219i respirabil\u0103, care \u00eendep\u0103rteaz\u0103 transpira\u021bia de corp. Bustiera poate fi purtat\u0103 \u0219i pe sub haine, designul s\u0103u este discret \u0219i ve\u021bi sim\u021bi un confort total \u0219i libertate de mi\u0219care. [&hellip;]<\/p>\n","protected":false},"featured_media":73090,"comment_status":"open","ping_status":"closed","template":"","meta":[],"product_brand":[],"product_cat":[366],"product_tag":[],"class_list":{"0":"post-73712","1":"product","2":"type-product","3":"status-publish","4":"has-post-thumbnail","6":"product_cat-sutiene-sport-pentru-femei","7":"pa_cviat-roz-ro","8":"pa_razmer-l-ro-2","9":"pa_razmer-m-ro","10":"pa_razmer-s-ro-2","11":"inventories-world","12":"inventories-uk","14":"first","15":"instock","16":"taxable","17":"shipping-taxable","18":"purchasable","19":"product-type-variable"},"_links":{"self":[{"href":"https:\/\/staging6.peach-pump.com\/ro\/wp-json\/wp\/v2\/product\/73712","targetHints":{"allow":["GET"]}}],"collection":[{"href":"https:\/\/staging6.peach-pump.com\/ro\/wp-json\/wp\/v2\/product"}],"about":[{"href":"https:\/\/staging6.peach-pump.com\/ro\/wp-json\/wp\/v2\/types\/product"}],"replies":[{"embeddable":true,"href":"https:\/\/staging6.peach-pump.com\/ro\/wp-json\/wp\/v2\/comments?post=73712"}],"version-history":[{"count":0,"href":"https:\/\/staging6.peach-pump.com\/ro\/wp-json\/wp\/v2\/product\/73712\/revisions"}],"wp:featuredmedia":[{"embeddable":true,"href":"https:\/\/staging6.peach-pump.com\/ro\/wp-json\/wp\/v2\/media\/73090"}],"wp:attachment":[{"href":"https:\/\/staging6.peach-pump.com\/ro\/wp-json\/wp\/v2\/media?parent=73712"}],"wp:term":[{"taxonomy":"product_brand","embeddable":true,"href":"https:\/\/staging6.peach-pump.com\/ro\/wp-json\/wp\/v2\/product_brand?post=73712"},{"taxonomy":"product_cat","embeddable":true,"href":"https:\/\/staging6.peach-pump.com\/ro\/wp-json\/wp\/v2\/product_cat?post=73712"},{"taxonomy":"product_tag","embeddable":true,"href":"https:\/\/staging6.peach-pump.com\/ro\/wp-json\/wp\/v2\/product_tag?post=73712"}],"curies":[{"name":"wp","href":"https:\/\/api.w.org\/{rel}","templated":true}]}}