{"id":78278,"date":"2024-05-14T21:42:16","date_gmt":"2024-05-14T19:42:16","guid":{"rendered":"https:\/\/staging6.peach-pump.com\/products\/grips-de-dama-pentru-greutati-culoare-gri\/"},"modified":"2025-10-31T15:16:59","modified_gmt":"2025-10-31T13:16:59","slug":"grips-de-dama-pentru-greutati-culoare-gri","status":"publish","type":"product","link":"https:\/\/staging6.peach-pump.com\/ro\/products\/grips-de-dama-pentru-greutati-culoare-gri\/","title":{"rendered":"Grips-uri de dam\u0103 pentru greut\u0103\u021bi de culoare gri"},"content":{"rendered":"<p>M\u00e2nere de dam\u0103 confortabile pentru greut\u0103\u021bi, de culoare gri, concepute pentru o mai bun\u0103 aderen\u021b\u0103 atunci c\u00e2nd efectua\u021bi anumite exerci\u021bii sau antrenamente \u00een sala de sport \u0219i \u00een sala de cross-fit. Acestea pot fi folosite pentru trac\u021biuni, ridic\u0103ri \u0219i alte exerci\u021bii, iar partea superioar\u0103 poate fi folosit\u0103 \u0219i pentru a proteja palma de r\u0103ni. Acestea au partea superioar\u0103 din piele \u0219i man\u0219ete care fixeaz\u0103 ferm aderen\u021ba.<\/p>\n<ul>\n<li>Partea superioar\u0103 din piele pentru o mai bun\u0103 aderen\u021b\u0103 \u00een timpul non-antrenamentului<\/li>\n<li>Seturi de accesorii cu adeziv<\/li>\n<li>logo de cauciuc Peach Pump<\/li>\n<li>Suporturi din neopren<\/li>\n<li>S\u0103cule\u021b de depozitare<\/li>\n<\/ul>\n<p>Compozi\u021bie: piele, cauciuc, neopren<\/p>\n<p>Dimensiune universal\u0103<\/p>\n","protected":false},"excerpt":{"rendered":"<p>M\u00e2nere de dam\u0103 confortabile pentru greut\u0103\u021bi, de culoare gri, concepute pentru o mai bun\u0103 aderen\u021b\u0103 atunci c\u00e2nd efectua\u021bi anumite exerci\u021bii sau antrenamente \u00een sala de sport \u0219i \u00een sala de cross-fit. Acestea pot fi folosite pentru trac\u021biuni, ridic\u0103ri \u0219i alte exerci\u021bii, iar partea superioar\u0103 poate fi folosit\u0103 \u0219i pentru a proteja palma de r\u0103ni. Acestea [&hellip;]<\/p>\n","protected":false},"featured_media":77927,"comment_status":"open","ping_status":"closed","template":"","meta":[],"product_brand":[],"product_cat":[779],"product_tag":[],"class_list":{"0":"post-78278","1":"product","2":"type-product","3":"status-publish","4":"has-post-thumbnail","6":"product_cat-accesorii","7":"pa_cviat-gri","8":"pa_razmer-one-size-ro","9":"inventories-world","10":"inventories-uk","12":"first","13":"instock","14":"taxable","15":"shipping-taxable","16":"purchasable","17":"product-type-variable"},"_links":{"self":[{"href":"https:\/\/staging6.peach-pump.com\/en\/wp-json\/wp\/v2\/product\/78278","targetHints":{"allow":["GET"]}}],"collection":[{"href":"https:\/\/staging6.peach-pump.com\/en\/wp-json\/wp\/v2\/product"}],"about":[{"href":"https:\/\/staging6.peach-pump.com\/en\/wp-json\/wp\/v2\/types\/product"}],"replies":[{"embeddable":true,"href":"https:\/\/staging6.peach-pump.com\/en\/wp-json\/wp\/v2\/comments?post=78278"}],"version-history":[{"count":0,"href":"https:\/\/staging6.peach-pump.com\/en\/wp-json\/wp\/v2\/product\/78278\/revisions"}],"wp:featuredmedia":[{"embeddable":true,"href":"https:\/\/staging6.peach-pump.com\/en\/wp-json\/wp\/v2\/media\/77927"}],"wp:attachment":[{"href":"https:\/\/staging6.peach-pump.com\/en\/wp-json\/wp\/v2\/media?parent=78278"}],"wp:term":[{"taxonomy":"product_brand","embeddable":true,"href":"https:\/\/staging6.peach-pump.com\/en\/wp-json\/wp\/v2\/product_brand?post=78278"},{"taxonomy":"product_cat","embeddable":true,"href":"https:\/\/staging6.peach-pump.com\/en\/wp-json\/wp\/v2\/product_cat?post=78278"},{"taxonomy":"product_tag","embeddable":true,"href":"https:\/\/staging6.peach-pump.com\/en\/wp-json\/wp\/v2\/product_tag?post=78278"}],"curies":[{"name":"wp","href":"https:\/\/api.w.org\/{rel}","templated":true}]}}