{"id":78382,"date":"2024-05-14T21:12:35","date_gmt":"2024-05-14T19:12:35","guid":{"rendered":"https:\/\/staging6.peach-pump.com\/products\/crop-top-roz-hanorac\/"},"modified":"2025-10-08T17:34:54","modified_gmt":"2025-10-08T15:34:54","slug":"crop-top-roz-hanorac","status":"publish","type":"product","link":"https:\/\/staging6.peach-pump.com\/ro\/products\/crop-top-roz-hanorac\/","title":{"rendered":"Hanorac crop top sport roz cu broderie moale"},"content":{"rendered":"<p>Hanorac crop top sport roz cu m\u00e2neci largi, din bumbac 100%. Acest model de bluz\u0103 sport la mod\u0103 are o despic\u0103tur\u0103 pe un um\u0103r, broderie 3D spectaculoas\u0103 cu litere moi. Poate fi purtat peste hainele de sport la sala de sport sau \u00een timpul unei plimb\u0103ri. Comoditate \u0219i libertate de mi\u0219care.<\/p>\n<ul>\n<li>Despic\u0103tur\u0103 pe um\u0103r<\/li>\n<li>Broderie 3D eficient\u0103 cu litere moi<\/li>\n<li>Crop Top<\/li>\n<li>M\u00e2neci largi<\/li>\n<li>Dimensiune universal\u0103<\/li>\n<\/ul>\n<p>Compozi\u021bie: 100% bumbac<\/p>\n<p>Hanoracul poate fi sp\u0103lat p\u00e2n\u0103 la 30 de grade, v\u0103 rug\u0103m s\u0103 nu folosi\u021bi \u00een\u0103lbitor sau cur\u0103\u021bare uscat\u0103.<\/p>\n<p>Modelul din imagine are o \u00een\u0103l\u021bime de 178, c\u00e2nt\u0103re\u0219te 54 kg.<\/p>\n<p>&nbsp;<\/p>\n","protected":false},"excerpt":{"rendered":"<p>Hanorac crop top sport roz cu m\u00e2neci largi, din bumbac 100%. Acest model de bluz\u0103 sport la mod\u0103 are o despic\u0103tur\u0103 pe un um\u0103r, broderie 3D spectaculoas\u0103 cu litere moi. Poate fi purtat peste hainele de sport la sala de sport sau \u00een timpul unei plimb\u0103ri. Comoditate \u0219i libertate de mi\u0219care. Despic\u0103tur\u0103 pe um\u0103r Broderie [&hellip;]<\/p>\n","protected":false},"featured_media":77710,"comment_status":"open","ping_status":"closed","template":"","meta":[],"product_brand":[],"product_cat":[1115,365],"product_tag":[],"class_list":{"0":"post-78382","1":"product","2":"type-product","3":"status-publish","4":"has-post-thumbnail","6":"product_cat-hanorace-dama-hoodie","7":"product_cat-tricouri-sport-femei","8":"pa_cviat-roz-ro","9":"pa_razmer-one-size-ro","10":"inventories-world","11":"inventories-uk","13":"first","14":"instock","15":"taxable","16":"shipping-taxable","17":"purchasable","18":"product-type-variable"},"_links":{"self":[{"href":"https:\/\/staging6.peach-pump.com\/ro\/wp-json\/wp\/v2\/product\/78382","targetHints":{"allow":["GET"]}}],"collection":[{"href":"https:\/\/staging6.peach-pump.com\/ro\/wp-json\/wp\/v2\/product"}],"about":[{"href":"https:\/\/staging6.peach-pump.com\/ro\/wp-json\/wp\/v2\/types\/product"}],"replies":[{"embeddable":true,"href":"https:\/\/staging6.peach-pump.com\/ro\/wp-json\/wp\/v2\/comments?post=78382"}],"version-history":[{"count":0,"href":"https:\/\/staging6.peach-pump.com\/ro\/wp-json\/wp\/v2\/product\/78382\/revisions"}],"wp:featuredmedia":[{"embeddable":true,"href":"https:\/\/staging6.peach-pump.com\/ro\/wp-json\/wp\/v2\/media\/77710"}],"wp:attachment":[{"href":"https:\/\/staging6.peach-pump.com\/ro\/wp-json\/wp\/v2\/media?parent=78382"}],"wp:term":[{"taxonomy":"product_brand","embeddable":true,"href":"https:\/\/staging6.peach-pump.com\/ro\/wp-json\/wp\/v2\/product_brand?post=78382"},{"taxonomy":"product_cat","embeddable":true,"href":"https:\/\/staging6.peach-pump.com\/ro\/wp-json\/wp\/v2\/product_cat?post=78382"},{"taxonomy":"product_tag","embeddable":true,"href":"https:\/\/staging6.peach-pump.com\/ro\/wp-json\/wp\/v2\/product_tag?post=78382"}],"curies":[{"name":"wp","href":"https:\/\/api.w.org\/{rel}","templated":true}]}}