{"id":82602,"date":"2024-06-25T12:28:11","date_gmt":"2024-06-25T10:28:11","guid":{"rendered":"https:\/\/staging6.peach-pump.com\/products\/colanti-albastri-charleston-modelatori\/"},"modified":"2025-11-08T17:12:53","modified_gmt":"2025-11-08T15:12:53","slug":"colanti-albastri-charleston-modelatori","status":"publish","type":"product","link":"https:\/\/staging6.peach-pump.com\/ro\/products\/colanti-albastri-charleston-modelatori\/","title":{"rendered":"Colan\u021bi alba\u0219tri Charleston cu efect de modelare"},"content":{"rendered":"<p>Colan\u021bi alba\u0219tri Charleston f\u0103r\u0103 cus\u0103turi cu efect de modelare \u0219i ridicare Peach Pump. Acest model sculpteaz\u0103 silueta prin alungirea picioarelor \u0219i prin str\u00e2ngerea taliei. Foarte la mod\u0103 \u0219i spectaculos pentru acest sezon. \u00cei pute\u021bi combina cu o bustier\u0103 din noua noastr\u0103 colec\u021bie. \u021aes\u0103tura colan\u021bilor este respirabil\u0103, foarte elastic\u0103 \u0219i \u00eendep\u0103rteaz\u0103 umezeala de pe corp, oferindu-v\u0103 libertate complet\u0103 de mi\u0219care, l\u0103s\u00e2ndu-v\u0103 s\u0103 v\u0103 sim\u021bi\u021bi \u00eencrez\u0103toare \u0219i sexy. Potrivi\u021bi pentru antrenament sau o plimbare \u00een parc.<\/p>\n<ul>\n<li>Crac larg tip Charleston<\/li>\n<li>F\u0103r\u0103 cus\u0103tur\u0103 \u00een fa\u021b\u0103<\/li>\n<li>Modeleaz\u0103 \u0219i ascunde zonele cu probleme<\/li>\n<li>\u021aes\u0103tur\u0103 elastic\u0103<\/li>\n<li>Efect Peachy<\/li>\n<li>Logo Peach Pump sigilat termic pe partea din spate a colan\u021bilor<\/li>\n<li>Inscrip\u021bie Peach Pump \u00een fa\u021ba coapsei<\/li>\n<li>\u021aes\u0103tur\u0103 care \u00eendep\u0103rteaz\u0103 umezeala de pe corp<\/li>\n<li>Design interesant<\/li>\n<li>Talie \u00eenalt\u0103<\/li>\n<\/ul>\n<p>Compozi\u021bie: 80% poliester 20% spandex.<\/p>\n<p>Model 1: \u00een imagine are 167 cm \u00een\u0103l\u021bime, c\u00e2nt\u0103re\u0219te 52 kg \u0219i pozeaz\u0103 \u00een m\u0103rimea S.<\/p>\n<p>Model 2: \u00een imagine are 178 cm \u00een\u0103l\u021bime, c\u00e2nt\u0103re\u0219te 56 kg \u0219i pozeaz\u0103 \u00een m\u0103rimea M.<\/p>\n<p>Colan\u021bii pot fi sp\u0103la\u021bi p\u00e2n\u0103 la 30 de grade, v\u0103 rug\u0103m s\u0103 nu folosi\u021bi \u00een\u0103lbitor sau cur\u0103\u021bare uscat\u0103.<\/p>\n<p>V\u0103 rug\u0103m s\u0103 utiliza\u021bi tabelele pentru a selecta dimensiunea exact\u0103.<\/p>\n<p>&nbsp;<\/p>\n","protected":false},"excerpt":{"rendered":"<p>Colan\u021bi alba\u0219tri Charleston f\u0103r\u0103 cus\u0103turi cu efect de modelare \u0219i ridicare Peach Pump. Acest model sculpteaz\u0103 silueta prin alungirea picioarelor \u0219i prin str\u00e2ngerea taliei. Foarte la mod\u0103 \u0219i spectaculos pentru acest sezon. \u00cei pute\u021bi combina cu o bustier\u0103 din noua noastr\u0103 colec\u021bie. \u021aes\u0103tura colan\u021bilor este respirabil\u0103, foarte elastic\u0103 \u0219i \u00eendep\u0103rteaz\u0103 umezeala de pe corp, oferindu-v\u0103 [&hellip;]<\/p>\n","protected":false},"featured_media":81975,"comment_status":"open","ping_status":"closed","template":"","meta":[],"product_brand":[],"product_cat":[146,310],"product_tag":[],"class_list":{"0":"post-82602","1":"product","2":"type-product","3":"status-publish","4":"has-post-thumbnail","6":"product_cat-colanti-de-dama-sport","7":"product_cat-colanti-pentru-femei-lungi","8":"pa_cviat-albastru","9":"pa_razmer-m-ro","10":"pa_razmer-s-ro-2","11":"inventories-world","12":"inventories-uk","14":"first","15":"instock","16":"taxable","17":"shipping-taxable","18":"purchasable","19":"product-type-variable"},"_links":{"self":[{"href":"https:\/\/staging6.peach-pump.com\/ro\/wp-json\/wp\/v2\/product\/82602","targetHints":{"allow":["GET"]}}],"collection":[{"href":"https:\/\/staging6.peach-pump.com\/ro\/wp-json\/wp\/v2\/product"}],"about":[{"href":"https:\/\/staging6.peach-pump.com\/ro\/wp-json\/wp\/v2\/types\/product"}],"replies":[{"embeddable":true,"href":"https:\/\/staging6.peach-pump.com\/ro\/wp-json\/wp\/v2\/comments?post=82602"}],"version-history":[{"count":0,"href":"https:\/\/staging6.peach-pump.com\/ro\/wp-json\/wp\/v2\/product\/82602\/revisions"}],"wp:featuredmedia":[{"embeddable":true,"href":"https:\/\/staging6.peach-pump.com\/ro\/wp-json\/wp\/v2\/media\/81975"}],"wp:attachment":[{"href":"https:\/\/staging6.peach-pump.com\/ro\/wp-json\/wp\/v2\/media?parent=82602"}],"wp:term":[{"taxonomy":"product_brand","embeddable":true,"href":"https:\/\/staging6.peach-pump.com\/ro\/wp-json\/wp\/v2\/product_brand?post=82602"},{"taxonomy":"product_cat","embeddable":true,"href":"https:\/\/staging6.peach-pump.com\/ro\/wp-json\/wp\/v2\/product_cat?post=82602"},{"taxonomy":"product_tag","embeddable":true,"href":"https:\/\/staging6.peach-pump.com\/ro\/wp-json\/wp\/v2\/product_tag?post=82602"}],"curies":[{"name":"wp","href":"https:\/\/api.w.org\/{rel}","templated":true}]}}