{"id":84836,"date":"2024-06-25T10:51:40","date_gmt":"2024-06-25T08:51:40","guid":{"rendered":"https:\/\/staging6.peach-pump.com\/products\/bustiera-sport-albastra-inscriptii-2\/"},"modified":"2025-11-04T12:53:39","modified_gmt":"2025-11-04T10:53:39","slug":"bustiera-sport-albastra-inscriptii-2","status":"publish","type":"product","link":"https:\/\/staging6.peach-pump.com\/ro\/products\/bustiera-sport-albastra-inscriptii-2\/","title":{"rendered":"Bustier\u0103 sport albastr\u0103 cu litere Peach Pump Y"},"content":{"rendered":"<p>Bustier\u0103 sport albastr\u0103 cu efect Super Push-Up c\u0103ptu\u0219it care poate fi \u00eendep\u0103rtat. Acest model bustier\u0103 are o pomp\u0103 Peach Pump &#8220;Y&#8221; pe fa\u021b\u0103 \u0219i un spate \u00eencruci\u0219at cu curele reglabile. \u021aes\u0103tura este extrem de moale \u0219i elastic\u0103, elimin\u0103 umezeala de pe corp , are un elastic larg sub bust, iar \u00eenchiderea din spate este \u00een trei trepte. Modelul este confortabil pentru alergare, yoga, fitness, pilates \u0219i orice fel de sport sau pentru uzura de zi cu zi, bustul dvs. va fi fixat \u0219i v\u0103 ve\u021bi sim\u021bi confortabil \u0219i sigur.<\/p>\n<ul>\n<li>C\u0103ptu\u0219eal\u0103 care poate fi \u00eendep\u0103rtat\u0103<\/li>\n<li>Efect Push-Up<\/li>\n<li>Spate \u00eencruci\u0219at cu bretele reglabile<\/li>\n<li>Elastic sub bust cu \u00eenchidere \u00een 3 trepte<\/li>\n<li>Logo Peach Pump sigilat termic<\/li>\n<li>&#8220;Y&#8221; inscrip\u021bie Peach Pump \u00een fa\u021b\u0103<\/li>\n<li>\u021aes\u0103tur\u0103 care \u00eendep\u0103rteaz\u0103 umezeala de pe corp<\/li>\n<\/ul>\n<p>Compozi\u021bie: 70% poliester 30% spandex<\/p>\n<p>Bustiera poate fi sp\u0103lat\u0103 la temperaturi de p\u00e2n\u0103 la 30 de grade, v\u0103 rug\u0103m s\u0103 nu folosi\u021bi \u00een\u0103lbitor sau cur\u0103\u021bare uscat\u0103.<\/p>\n<p>Modelul din fotografie are o \u00een\u0103l\u021bime de 167 m, c\u00e2nt\u0103re\u0219te 53 kg \u0219i pozeaz\u0103 \u00een m\u0103rimea S.<\/p>\n<p>V\u0103 rug\u0103m s\u0103 utiliza\u021bi tabelele pentru a selecta dimensiunea exact\u0103.<\/p>\n<p><a href=\"https:\/\/staging6.peach-pump.com\/wp-content\/uploads\/2024\/06\/Sport-Bras-Peach-Pump-size-chart-800x800.jpg\"><img loading=\"lazy\" decoding=\"async\" class=\"alignnone wp-image-80917 \" src=\"https:\/\/staging6.peach-pump.com\/wp-content\/uploads\/2024\/06\/Sport-Bras-Peach-Pump-size-chart-800x800.jpg\" alt=\"\" width=\"537\" height=\"537\" srcset=\"https:\/\/staging6.peach-pump.com\/wp-content\/uploads\/2024\/06\/Sport-Bras-Peach-Pump-size-chart-800x800.jpg 800w, https:\/\/staging6.peach-pump.com\/wp-content\/uploads\/2024\/06\/Sport-Bras-Peach-Pump-size-chart-480x480.jpg 480w, https:\/\/staging6.peach-pump.com\/wp-content\/uploads\/2024\/06\/Sport-Bras-Peach-Pump-size-chart-1000x1000.jpg 1000w, https:\/\/staging6.peach-pump.com\/wp-content\/uploads\/2024\/06\/Sport-Bras-Peach-Pump-size-chart-300x300.jpg 300w, https:\/\/staging6.peach-pump.com\/wp-content\/uploads\/2024\/06\/Sport-Bras-Peach-Pump-size-chart-150x150.jpg 150w, https:\/\/staging6.peach-pump.com\/wp-content\/uploads\/2024\/06\/Sport-Bras-Peach-Pump-size-chart-768x768.jpg 768w, https:\/\/staging6.peach-pump.com\/wp-content\/uploads\/2024\/06\/Sport-Bras-Peach-Pump-size-chart-990x990.jpg 990w, https:\/\/staging6.peach-pump.com\/wp-content\/uploads\/2024\/06\/Sport-Bras-Peach-Pump-size-chart-441x441.jpg 441w, https:\/\/staging6.peach-pump.com\/wp-content\/uploads\/2024\/06\/Sport-Bras-Peach-Pump-size-chart-100x100.jpg 100w, https:\/\/staging6.peach-pump.com\/wp-content\/uploads\/2024\/06\/Sport-Bras-Peach-Pump-size-chart-64x64.jpg 64w, https:\/\/staging6.peach-pump.com\/wp-content\/uploads\/2024\/06\/Sport-Bras-Peach-Pump-size-chart.jpg 1080w\" sizes=\"auto, (max-width: 537px) 100vw, 537px\" \/><\/a><\/p>\n","protected":false},"excerpt":{"rendered":"<p>Bustier\u0103 sport albastr\u0103 cu efect Super Push-Up c\u0103ptu\u0219it care poate fi \u00eendep\u0103rtat. Acest model bustier\u0103 are o pomp\u0103 Peach Pump &#8220;Y&#8221; pe fa\u021b\u0103 \u0219i un spate \u00eencruci\u0219at cu curele reglabile. \u021aes\u0103tura este extrem de moale \u0219i elastic\u0103, elimin\u0103 umezeala de pe corp , are un elastic larg sub bust, iar \u00eenchiderea din spate este \u00een [&hellip;]<\/p>\n","protected":false},"featured_media":83519,"comment_status":"open","ping_status":"closed","template":"","meta":[],"product_brand":[],"product_cat":[366],"product_tag":[],"class_list":{"0":"post-84836","1":"product","2":"type-product","3":"status-publish","4":"has-post-thumbnail","6":"product_cat-sutiene-sport-pentru-femei","7":"pa_cviat-albastru","8":"pa_razmer-l-ro-2","9":"pa_razmer-m-ro","10":"pa_razmer-s-ro-2","11":"inventories-world","12":"inventories-uk","14":"first","15":"instock","16":"taxable","17":"shipping-taxable","18":"purchasable","19":"product-type-variable"},"_links":{"self":[{"href":"https:\/\/staging6.peach-pump.com\/ro\/wp-json\/wp\/v2\/product\/84836","targetHints":{"allow":["GET"]}}],"collection":[{"href":"https:\/\/staging6.peach-pump.com\/ro\/wp-json\/wp\/v2\/product"}],"about":[{"href":"https:\/\/staging6.peach-pump.com\/ro\/wp-json\/wp\/v2\/types\/product"}],"replies":[{"embeddable":true,"href":"https:\/\/staging6.peach-pump.com\/ro\/wp-json\/wp\/v2\/comments?post=84836"}],"version-history":[{"count":0,"href":"https:\/\/staging6.peach-pump.com\/ro\/wp-json\/wp\/v2\/product\/84836\/revisions"}],"wp:featuredmedia":[{"embeddable":true,"href":"https:\/\/staging6.peach-pump.com\/ro\/wp-json\/wp\/v2\/media\/83519"}],"wp:attachment":[{"href":"https:\/\/staging6.peach-pump.com\/ro\/wp-json\/wp\/v2\/media?parent=84836"}],"wp:term":[{"taxonomy":"product_brand","embeddable":true,"href":"https:\/\/staging6.peach-pump.com\/ro\/wp-json\/wp\/v2\/product_brand?post=84836"},{"taxonomy":"product_cat","embeddable":true,"href":"https:\/\/staging6.peach-pump.com\/ro\/wp-json\/wp\/v2\/product_cat?post=84836"},{"taxonomy":"product_tag","embeddable":true,"href":"https:\/\/staging6.peach-pump.com\/ro\/wp-json\/wp\/v2\/product_tag?post=84836"}],"curies":[{"name":"wp","href":"https:\/\/api.w.org\/{rel}","templated":true}]}}