{"id":86231,"date":"2024-07-16T11:46:20","date_gmt":"2024-07-16T09:46:20","guid":{"rendered":"https:\/\/staging6.peach-pump.com\/products\/colanti-negri-fara-cusaturi-modelatori\/"},"modified":"2025-11-10T18:46:52","modified_gmt":"2025-11-10T16:46:52","slug":"colanti-negri-fara-cusaturi-modelatori","status":"publish","type":"product","link":"https:\/\/staging6.peach-pump.com\/ro\/products\/colanti-negri-fara-cusaturi-modelatori\/","title":{"rendered":"Colan\u021bi negri f\u0103r\u0103 cus\u0103turi cu efect de modelare"},"content":{"rendered":"<p>Colan\u021bi negri f\u0103r\u0103 cus\u0103turi cu talie \u00eenalt\u0103 \u0219i efect modelator. Modelul este fabricat din \u021bes\u0103tur\u0103 str\u00e2ns\u0103, respirabil\u0103, modeleaz\u0103 perfect corpul cu efect Peach Pump.  Sunt potrivi\u021bi at\u00e2t pentru antrenamentul de for\u021b\u0103, c\u00e2t \u0219i pentru antrenamentul aerobic. Colan\u021bii au o centur\u0103 lat\u0103 care str\u00e2nge u\u0219or \u0219i sculpteaz\u0103 talia, disponibili \u00een mai multe culori frumoase.<\/p>\n<ul>\n<li> Talie \u00eenalt\u0103<\/li>\n<li> \u021aes\u0103tur\u0103 f\u0103r\u0103 cus\u0103turi<\/li>\n<li> Ridic\u0103, modeleaz\u0103, ascunde zonele cu probleme<\/li>\n<li> Centur\u0103 rips care str\u00e2nge talia<\/li>\n<li> Efect Peachy<\/li>\n<li> F\u0103r\u0103 cus\u0103tur\u0103 \u00een fa\u021b\u0103<\/li>\n<li> Logo Peach Pump sigilat termic pe partea din spate a colan\u021bilor<\/li>\n<li> Inscrip\u021bie Peach Pump pe glezn\u0103<\/li>\n<li> \u021aes\u0103tur\u0103 care nu re\u021bine umezeala \u00een corp<\/li>\n<\/ul>\n<p>Compozi\u021bie: 80% poliester 20% spandex<\/p>\n<p>Colan\u021bii pot fi sp\u0103la\u021bi la o temperatur\u0103 de p\u00e2n\u0103 la 30 de grade, v\u0103 rug\u0103m s\u0103 nu folosi\u021bi \u00een\u0103lbitor sau cur\u0103\u021bare uscat\u0103.<\/p>\n<p>Modelul din imagine are 178 cm \u00een\u0103l\u021bime, c\u00e2nt\u0103re\u0219te 54 kg \u0219i pozeaz\u0103 \u00een m\u0103rimea M (colan\u021bii au o \u021bes\u0103tur\u0103 mai str\u00e2mt\u0103).<\/p>\n<p>V\u0103 rug\u0103m s\u0103 utiliza\u021bi tabelele pentru a selecta dimensiunea exact\u0103.<\/p>\n<p>&nbsp;<\/p>\n","protected":false},"excerpt":{"rendered":"<p>Colan\u021bi negri f\u0103r\u0103 cus\u0103turi cu talie \u00eenalt\u0103 \u0219i efect modelator. Modelul este fabricat din \u021bes\u0103tur\u0103 str\u00e2ns\u0103, respirabil\u0103, modeleaz\u0103 perfect corpul cu efect Peach Pump. Sunt potrivi\u021bi at\u00e2t pentru antrenamentul de for\u021b\u0103, c\u00e2t \u0219i pentru antrenamentul aerobic. Colan\u021bii au o centur\u0103 lat\u0103 care str\u00e2nge u\u0219or \u0219i sculpteaz\u0103 talia, disponibili \u00een mai multe culori frumoase. Talie \u00eenalt\u0103 [&hellip;]<\/p>\n","protected":false},"featured_media":84952,"comment_status":"open","ping_status":"closed","template":"","meta":[],"product_brand":[],"product_cat":[146,310],"product_tag":[],"class_list":{"0":"post-86231","1":"product","2":"type-product","3":"status-publish","4":"has-post-thumbnail","6":"product_cat-colanti-de-dama-sport","7":"product_cat-colanti-pentru-femei-lungi","8":"pa_cviat-negru","9":"pa_razmer-l-ro-2","10":"pa_razmer-m-ro","11":"pa_razmer-s-ro-2","12":"pa_razmer-xl-ro","13":"inventories-world","14":"inventories-uk","16":"first","17":"instock","18":"taxable","19":"shipping-taxable","20":"purchasable","21":"product-type-variable"},"_links":{"self":[{"href":"https:\/\/staging6.peach-pump.com\/en\/wp-json\/wp\/v2\/product\/86231","targetHints":{"allow":["GET"]}}],"collection":[{"href":"https:\/\/staging6.peach-pump.com\/en\/wp-json\/wp\/v2\/product"}],"about":[{"href":"https:\/\/staging6.peach-pump.com\/en\/wp-json\/wp\/v2\/types\/product"}],"replies":[{"embeddable":true,"href":"https:\/\/staging6.peach-pump.com\/en\/wp-json\/wp\/v2\/comments?post=86231"}],"version-history":[{"count":0,"href":"https:\/\/staging6.peach-pump.com\/en\/wp-json\/wp\/v2\/product\/86231\/revisions"}],"wp:featuredmedia":[{"embeddable":true,"href":"https:\/\/staging6.peach-pump.com\/en\/wp-json\/wp\/v2\/media\/84952"}],"wp:attachment":[{"href":"https:\/\/staging6.peach-pump.com\/en\/wp-json\/wp\/v2\/media?parent=86231"}],"wp:term":[{"taxonomy":"product_brand","embeddable":true,"href":"https:\/\/staging6.peach-pump.com\/en\/wp-json\/wp\/v2\/product_brand?post=86231"},{"taxonomy":"product_cat","embeddable":true,"href":"https:\/\/staging6.peach-pump.com\/en\/wp-json\/wp\/v2\/product_cat?post=86231"},{"taxonomy":"product_tag","embeddable":true,"href":"https:\/\/staging6.peach-pump.com\/en\/wp-json\/wp\/v2\/product_tag?post=86231"}],"curies":[{"name":"wp","href":"https:\/\/api.w.org\/{rel}","templated":true}]}}