{"id":87694,"date":"2024-08-27T13:25:44","date_gmt":"2024-08-27T11:25:44","guid":{"rendered":"https:\/\/staging6.peach-pump.com\/products\/bustiera-roz-curele-albe\/"},"modified":"2025-11-06T20:35:48","modified_gmt":"2025-11-06T18:35:48","slug":"bustiera-roz-bretele-albe","status":"publish","type":"product","link":"https:\/\/staging6.peach-pump.com\/ro\/products\/bustiera-roz-bretele-albe\/","title":{"rendered":"Bustier\u0103 roz cu bretele albe"},"content":{"rendered":"<p>Bustier\u0103 sport roz cu bretele albe \u0219i c\u0103ptu\u0219eal\u0103 Push Up. Acest model este confec\u021bionat din \u021bes\u0103tur\u0103 elastic\u0103 \u0219i respirabil\u0103, care elimin\u0103 umezeala de pe corp \u0219i v\u0103 ofer\u0103 libertate total\u0103 de mi\u0219care \u00een timpul antrenamentelor. C\u0103ptu\u0219eala bustierei este deta\u0219abil\u0103 \u0219i are un logo &#8220;Peach Pump&#8221; termosigilat \u00een fa\u021b\u0103. Poate fi asortat\u0103 cu un colant scurt \u00een acela\u0219i model sau cu un colant lung de culoare solid\u0103. O ofert\u0103 proasp\u0103t\u0103 care v\u0103 va face s\u0103 v\u0103 sim\u021bi\u021bi frumoas\u0103 \u0219i sexy.     Pentru Bustier\u0103: <\/p>\n<ul>\n<li> C\u0103ptu\u0219eal\u0103 , deta\u0219abil\u0103<\/li>\n<li> Efect Push-Up<\/li>\n<li> Elasticitate mare<\/li>\n<li> Logo Peach Pump sigilat termic \u00een partea din fa\u021b\u0103 a bustierei<\/li>\n<li> \u021aes\u0103tur\u0103 care elimin\u0103 umezeala de pe corp<\/li>\n<\/ul>\n<p> Compozi\u021bie: 80% poliester 20% spandex. Sutienul poate fi sp\u0103lat la temperaturi de p\u00e2n\u0103 la 30 de grade, se recomand\u0103 s\u0103 se \u00eentoarc\u0103 pe dos la sp\u0103lare, v\u0103 rug\u0103m s\u0103 nu folosi\u021bi \u00een\u0103lbitor sau cur\u0103\u021bare uscat\u0103. Modelul din imagine are 180 cm \u00een\u0103l\u021bime, c\u00e2nt\u0103re\u0219te 56 kg \u0219i pozeaz\u0103 cu o bustier\u0103 m\u0103rimea S.  V\u0103 rug\u0103m s\u0103 utiliza\u021bi tabelele pentru a selecta dimensiunea exact\u0103. &nbsp;<\/p>\n<p><a href=\"https:\/\/staging6.peach-pump.com\/wp-content\/uploads\/2024\/06\/Sport-Bras-Peach-Pump-size-chart-800x800.jpg\"><img loading=\"lazy\" decoding=\"async\" class=\"alignnone wp-image-80917 \" src=\"https:\/\/staging6.peach-pump.com\/wp-content\/uploads\/2024\/06\/Sport-Bras-Peach-Pump-size-chart-800x800.jpg\" alt=\"\" width=\"524\" height=\"524\" srcset=\"https:\/\/staging6.peach-pump.com\/wp-content\/uploads\/2024\/06\/Sport-Bras-Peach-Pump-size-chart-800x800.jpg 800w, https:\/\/staging6.peach-pump.com\/wp-content\/uploads\/2024\/06\/Sport-Bras-Peach-Pump-size-chart-480x480.jpg 480w, https:\/\/staging6.peach-pump.com\/wp-content\/uploads\/2024\/06\/Sport-Bras-Peach-Pump-size-chart-1000x1000.jpg 1000w, https:\/\/staging6.peach-pump.com\/wp-content\/uploads\/2024\/06\/Sport-Bras-Peach-Pump-size-chart-300x300.jpg 300w, https:\/\/staging6.peach-pump.com\/wp-content\/uploads\/2024\/06\/Sport-Bras-Peach-Pump-size-chart-150x150.jpg 150w, https:\/\/staging6.peach-pump.com\/wp-content\/uploads\/2024\/06\/Sport-Bras-Peach-Pump-size-chart-768x768.jpg 768w, https:\/\/staging6.peach-pump.com\/wp-content\/uploads\/2024\/06\/Sport-Bras-Peach-Pump-size-chart-990x990.jpg 990w, https:\/\/staging6.peach-pump.com\/wp-content\/uploads\/2024\/06\/Sport-Bras-Peach-Pump-size-chart-441x441.jpg 441w, https:\/\/staging6.peach-pump.com\/wp-content\/uploads\/2024\/06\/Sport-Bras-Peach-Pump-size-chart-100x100.jpg 100w, https:\/\/staging6.peach-pump.com\/wp-content\/uploads\/2024\/06\/Sport-Bras-Peach-Pump-size-chart-64x64.jpg 64w, https:\/\/staging6.peach-pump.com\/wp-content\/uploads\/2024\/06\/Sport-Bras-Peach-Pump-size-chart.jpg 1080w\" sizes=\"auto, (max-width: 524px) 100vw, 524px\" \/><\/a><\/p>\n","protected":false},"excerpt":{"rendered":"<p>Bustier\u0103 sport roz cu bretele albe \u0219i c\u0103ptu\u0219eal\u0103 Push Up. Acest model este confec\u021bionat din \u021bes\u0103tur\u0103 elastic\u0103 \u0219i respirabil\u0103, care elimin\u0103 umezeala de pe corp \u0219i v\u0103 ofer\u0103 libertate total\u0103 de mi\u0219care \u00een timpul antrenamentelor. C\u0103ptu\u0219eala bustierei este deta\u0219abil\u0103 \u0219i are un logo &#8220;Peach Pump&#8221; termosigilat \u00een fa\u021b\u0103. Poate fi asortat\u0103 cu un colant scurt [&hellip;]<\/p>\n","protected":false},"featured_media":86543,"comment_status":"open","ping_status":"closed","template":"","meta":[],"product_brand":[],"product_cat":[366],"product_tag":[],"class_list":{"0":"post-87694","1":"product","2":"type-product","3":"status-publish","4":"has-post-thumbnail","6":"product_cat-sutiene-sport-pentru-femei","7":"pa_cviat-roz-ro","8":"pa_razmer-l-ro-2","9":"pa_razmer-m-ro","10":"pa_razmer-s-ro-2","11":"inventories-world","12":"inventories-uk","14":"first","15":"instock","16":"taxable","17":"shipping-taxable","18":"purchasable","19":"product-type-variable"},"_links":{"self":[{"href":"https:\/\/staging6.peach-pump.com\/ro\/wp-json\/wp\/v2\/product\/87694","targetHints":{"allow":["GET"]}}],"collection":[{"href":"https:\/\/staging6.peach-pump.com\/ro\/wp-json\/wp\/v2\/product"}],"about":[{"href":"https:\/\/staging6.peach-pump.com\/ro\/wp-json\/wp\/v2\/types\/product"}],"replies":[{"embeddable":true,"href":"https:\/\/staging6.peach-pump.com\/ro\/wp-json\/wp\/v2\/comments?post=87694"}],"version-history":[{"count":0,"href":"https:\/\/staging6.peach-pump.com\/ro\/wp-json\/wp\/v2\/product\/87694\/revisions"}],"wp:featuredmedia":[{"embeddable":true,"href":"https:\/\/staging6.peach-pump.com\/ro\/wp-json\/wp\/v2\/media\/86543"}],"wp:attachment":[{"href":"https:\/\/staging6.peach-pump.com\/ro\/wp-json\/wp\/v2\/media?parent=87694"}],"wp:term":[{"taxonomy":"product_brand","embeddable":true,"href":"https:\/\/staging6.peach-pump.com\/ro\/wp-json\/wp\/v2\/product_brand?post=87694"},{"taxonomy":"product_cat","embeddable":true,"href":"https:\/\/staging6.peach-pump.com\/ro\/wp-json\/wp\/v2\/product_cat?post=87694"},{"taxonomy":"product_tag","embeddable":true,"href":"https:\/\/staging6.peach-pump.com\/ro\/wp-json\/wp\/v2\/product_tag?post=87694"}],"curies":[{"name":"wp","href":"https:\/\/api.w.org\/{rel}","templated":true}]}}