{"id":87722,"date":"2024-08-27T21:55:46","date_gmt":"2024-08-27T19:55:46","guid":{"rendered":"https:\/\/staging6.peach-pump.com\/products\/jambiere-scurte-negre-cusaturi-albe\/"},"modified":"2025-10-22T16:35:16","modified_gmt":"2025-10-22T14:35:16","slug":"jambiere-scurte-negre-cusaturi-albe","status":"publish","type":"product","link":"https:\/\/staging6.peach-pump.com\/ro\/products\/jambiere-scurte-negre-cusaturi-albe\/","title":{"rendered":"Jambiere scurte negre cu cus\u0103turi albe"},"content":{"rendered":"<p>Pantaloni scur\u021bi booty negri cu cus\u0103turi albe.<br \/>\nAcest model de jambiere are o elasticitate mare, modeleaz\u0103 frumos \u0219i este fabricat dintr-o \u021bes\u0103tur\u0103 care nu re\u021bine umezeala \u00een corp.<br \/>\nAre un u\u0219or efect piersic\u0103 \u00een partea din spate.   Poate fi combinat\u0103 cu o bustier\u0103 cu acela\u0219i model, consulta\u021bi sec\u021biunea &#8220;Colan\u021bi scur\u021bi Sportswear&#8221;.  <\/p>\n<ul>\n<li>Ridic\u0103, modeleaz\u0103, ascunde zonele cu probleme<\/li>\n<li>F\u0103r\u0103 cus\u0103tur\u0103 \u00een fa\u021b\u0103<\/li>\n<li>Logo Peach Pump sigilat termic pe partea din spate a colan\u021bilor<\/li>\n<li>Logo sigilat termic pe partea lateral\u0103 a coapsei<\/li>\n<li>\u021aes\u0103tur\u0103 care nu re\u021bine umezeala \u00een corp<\/li>\n<\/ul>\n<p>  Compozi\u021bie: 80% poliester 20% spandex Cuiul poate fi sp\u0103lat p\u00e2n\u0103 la 30 de grade, se recomand\u0103 inversarea la sp\u0103lare , v\u0103 rug\u0103m s\u0103 nu folosi\u021bi \u00een\u0103lbitor sau cur\u0103\u021bare uscat\u0103.<br \/>\nModelul din imagine are 180 \u00een\u0103l\u021bime, c\u00e2nt\u0103re\u0219te 56 kg \u0219i pozeaz\u0103 \u00een m\u0103rimea M. V\u0103 rug\u0103m s\u0103 folosi\u021bi graficele pentru a alege dimensiunea exact\u0103.   &nbsp;<\/p>\n<p><a href=\"https:\/\/staging6.peach-pump.com\/wp-content\/uploads\/2024\/06\/Elastic-models-Peach-Pump-size-chart.jpg\"><img loading=\"lazy\" decoding=\"async\" class=\"alignnone wp-image-80867 \" src=\"https:\/\/staging6.peach-pump.com\/wp-content\/uploads\/2024\/06\/Elastic-models-Peach-Pump-size-chart.jpg\" alt=\"\" width=\"675\" height=\"506\" srcset=\"https:\/\/staging6.peach-pump.com\/wp-content\/uploads\/2024\/06\/Elastic-models-Peach-Pump-size-chart.jpg 1024w, https:\/\/staging6.peach-pump.com\/wp-content\/uploads\/2024\/06\/Elastic-models-Peach-Pump-size-chart-480x360.jpg 480w, https:\/\/staging6.peach-pump.com\/wp-content\/uploads\/2024\/06\/Elastic-models-Peach-Pump-size-chart-1000x750.jpg 1000w, https:\/\/staging6.peach-pump.com\/wp-content\/uploads\/2024\/06\/Elastic-models-Peach-Pump-size-chart-400x300.jpg 400w, https:\/\/staging6.peach-pump.com\/wp-content\/uploads\/2024\/06\/Elastic-models-Peach-Pump-size-chart-768x576.jpg 768w, https:\/\/staging6.peach-pump.com\/wp-content\/uploads\/2024\/06\/Elastic-models-Peach-Pump-size-chart-990x743.jpg 990w, https:\/\/staging6.peach-pump.com\/wp-content\/uploads\/2024\/06\/Elastic-models-Peach-Pump-size-chart-441x331.jpg 441w, https:\/\/staging6.peach-pump.com\/wp-content\/uploads\/2024\/06\/Elastic-models-Peach-Pump-size-chart-150x113.jpg 150w, https:\/\/staging6.peach-pump.com\/wp-content\/uploads\/2024\/06\/Elastic-models-Peach-Pump-size-chart-64x48.jpg 64w\" sizes=\"auto, (max-width: 675px) 100vw, 675px\" \/><\/a><\/p>\n","protected":false},"excerpt":{"rendered":"<p>Pantaloni scur\u021bi booty negri cu cus\u0103turi albe. Acest model de jambiere are o elasticitate mare, modeleaz\u0103 frumos \u0219i este fabricat dintr-o \u021bes\u0103tur\u0103 care nu re\u021bine umezeala \u00een corp. Are un u\u0219or efect piersic\u0103 \u00een partea din spate. Poate fi combinat\u0103 cu o bustier\u0103 cu acela\u0219i model, consulta\u021bi sec\u021biunea &#8220;Colan\u021bi scur\u021bi Sportswear&#8221;. Ridic\u0103, modeleaz\u0103, ascunde zonele [&hellip;]<\/p>\n","protected":false},"featured_media":86989,"comment_status":"open","ping_status":"closed","template":"","meta":[],"product_brand":[],"product_cat":[146,202],"product_tag":[],"class_list":{"0":"post-87722","1":"product","2":"type-product","3":"status-publish","4":"has-post-thumbnail","6":"product_cat-colanti-de-dama-sport","7":"product_cat-colanti-scurti-dama","8":"pa_cviat-negru","9":"pa_razmer-l-ro-2","10":"pa_razmer-m-ro","11":"pa_razmer-s-ro-2","12":"inventories-world","13":"inventories-uk","15":"first","16":"instock","17":"taxable","18":"shipping-taxable","19":"purchasable","20":"product-type-variable"},"_links":{"self":[{"href":"https:\/\/staging6.peach-pump.com\/ro\/wp-json\/wp\/v2\/product\/87722","targetHints":{"allow":["GET"]}}],"collection":[{"href":"https:\/\/staging6.peach-pump.com\/ro\/wp-json\/wp\/v2\/product"}],"about":[{"href":"https:\/\/staging6.peach-pump.com\/ro\/wp-json\/wp\/v2\/types\/product"}],"replies":[{"embeddable":true,"href":"https:\/\/staging6.peach-pump.com\/ro\/wp-json\/wp\/v2\/comments?post=87722"}],"version-history":[{"count":0,"href":"https:\/\/staging6.peach-pump.com\/ro\/wp-json\/wp\/v2\/product\/87722\/revisions"}],"wp:featuredmedia":[{"embeddable":true,"href":"https:\/\/staging6.peach-pump.com\/ro\/wp-json\/wp\/v2\/media\/86989"}],"wp:attachment":[{"href":"https:\/\/staging6.peach-pump.com\/ro\/wp-json\/wp\/v2\/media?parent=87722"}],"wp:term":[{"taxonomy":"product_brand","embeddable":true,"href":"https:\/\/staging6.peach-pump.com\/ro\/wp-json\/wp\/v2\/product_brand?post=87722"},{"taxonomy":"product_cat","embeddable":true,"href":"https:\/\/staging6.peach-pump.com\/ro\/wp-json\/wp\/v2\/product_cat?post=87722"},{"taxonomy":"product_tag","embeddable":true,"href":"https:\/\/staging6.peach-pump.com\/ro\/wp-json\/wp\/v2\/product_tag?post=87722"}],"curies":[{"name":"wp","href":"https:\/\/api.w.org\/{rel}","templated":true}]}}