{"id":87726,"date":"2024-08-27T22:49:40","date_gmt":"2024-08-27T20:49:40","guid":{"rendered":"https:\/\/staging6.peach-pump.com\/products\/set-sport-roz-cusaturi-albe\/"},"modified":"2025-07-02T10:45:20","modified_gmt":"2025-07-02T08:45:20","slug":"set-sport-roz-cusaturi-albe","status":"publish","type":"product","link":"https:\/\/staging6.peach-pump.com\/ro\/products\/set-sport-roz-cusaturi-albe\/","title":{"rendered":"Set sport roz cu cus\u0103turi albe"},"content":{"rendered":"<p>Set roz sport din colan\u021bi scur\u021bi \u0219i bustier\u0103 cu cus\u0103turi albe. Setul este format din: o bustier\u0103 sport cu bretele albe \u0219i c\u0103ptu\u0219eal\u0103 Push Up care poate fi \u00eendep\u0103rtat\u0103, are logo-ul &#8220;Peach Pump&#8221; termosigilat pe fa\u021b\u0103 \u0219i un colant scurt tip &#8220;Booty shorts&#8221; cu cus\u0103turi albe. Acest model de colan\u021bi are o elasticitate mare, modeleaz\u0103 frumos \u0219i este fabricat dintr-o \u021bes\u0103tur\u0103 care nu re\u021bine umezeala. Are un u\u0219or efect Peach \u00een partea din spate. O propunere fresh care te va face s\u0103 te sim\u021bi frumoas\u0103 \u0219i sexy.    <\/p>\n<p>Pentru Bustier\u0103:<\/p>\n<ul>\n<li> C\u0103ptu\u0219eal\u0103 , deta\u0219abil\u0103<\/li>\n<li> Efect Push-Up<\/li>\n<li> Elasticitate mare<\/li>\n<li> Logo Peach Pump sigilat termic \u00een partea din fa\u021b\u0103 a bustierei<\/li>\n<li>  \u021aes\u0103tur\u0103 care evacueaz\u0103 umezeala de pe corp<\/li>\n<\/ul>\n<p>Despre colan\u021bi:<\/p>\n<ul>\n<li>Ridic\u0103, modeleaz\u0103, ascunde zonele cu probleme<\/li>\n<li>F\u0103r\u0103 cus\u0103tur\u0103 \u00een fa\u021b\u0103<\/li>\n<li>Logo Peach Pump sigilat termic pe partea din spate a colan\u021bilor<\/li>\n<li>Logo sigilat termic pe partea lateral\u0103 a coapsei<\/li>\n<li>\u021aes\u0103tur\u0103 care nu re\u021bine umezeala \u00een corp<\/li>\n<\/ul>\n<p>Compozi\u021bie: 80% poliester 20% spandex<\/p>\n<p>Echipa poate fi sp\u0103lat\u0103 la temperaturi de p\u00e2n\u0103 la 30 de grade, este recomandabil s\u0103 inversa\u021bi atunci c\u00e2nd sp\u0103la\u021bi, v\u0103 rug\u0103m s\u0103 nu folosi\u021bi \u00een\u0103lbitor sau cur\u0103\u021bare uscat\u0103. Modelul din imagine are 180 cm \u00een\u0103l\u021bime, c\u00e2nt\u0103re\u0219te 56 kg \u0219i pozeaz\u0103 \u00een bustier\u0103 m\u0103rimea S \u0219i jambiere m\u0103rimea M.<\/p>\n<p>V\u0103 rug\u0103m s\u0103 utiliza\u021bi tabelele pentru a selecta dimensiunea exact\u0103.<\/p>\n<p>&nbsp;<\/p>\n","protected":false},"excerpt":{"rendered":"<p>Set roz sport din colan\u021bi scur\u021bi \u0219i bustier\u0103 cu cus\u0103turi albe. Setul este format din: o bustier\u0103 sport cu bretele albe \u0219i c\u0103ptu\u0219eal\u0103 Push Up care poate fi \u00eendep\u0103rtat\u0103, are logo-ul &#8220;Peach Pump&#8221; termosigilat pe fa\u021b\u0103 \u0219i un colant scurt tip &#8220;Booty shorts&#8221; cu cus\u0103turi albe. Acest model de colan\u021bi are o elasticitate mare, modeleaz\u0103 [&hellip;]<\/p>\n","protected":false},"featured_media":87037,"comment_status":"open","ping_status":"closed","template":"","meta":[],"product_brand":[],"product_cat":[368,367],"product_tag":[],"class_list":{"0":"post-87726","1":"product","2":"type-product","3":"status-publish","4":"has-post-thumbnail","6":"product_cat-seturi-colanti-scurti-dama","7":"product_cat-seturi-de-trening-pentru-femei","8":"pa_cviat-roz-ro","9":"inventories-world","10":"inventories-uk","12":"first","13":"instock","14":"virtual","15":"taxable","16":"purchasable","17":"product-type-yith_bundle"},"_links":{"self":[{"href":"https:\/\/staging6.peach-pump.com\/en\/wp-json\/wp\/v2\/product\/87726","targetHints":{"allow":["GET"]}}],"collection":[{"href":"https:\/\/staging6.peach-pump.com\/en\/wp-json\/wp\/v2\/product"}],"about":[{"href":"https:\/\/staging6.peach-pump.com\/en\/wp-json\/wp\/v2\/types\/product"}],"replies":[{"embeddable":true,"href":"https:\/\/staging6.peach-pump.com\/en\/wp-json\/wp\/v2\/comments?post=87726"}],"version-history":[{"count":0,"href":"https:\/\/staging6.peach-pump.com\/en\/wp-json\/wp\/v2\/product\/87726\/revisions"}],"wp:featuredmedia":[{"embeddable":true,"href":"https:\/\/staging6.peach-pump.com\/en\/wp-json\/wp\/v2\/media\/87037"}],"wp:attachment":[{"href":"https:\/\/staging6.peach-pump.com\/en\/wp-json\/wp\/v2\/media?parent=87726"}],"wp:term":[{"taxonomy":"product_brand","embeddable":true,"href":"https:\/\/staging6.peach-pump.com\/en\/wp-json\/wp\/v2\/product_brand?post=87726"},{"taxonomy":"product_cat","embeddable":true,"href":"https:\/\/staging6.peach-pump.com\/en\/wp-json\/wp\/v2\/product_cat?post=87726"},{"taxonomy":"product_tag","embeddable":true,"href":"https:\/\/staging6.peach-pump.com\/en\/wp-json\/wp\/v2\/product_tag?post=87726"}],"curies":[{"name":"wp","href":"https:\/\/api.w.org\/{rel}","templated":true}]}}